{"id":27709,"date":"2023-01-13T14:05:34","date_gmt":"2023-01-13T14:05:34","guid":{"rendered":"https:\/\/www.mysexualfantasy.eu\/?post_type=product&#038;p=27709"},"modified":"2023-12-06T16:57:58","modified_gmt":"2023-12-06T16:57:58","slug":"darkness-pluma-estimuladora-rojo-42cm","status":"publish","type":"product","link":"https:\/\/www.mysexualfantasy.eu\/en\/product\/darkness-pluma-estimuladora-rojo-42cm\/","title":{"rendered":"DARKNESS &#8211; PLUMA ESTIMULADORA ROJO 42CM"},"content":{"rendered":"<p>El juego de sensaciones er\u00f3ticas es una clase de actividades que est\u00e1n hechas para impartir sensaciones f\u00edsicas en la pareja.<\/p>\n<p>Muchas personas consiguen que las cosquillas hechas con plumas sean una experiencia placentera y puede formar parte de un juego previo muy er\u00f3tico.<\/p>\n<p>Las plumas son \u00fanicas y har\u00e1n cosquillas a todos tus sentidos para obtener una experiencia inolvidable.<\/p>\n<p>Mide 42 cm, incluyendo un mango para su f\u00e1cil agarre. Ser quien est\u00e9 atado, entonces este ser\u00e1 el regalo perfecto para su maestro o maestra.<\/p>\n<ul>\n<li>Color Rojo\u00a0<\/li>\n<\/ul>\n<p><strong>LA MARCA<\/strong><\/p>\n<p>Darkness es una marca de nueva generaci\u00f3n 2020, todos nuestros materiales son de excelente calidad asegurando que la fabricaci\u00f3n compromete un resultado perfecto para principiantes o avanzados que le gusta el mundo Fetish o bdsm.<\/p>\n<p style=\"text-align: center;\">\u00a0<\/p>","protected":false},"excerpt":{"rendered":"<p>DARKNESS &#8211; RED FEATHER 42CM<\/p>","protected":false},"featured_media":64710,"comment_status":"open","ping_status":"closed","template":"","meta":{"_monsterinsights_skip_tracking":false,"_monsterinsights_sitenote_active":false,"_monsterinsights_sitenote_note":"","_monsterinsights_sitenote_category":0,"_joinchat":[]},"product_brand":[],"product_cat":[1323,1175,1422,1178,1398,1152,1196,1166,1399],"product_tag":[],"class_list":{"0":"post-27709","1":"product","2":"type-product","3":"status-publish","4":"has-post-thumbnail","6":"product_cat-moda-lencerialenceria-mujeraccesorios","7":"product_cat-bdsm-bondage","8":"product_cat-moda-lencerialenceria-mujeraccesoriosboas-y-plumas","9":"product_cat-bdsm-bondage-bondage","10":"product_cat-bdsm-bondage-bondagecollares","11":"product_cat-juguetes-bienestar","12":"product_cat-moda-lencerialenceria-mujer","13":"product_cat-moda-lenceria","14":"product_cat-bdsm-bondage-bondageplumas","15":"yith_product_brand-darkness","16":"yith_product_brand-darknessdarkness-sensations","18":"first","19":"instock","20":"taxable","21":"shipping-taxable","22":"purchasable","23":"product-type-simple"},"aioseo_notices":[],"_links":{"self":[{"href":"https:\/\/www.mysexualfantasy.eu\/en\/wp-json\/wp\/v2\/product\/27709","targetHints":{"allow":["GET"]}}],"collection":[{"href":"https:\/\/www.mysexualfantasy.eu\/en\/wp-json\/wp\/v2\/product"}],"about":[{"href":"https:\/\/www.mysexualfantasy.eu\/en\/wp-json\/wp\/v2\/types\/product"}],"replies":[{"embeddable":true,"href":"https:\/\/www.mysexualfantasy.eu\/en\/wp-json\/wp\/v2\/comments?post=27709"}],"wp:featuredmedia":[{"embeddable":true,"href":"https:\/\/www.mysexualfantasy.eu\/en\/wp-json\/wp\/v2\/media\/64710"}],"wp:attachment":[{"href":"https:\/\/www.mysexualfantasy.eu\/en\/wp-json\/wp\/v2\/media?parent=27709"}],"wp:term":[{"taxonomy":"product_brand","embeddable":true,"href":"https:\/\/www.mysexualfantasy.eu\/en\/wp-json\/wp\/v2\/product_brand?post=27709"},{"taxonomy":"product_cat","embeddable":true,"href":"https:\/\/www.mysexualfantasy.eu\/en\/wp-json\/wp\/v2\/product_cat?post=27709"},{"taxonomy":"product_tag","embeddable":true,"href":"https:\/\/www.mysexualfantasy.eu\/en\/wp-json\/wp\/v2\/product_tag?post=27709"}],"curies":[{"name":"wp","href":"https:\/\/api.w.org\/{rel}","templated":true}]}}