{"id":27780,"date":"2023-01-13T14:05:42","date_gmt":"2023-01-13T14:05:42","guid":{"rendered":"https:\/\/www.mysexualfantasy.eu\/?post_type=product&#038;p=27780"},"modified":"2023-12-06T16:25:13","modified_gmt":"2023-12-06T16:25:13","slug":"darkness-pinzas-para-pezones-con-pompones-2","status":"publish","type":"product","link":"https:\/\/www.mysexualfantasy.eu\/en\/product\/darkness-pinzas-para-pezones-con-pompones-2\/","title":{"rendered":"DARKNESS &#8211; PINZAS PARA PEZONES CON POMPONES 2"},"content":{"rendered":"<p>Pinzas para pezones totalmente ajustables para \u00e9l o ella. Dispone de suaves almohadillas suaves para mayor comodidad y que se puede quitar. Vienen decoradas con dos elegantes pompones.<\/p>\n<p>Los ajustes de tensi\u00f3n son perfectos para la estimulaci\u00f3n del pez\u00f3n, as\u00ed como muchas otras \u00e1reas sensibles.<\/p>\n<p>El mejor complemento para tu juego de bondage.<\/p>\n<ul>\n<li>Fabricado en metal libre de n\u00edquel.<\/li>\n<\/ul>\n<p><strong>LA MARCA\u00a0<\/strong><\/p>\n<p>Darkness es una marca de nueva generaci\u00f3n 2020, todos nuestros materiales son de excelente calidad asegurando que la fabricaci\u00f3n compromete un resultado perfecto para principiantes o avanzados que le gusta el mundo Fetish o bdsm.<\/p>\n<p style=\"text-align: center;\">\u00a0<\/p>","protected":false},"excerpt":{"rendered":"<p>DARKNESS &#8211; FUR NIPPLE CLAMS<\/p>","protected":false},"featured_media":64729,"comment_status":"open","ping_status":"closed","template":"","meta":{"_monsterinsights_skip_tracking":false,"_monsterinsights_sitenote_active":false,"_monsterinsights_sitenote_note":"","_monsterinsights_sitenote_category":0,"_joinchat":[]},"product_brand":[],"product_cat":[1176,1175,1152,1180],"product_tag":[],"class_list":{"0":"post-27780","1":"product","2":"type-product","3":"status-publish","4":"has-post-thumbnail","6":"product_cat-bdsm-bondage-articulos-bdsm","7":"product_cat-bdsm-bondage","8":"product_cat-juguetes-bienestar","9":"product_cat-bdsm-bondage-articulos-bdsmpinzas-pezones-bdsm","10":"yith_product_brand-darkness","11":"yith_product_brand-darknessdarkness-sensations","13":"first","14":"instock","15":"taxable","16":"shipping-taxable","17":"purchasable","18":"product-type-simple"},"aioseo_notices":[],"_links":{"self":[{"href":"https:\/\/www.mysexualfantasy.eu\/en\/wp-json\/wp\/v2\/product\/27780","targetHints":{"allow":["GET"]}}],"collection":[{"href":"https:\/\/www.mysexualfantasy.eu\/en\/wp-json\/wp\/v2\/product"}],"about":[{"href":"https:\/\/www.mysexualfantasy.eu\/en\/wp-json\/wp\/v2\/types\/product"}],"replies":[{"embeddable":true,"href":"https:\/\/www.mysexualfantasy.eu\/en\/wp-json\/wp\/v2\/comments?post=27780"}],"wp:featuredmedia":[{"embeddable":true,"href":"https:\/\/www.mysexualfantasy.eu\/en\/wp-json\/wp\/v2\/media\/64729"}],"wp:attachment":[{"href":"https:\/\/www.mysexualfantasy.eu\/en\/wp-json\/wp\/v2\/media?parent=27780"}],"wp:term":[{"taxonomy":"product_brand","embeddable":true,"href":"https:\/\/www.mysexualfantasy.eu\/en\/wp-json\/wp\/v2\/product_brand?post=27780"},{"taxonomy":"product_cat","embeddable":true,"href":"https:\/\/www.mysexualfantasy.eu\/en\/wp-json\/wp\/v2\/product_cat?post=27780"},{"taxonomy":"product_tag","embeddable":true,"href":"https:\/\/www.mysexualfantasy.eu\/en\/wp-json\/wp\/v2\/product_tag?post=27780"}],"curies":[{"name":"wp","href":"https:\/\/api.w.org\/{rel}","templated":true}]}}