{"id":27799,"date":"2023-01-13T13:19:25","date_gmt":"2023-01-13T13:19:25","guid":{"rendered":"https:\/\/www.mysexualfantasy.eu\/?post_type=product&#038;p=27799"},"modified":"2023-12-06T16:22:18","modified_gmt":"2023-12-06T16:22:18","slug":"darkness-esposas-y-collar-de-cuero-negro","status":"publish","type":"product","link":"https:\/\/www.mysexualfantasy.eu\/en\/product\/darkness-esposas-y-collar-de-cuero-negro\/","title":{"rendered":"DARKNESS &#8211; ESPOSAS Y COLLAR DE CUERO NEGRO"},"content":{"rendered":"<p>Est\u00e1 buscando una combinaci\u00f3n de collar, esposas y correa que le sirva para todo y que sea lo suficientemente fuerte como para resistir los juegos m\u00e1s intensos? No busque m\u00e1s. \u00a1El collar y las esposas de cuero de Darkenes son c\u00f3modos, pero tambi\u00e9n son incre\u00edblemente seguros y disponen de correas de piel de primera calidad con un elegante pespunte a lo largo de las mismas! Con las correas para las esposas y con los cierres de presi\u00f3n para el collar, ajustar su tama\u00f1o es muy sencillo y se adapta a casi cualquier talla. El clip en los soportes de cadena y los<\/p>\n<ul>\n<li>Fabricado en CUERO\u00a0leather altamente resistente.<\/li>\n<\/ul>\n<p><strong>LA MARCA<\/strong><\/p>\n<p>Darkness es una marca de nueva generaci\u00f3n 2020, todos nuestros materiales son de excelente calidad asegurando que la fabricaci\u00f3n compromete un resultado perfecto para principiantes o avanzados que le gusta el mundo Fetish o bdsm.<\/p>\n<p style=\"text-align: center;\">\u00a0<\/p>","protected":false},"excerpt":{"rendered":"<p>DARKNESS &#8211; LEATHER AND HANDCUFFS BLACK<\/p>","protected":false},"featured_media":58044,"comment_status":"open","ping_status":"closed","template":"","meta":{"_monsterinsights_skip_tracking":false,"_monsterinsights_sitenote_active":false,"_monsterinsights_sitenote_note":"","_monsterinsights_sitenote_category":0,"_joinchat":[]},"product_brand":[],"product_cat":[1175,1178,1398,1395,1152,1185,1247,1179],"product_tag":[],"class_list":{"0":"post-27799","1":"product","2":"type-product","3":"status-publish","4":"has-post-thumbnail","6":"product_cat-bdsm-bondage","7":"product_cat-bdsm-bondage-bondage","8":"product_cat-bdsm-bondage-bondagecollares","9":"product_cat-bdsm-bondage-bondageesposas","10":"product_cat-juguetes-bienestar","11":"product_cat-juguetes-bienestar-kits-juguetes-sexuales","12":"product_cat-juguetes-bienestar-mascaras-y-esposas","13":"product_cat-bdsm-bondage-bondagesets-bondage","14":"yith_product_brand-darkness","15":"yith_product_brand-darknessdarkness-bondage","17":"first","18":"instock","19":"taxable","20":"shipping-taxable","21":"purchasable","22":"product-type-simple"},"aioseo_notices":[],"_links":{"self":[{"href":"https:\/\/www.mysexualfantasy.eu\/en\/wp-json\/wp\/v2\/product\/27799","targetHints":{"allow":["GET"]}}],"collection":[{"href":"https:\/\/www.mysexualfantasy.eu\/en\/wp-json\/wp\/v2\/product"}],"about":[{"href":"https:\/\/www.mysexualfantasy.eu\/en\/wp-json\/wp\/v2\/types\/product"}],"replies":[{"embeddable":true,"href":"https:\/\/www.mysexualfantasy.eu\/en\/wp-json\/wp\/v2\/comments?post=27799"}],"wp:featuredmedia":[{"embeddable":true,"href":"https:\/\/www.mysexualfantasy.eu\/en\/wp-json\/wp\/v2\/media\/58044"}],"wp:attachment":[{"href":"https:\/\/www.mysexualfantasy.eu\/en\/wp-json\/wp\/v2\/media?parent=27799"}],"wp:term":[{"taxonomy":"product_brand","embeddable":true,"href":"https:\/\/www.mysexualfantasy.eu\/en\/wp-json\/wp\/v2\/product_brand?post=27799"},{"taxonomy":"product_cat","embeddable":true,"href":"https:\/\/www.mysexualfantasy.eu\/en\/wp-json\/wp\/v2\/product_cat?post=27799"},{"taxonomy":"product_tag","embeddable":true,"href":"https:\/\/www.mysexualfantasy.eu\/en\/wp-json\/wp\/v2\/product_tag?post=27799"}],"curies":[{"name":"wp","href":"https:\/\/api.w.org\/{rel}","templated":true}]}}