{"id":27827,"date":"2023-01-13T11:36:41","date_gmt":"2023-01-13T11:36:41","guid":{"rendered":"https:\/\/www.mysexualfantasy.eu\/?post_type=product&#038;p=27827"},"modified":"2023-12-06T15:23:50","modified_gmt":"2023-12-06T15:23:50","slug":"fetish-submissive-arnes-doble-penetracion-vibrador-flesh-up","status":"publish","type":"product","link":"https:\/\/www.mysexualfantasy.eu\/en\/product\/fetish-submissive-arnes-doble-penetracion-vibrador-flesh-up\/","title":{"rendered":"FETISH SUBMISSIVE HARNESS &#8211; DOBLE PENETRACI\u00d3N VIBRADOR FLESH UP"},"content":{"rendered":"<p>Arn\u00e9s doble penetraci\u00f3n ajustable a cualquier talla de cadera, incluso las m\u00e1s grandes. El dildo est\u00e1 fabricado en silicona de primera calidad.<\/p>\n<p>La silicona de grado medico certificada hipoalerg\u00e9nica destaca por su tacto sedoso y su excelente capacidad de deslizamiento. Para que puedas disfrutar de tu nuevo amigo durante mucho tiempo, es recomendable que utilices un lubricante a base de agua waterfeel en tus juegos m\u00e1s h\u00famedos. As\u00ed proteges el material y la superficie se mantiene sedosa. Puedes lavar tu juguete muy f\u00e1cilmente con agua y un jab\u00f3n suave. Para una higiene m\u00e1s minuciosa, utiliza tambi\u00e9n un limpiador desinfectante especial para juguetes sexuales como Waterfeel o Nina kik\u00ed toy cleaner.<\/p>\n<p>El resto de materiales que componen el arn\u00e9s es Abs con detalles de Metal.<\/p>\n<ul>\n<li>Ambos dildos tienen una longitud de15 cm el mayor y 8 cm el menor.<\/li>\n<li>Talla \u00fanica, se adapta a todos.<\/li>\n<li>Ligera inclilnaci\u00f3n superior para una estimulaci\u00f3n diferente.<\/li>\n<li>10 modos de vibraci\u00f3n de suave a fuerte que aumentan la sensaci\u00f3n de placer<\/li>\n<li>Sumergible \/ Apto para la ducha o Spa categoria IPX6<\/li>\n<li>Recargable<\/li>\n<\/ul>\n<p>Dise\u00f1ado espec\u00edficamente para mujeres que desean realizar penetraciones, sobre hombres o mujeres indistintamente.<\/p>","protected":false},"excerpt":{"rendered":"<p>FETISH SUBMISSIVE HARNESS &#8211; DOUBLE PENETRATION FLESH UP VIBRATOR<\/p>","protected":false},"featured_media":36387,"comment_status":"open","ping_status":"closed","template":"","meta":{"_monsterinsights_skip_tracking":false,"_monsterinsights_sitenote_active":false,"_monsterinsights_sitenote_note":"","_monsterinsights_sitenote_category":0,"_joinchat":[]},"product_brand":[],"product_cat":[1173,1279,1280,1152],"product_tag":[],"class_list":{"0":"post-27827","1":"product","2":"type-product","3":"status-publish","4":"has-post-thumbnail","6":"product_cat-juguetes-bienestar-arneses","7":"product_cat-juguetes-bienestar-arnesesarneses-con-vibracion","8":"product_cat-juguetes-bienestar-arnesesarneses-dobles","9":"product_cat-juguetes-bienestar","10":"yith_product_brand-fetish-submissive","11":"yith_product_brand-fetish-submissivefetish-submissive-harness","13":"first","14":"instock","15":"taxable","16":"shipping-taxable","17":"purchasable","18":"product-type-simple"},"aioseo_notices":[],"_links":{"self":[{"href":"https:\/\/www.mysexualfantasy.eu\/en\/wp-json\/wp\/v2\/product\/27827","targetHints":{"allow":["GET"]}}],"collection":[{"href":"https:\/\/www.mysexualfantasy.eu\/en\/wp-json\/wp\/v2\/product"}],"about":[{"href":"https:\/\/www.mysexualfantasy.eu\/en\/wp-json\/wp\/v2\/types\/product"}],"replies":[{"embeddable":true,"href":"https:\/\/www.mysexualfantasy.eu\/en\/wp-json\/wp\/v2\/comments?post=27827"}],"wp:featuredmedia":[{"embeddable":true,"href":"https:\/\/www.mysexualfantasy.eu\/en\/wp-json\/wp\/v2\/media\/36387"}],"wp:attachment":[{"href":"https:\/\/www.mysexualfantasy.eu\/en\/wp-json\/wp\/v2\/media?parent=27827"}],"wp:term":[{"taxonomy":"product_brand","embeddable":true,"href":"https:\/\/www.mysexualfantasy.eu\/en\/wp-json\/wp\/v2\/product_brand?post=27827"},{"taxonomy":"product_cat","embeddable":true,"href":"https:\/\/www.mysexualfantasy.eu\/en\/wp-json\/wp\/v2\/product_cat?post=27827"},{"taxonomy":"product_tag","embeddable":true,"href":"https:\/\/www.mysexualfantasy.eu\/en\/wp-json\/wp\/v2\/product_tag?post=27827"}],"curies":[{"name":"wp","href":"https:\/\/api.w.org\/{rel}","templated":true}]}}