{"id":27841,"date":"2023-01-13T11:35:38","date_gmt":"2023-01-13T11:35:38","guid":{"rendered":"https:\/\/www.mysexualfantasy.eu\/?post_type=product&#038;p=27841"},"modified":"2023-12-06T15:38:12","modified_gmt":"2023-12-06T15:38:12","slug":"coverme-dylan-anillo-recargable-10-velocidades-sumergible","status":"publish","type":"product","link":"https:\/\/www.mysexualfantasy.eu\/en\/product\/coverme-dylan-anillo-recargable-10-velocidades-sumergible\/","title":{"rendered":"COVERME &#8211; DYLAN ANILLO RECARGABLE COMPATIBLE CON WATCHME WIRELESS TECHNOLOGY"},"content":{"rendered":"<p>DYLAN; El anillo coverme es un gran amante de la mejor herramienta del hombre.\u00a0 El estimulador clitorial ruboriza a la mujer con un simple contacto.\u00a0 10 potentes modos de vibraci\u00f3n pulsando un simple bot\u00f3n de f\u00e1cil uso. La vibraci\u00f3n abraza el pene y lo transmite hasta el ultimo rinc\u00f3n de los test\u00edculos alcanzando el orgasmo como un gran premio.<\/p>\n<p>La silicona de grado medico certificada hipoalerg\u00e9nica destaca por su tacto sedoso y su excelente capacidad de deslizamiento. Para que puedas disfrutar de tu nuevo amigo durante mucho tiempo, es recomendable que utilices un lubricante a base de agua waterfeel en tus juegos m\u00e1s h\u00famedos. As\u00ed proteges el material y la superficie se mantiene sedosa. Puedes lavar tu juguete muy f\u00e1cilmente con agua y un jab\u00f3n suave. Para una higiene m\u00e1s minuciosa, utiliza tambi\u00e9n un limpiador desinfectante especial para juguetes sexuales como Waterfeel o Nina kik\u00ed toy cleaner.<\/p>\n<ul>\n<li>Retrasa la eyaculaci\u00f3n y potencia la erecci\u00f3n.<\/li>\n<li>Alto rendimiento;\u00a010 modos de vibraci\u00f3n.<\/li>\n<li>Completamente recargable; M\u00e1s potencia<\/li>\n<li>Fabricado con 100% silicona m\u00e9dica: respeta tu cuerpo<\/li>\n<li>Libre de ftalatos<\/li>\n<li>Silencioso, menos de 60 decibelios.<\/li>\n<li>Material seguro para el cuerpo<\/li>\n<li>Recargable v\u00eda USB (Cable incluido)<\/li>\n<li>Sumergible categor\u00eda IPX6\u00a0\/ Apto para la ducha o Spa<\/li>\n<li>Peso; 47\u00a0gramos<\/li>\n<\/ul>\n<p><strong>Coverme<\/strong>\u00a0ahora incluye la tecnolog\u00eda\u00a0<strong>Watchme<\/strong>\u00a0para ser controlados a distancia.<\/p>\n<p><strong>Cargar<\/strong><\/p>\n<p>El vibrador es recargable y permite un manejo c\u00f3modo, sin molestos cables. Antes de utilizarlo por primera vez, debes cargarlo completamente. Utiliza para ello el cable de carga USB incluido.\u00a0<\/p>\n<p><strong>Advertencia<\/strong>: el primer proceso de carga puede durar hasta tres horas.<\/p>\n<p><strong>Eliminaci\u00f3n<\/strong><\/p>\n<p>La eliminaci\u00f3n de aparatos electr\u00f3nicos debe realizarse seg\u00fan la normativa para residuos peligrosos vigente en la Uni\u00f3n Europea y en otros pa\u00edses europeos o seg\u00fan las reglamentaciones locales. Respeta las normativas de eliminaci\u00f3n de basuras<\/p>\n<p>Espec\u00edficas de tu pa\u00eds y, en caso de duda, pregunta a tu distribuidor sobre las opciones de eliminaci\u00f3n.<\/p>\n<p><strong>Contenido<\/strong><\/p>\n<p>Abrir una caja de productos COVERME es exclusividad. La satisfacci\u00f3n es nuestro objetivo, por ello hemos cuidado cada detalle.<\/p>\n<ul>\n<li>Dylan<\/li>\n<li>Cargador<\/li>\n<li>Cala deluxe<\/li>\n<\/ul>","protected":false},"excerpt":{"rendered":"<p>COVERME &#8211; DYLAN COCK RING RECHAGEABLE WATCHME WIRELESS TECHNOLOGY COMPATIBLE<\/p>","protected":false},"featured_media":31753,"comment_status":"open","ping_status":"closed","template":"","meta":{"_monsterinsights_skip_tracking":false,"_monsterinsights_sitenote_active":false,"_monsterinsights_sitenote_note":"","_monsterinsights_sitenote_category":0,"_joinchat":[]},"product_brand":[],"product_cat":[1170,1172,1171,1152,1160],"product_tag":[],"class_list":{"0":"post-27841","1":"product","2":"type-product","3":"status-publish","4":"has-post-thumbnail","6":"product_cat-juguetes-bienestar-juguetes-para-hombresaccesorios-para-el-pene","7":"product_cat-juguetes-bienestar-juguetes-para-hombresaccesorios-para-el-peneanillos-peneanillos-con-vibracion","8":"product_cat-juguetes-bienestar-juguetes-para-hombresaccesorios-para-el-peneanillos-pene","9":"product_cat-juguetes-bienestar","10":"product_cat-juguetes-bienestar-juguetes-para-hombres","11":"yith_product_brand-coverme","13":"first","14":"instock","15":"taxable","16":"shipping-taxable","17":"purchasable","18":"product-type-simple"},"aioseo_notices":[],"_links":{"self":[{"href":"https:\/\/www.mysexualfantasy.eu\/en\/wp-json\/wp\/v2\/product\/27841","targetHints":{"allow":["GET"]}}],"collection":[{"href":"https:\/\/www.mysexualfantasy.eu\/en\/wp-json\/wp\/v2\/product"}],"about":[{"href":"https:\/\/www.mysexualfantasy.eu\/en\/wp-json\/wp\/v2\/types\/product"}],"replies":[{"embeddable":true,"href":"https:\/\/www.mysexualfantasy.eu\/en\/wp-json\/wp\/v2\/comments?post=27841"}],"wp:featuredmedia":[{"embeddable":true,"href":"https:\/\/www.mysexualfantasy.eu\/en\/wp-json\/wp\/v2\/media\/31753"}],"wp:attachment":[{"href":"https:\/\/www.mysexualfantasy.eu\/en\/wp-json\/wp\/v2\/media?parent=27841"}],"wp:term":[{"taxonomy":"product_brand","embeddable":true,"href":"https:\/\/www.mysexualfantasy.eu\/en\/wp-json\/wp\/v2\/product_brand?post=27841"},{"taxonomy":"product_cat","embeddable":true,"href":"https:\/\/www.mysexualfantasy.eu\/en\/wp-json\/wp\/v2\/product_cat?post=27841"},{"taxonomy":"product_tag","embeddable":true,"href":"https:\/\/www.mysexualfantasy.eu\/en\/wp-json\/wp\/v2\/product_tag?post=27841"}],"curies":[{"name":"wp","href":"https:\/\/api.w.org\/{rel}","templated":true}]}}