{"id":27846,"date":"2023-01-13T12:03:46","date_gmt":"2023-01-13T12:03:46","guid":{"rendered":"https:\/\/www.mysexualfantasy.eu\/?post_type=product&#038;p=27846"},"modified":"2023-12-06T16:02:52","modified_gmt":"2023-12-06T16:02:52","slug":"coverme-taylor-vibrador-recargable-10-velocidades-flexible-y-sumergible","status":"publish","type":"product","link":"https:\/\/www.mysexualfantasy.eu\/en\/product\/coverme-taylor-vibrador-recargable-10-velocidades-flexible-y-sumergible\/","title":{"rendered":"COVERME &#8211; TAYLOR VIBRADOR COMPATIBLE CON WATCHME WIRELESS TECHNOLOGY"},"content":{"rendered":"<p>Estimulaci\u00f3n simultanea en cl\u00edtoris y punto G, cuerpo flexible con tacto sedoso de silicona tiene una perfecta habilidad de provocar orgasmos intensos. Puede parecer inocente pero detr\u00e1s de su apariencia se oculta un potente vibrador. Con dos potentes motores y 12 programas de vibraci\u00f3n te har\u00e1 sentir una completa mujer. \u00a0\u00a0<\/p>\n<p>La nueva serie de Juguetes Coverme son impermeables y puedes utilizarlo en zonas h\u00famedas.<\/p>\n<p>Las bater\u00edas de Coverme permiten recargarlo y respetar el medio ambiente. Est\u00e1n fabricados con bater\u00edas de Iones de Litio de nueva generaci\u00f3n. Si quieres recargar tu juguete en la red, puedes completar el cable USB con un enchufe convencional de 5 V.<\/p>\n<p>La silicona de grado medico certificada hipoalerg\u00e9nica destaca por su tacto sedoso y su excelente capacidad de deslizamiento. Para que puedas disfrutar de tu nuevo amigo durante mucho tiempo, es recomendable que utilices un lubricante a base de agua waterfeel en tus juegos m\u00e1s h\u00famedos. As\u00ed proteges el material y la superficie se mantiene sedosa. Puedes lavar tu juguete muy f\u00e1cilmente con agua y un jab\u00f3n suave. Para una higiene m\u00e1s minuciosa, utiliza tambi\u00e9n un limpiador desinfectante especial para juguetes sexuales como Waterfeel o Nina kik\u00ed toy cleaner.<\/p>\n<ul>\n<li>Ergon\u00f3mico tacto soft<\/li>\n<li>Estimulador Cli\u00edtoris y punto G simultaneamente<\/li>\n<li>Alto rendimiento;\u00a010 modos de vibraci\u00f3n.<\/li>\n<li>Completamente recargable; M\u00e1s potencia<\/li>\n<li>Fabricado con 100% silicona m\u00e9dica: respeta tu cuerpo<\/li>\n<li>Libre de ftalatos<\/li>\n<li>Silencioso, menos de 60 decibelios.<\/li>\n<li>Material seguro para el cuerpo<\/li>\n<li>Recargable v\u00eda USB (Cable incluido)<\/li>\n<li>Sumergible categor\u00eda IPX6\u00a0\/ Apto para la ducha o Spa<\/li>\n<li>Peso; 148 gramos<\/li>\n<li>Medidas; 189 x 40mm<\/li>\n<\/ul>\n<p><strong>Coverme<\/strong>\u00a0ahora incluye la tecnolog\u00eda\u00a0<strong>Watchme<\/strong>\u00a0para ser controlados a distancia.<\/p>\n<p><strong>Cargar<\/strong><\/p>\n<p>El vibrador es recargable y permite un manejo c\u00f3modo, sin molestos cables. Antes de utilizarlo por primera vez, debes cargarlo completamente. Utiliza para ello el cable de carga USB incluido.\u00a0<\/p>\n<p><strong>Advertencia<\/strong>: el primer proceso de carga puede durar hasta tres horas.<\/p>\n<p><strong>Eliminaci\u00f3n<\/strong><\/p>\n<p>La eliminaci\u00f3n de aparatos electr\u00f3nicos debe realizarse seg\u00fan la normativa para residuos peligrosos vigente en la Uni\u00f3n Europea y en otros pa\u00edses europeos o seg\u00fan las reglamentaciones locales. Respeta las normativas de eliminaci\u00f3n de basuras<\/p>\n<p>Espec\u00edficas de tu pa\u00eds y, en caso de duda, pregunta a tu distribuidor sobre las opciones de eliminaci\u00f3n.<\/p>\n<p><strong>Contenido<\/strong><\/p>\n<p>Abrir una caja de productos COVERME es exclusividad. La satisfacci\u00f3n es nuestro objetivo, por ello hemos cuidado cada detalle.<\/p>\n<ul>\n<li>Taylor<\/li>\n<li>Cargador<\/li>\n<li>Cala deluxe<\/li>\n<\/ul>","protected":false},"excerpt":{"rendered":"<p>COVERME -TAYLOR VIBRATOR WATCHME WIRELESS TECHNOLOGY COMPATIBLE<\/p>","protected":false},"featured_media":45282,"comment_status":"open","ping_status":"closed","template":"","meta":{"_monsterinsights_skip_tracking":false,"_monsterinsights_sitenote_active":false,"_monsterinsights_sitenote_note":"","_monsterinsights_sitenote_category":0,"_joinchat":[]},"product_brand":[],"product_cat":[1152,1155,1165,1309,1153,1154],"product_tag":[],"class_list":{"0":"post-27846","1":"product","2":"type-product","3":"status-publish","4":"has-post-thumbnail","6":"product_cat-juguetes-bienestar","7":"product_cat-juguetes-bienestar-juguetes-para-mujeres","8":"product_cat-juguetes-bienestar-juguetes-para-mujeresmasturbadores-para-ellas","9":"product_cat-juguetes-bienestar-juguetes-para-mujerespunto-g","10":"product_cat-juguetes-bienestar-vibradores","11":"product_cat-juguetes-bienestar-vibradoresvibradores-control-remoto","12":"yith_product_brand-coverme","14":"first","15":"instock","16":"taxable","17":"shipping-taxable","18":"purchasable","19":"product-type-simple"},"aioseo_notices":[],"_links":{"self":[{"href":"https:\/\/www.mysexualfantasy.eu\/en\/wp-json\/wp\/v2\/product\/27846","targetHints":{"allow":["GET"]}}],"collection":[{"href":"https:\/\/www.mysexualfantasy.eu\/en\/wp-json\/wp\/v2\/product"}],"about":[{"href":"https:\/\/www.mysexualfantasy.eu\/en\/wp-json\/wp\/v2\/types\/product"}],"replies":[{"embeddable":true,"href":"https:\/\/www.mysexualfantasy.eu\/en\/wp-json\/wp\/v2\/comments?post=27846"}],"wp:featuredmedia":[{"embeddable":true,"href":"https:\/\/www.mysexualfantasy.eu\/en\/wp-json\/wp\/v2\/media\/45282"}],"wp:attachment":[{"href":"https:\/\/www.mysexualfantasy.eu\/en\/wp-json\/wp\/v2\/media?parent=27846"}],"wp:term":[{"taxonomy":"product_brand","embeddable":true,"href":"https:\/\/www.mysexualfantasy.eu\/en\/wp-json\/wp\/v2\/product_brand?post=27846"},{"taxonomy":"product_cat","embeddable":true,"href":"https:\/\/www.mysexualfantasy.eu\/en\/wp-json\/wp\/v2\/product_cat?post=27846"},{"taxonomy":"product_tag","embeddable":true,"href":"https:\/\/www.mysexualfantasy.eu\/en\/wp-json\/wp\/v2\/product_tag?post=27846"}],"curies":[{"name":"wp","href":"https:\/\/api.w.org\/{rel}","templated":true}]}}