{"id":27859,"date":"2023-01-13T14:36:17","date_gmt":"2023-01-13T14:36:17","guid":{"rendered":"https:\/\/www.mysexualfantasy.eu\/?post_type=product&#038;p=27859"},"modified":"2023-12-06T16:02:55","modified_gmt":"2023-12-06T16:02:55","slug":"happy-loky-panty-vibrador-para-braguita-control-remoto","status":"publish","type":"product","link":"https:\/\/www.mysexualfantasy.eu\/en\/product\/happy-loky-panty-vibrador-para-braguita-control-remoto\/","title":{"rendered":"HAPPY LOKY &#8211; PANTY VIBRADOR PARA BRAGUITA CONTROL REMOTO"},"content":{"rendered":"<div>El Panty vibe control Remoto es un potente masajeador peque\u00f1o combinado con un controlador discreto y divertido para los aventureros que buscan placer.<\/div>\n<div>\n<p>El elegante y discreto controlador te facilita a ti o a tu amante controlar la intensidad de la vibraci\u00f3n con solo tocar un bot\u00f3n. Cuando sea o donde sea que la pasi\u00f3n te lleve, el rango de radio de 9 metros de este vibrador apasionado de panty y 12 intensas funciones de vibraci\u00f3n est\u00e1n listos para el juego.<\/p>\n<p>Usa el controlador discreto o el bot\u00f3n en la parte posterior de la braga para pasar a trav\u00e9s de 10 funciones de vibraci\u00f3n para una gran cantidad de intensidades y patrones para elegir. Ya sea que elijas mantener el control o dejes el placer en la mano de tu compa\u00f1ero, este poderoso Panty vibe seguramente te proporcionar\u00e1 una sensaci\u00f3n de temblor en las rodillas.<\/p>\n<p>Desde principiantes que se ruborizan hasta expertos en erotismo, esta feliz bala agrega vibraciones vers\u00e1tiles a cualquier caja de juguetes.<\/p>\n<p>Recarga tu pasi\u00f3n en menos de 1 hora con el cable USB provisto para hasta 90 minutos de vibraci\u00f3n a baja velocidad o 50 minutos de estimulaci\u00f3n de alta intensidad.<\/p>\n<p>\u00a1Coloca el vibrador en la braguita y desata la pasi\u00f3n!<\/p>\n<ul>\n<li>Control remoto<\/li>\n<li>Alto rendimiento;\u00a010 modos de vibraci\u00f3n.<\/li>\n<li>Completamente recargable; M\u00e1s potencia<\/li>\n<li>Fabricado con 100% silicona m\u00e9dica: respeta tu cuerpo<\/li>\n<li>Libre de ftalatos<\/li>\n<li>Silencioso, menos de 60 decibelios.<\/li>\n<li>Material seguro para el cuerpo<\/li>\n<li>Recargable v\u00eda USB (Cable incluido)<\/li>\n<li>Sumergible categor\u00eda IPX6 \/ Apto para la ducha o Spa<\/li>\n<li>Medida Total; 8 x 4cm<\/li>\n<\/ul>\n<p><strong>Cargar<\/strong><\/p>\n<p>El vibrador es recargable y permite un manejo c\u00f3modo, sin molestos cables. Antes de utilizarlo por primera vez, debes cargarlo completamente. Utiliza para ello el cable de carga USB incluido.\u00a0<\/p>\n<p><strong>Advertencia<\/strong>: el primer proceso de carga puede durar hasta tres horas.<\/p>\n<p><strong>Eliminaci\u00f3n<\/strong><\/p>\n<p>La eliminaci\u00f3n de aparatos electr\u00f3nicos debe realizarse seg\u00fan la normativa para residuos peligrosos vigente en la Uni\u00f3n Europea y en otros pa\u00edses europeos o seg\u00fan las reglamentaciones locales. Respeta las normativas de eliminaci\u00f3n de basuras<\/p>\n<p>Espec\u00edficas de tu pa\u00eds y, en caso de duda, pregunta a tu distribuidor sobre las opciones de eliminaci\u00f3n.<\/p>\n<\/div>\n<p style=\"text-align: center;\"><iframe allow=\"accelerometer; autoplay; encrypted-media; gyroscope; picture-in-picture\" allowfullscreen=\"\" frameborder=\"0\" height=\"300\" scrolling=\"no\" src=\"https:\/\/www.youtube.com\/embed\/NbTXDFlGhO4?controls=0\" width=\"800\"><\/iframe><\/p>","protected":false},"excerpt":{"rendered":"<p>HAPPY LOKY &#8211; PANTY VIBE REMOTE CONTROL<\/p>","protected":false},"featured_media":69431,"comment_status":"open","ping_status":"closed","template":"","meta":{"_monsterinsights_skip_tracking":false,"_monsterinsights_sitenote_active":false,"_monsterinsights_sitenote_note":"","_monsterinsights_sitenote_category":0,"_joinchat":[]},"product_brand":[],"product_cat":[1156,1152,1160,1155,1163,1168,1153,1154],"product_tag":[],"class_list":{"0":"post-27859","1":"product","2":"type-product","3":"status-publish","4":"has-post-thumbnail","6":"product_cat-juguetes-bienestar-juguetes-para-mujeresestimuladores","7":"product_cat-juguetes-bienestar","8":"product_cat-juguetes-bienestar-juguetes-para-hombres","9":"product_cat-juguetes-bienestar-juguetes-para-mujeres","10":"product_cat-juguetes-bienestar-juguetes-para-mujeresestimuladorespara-clitoris","11":"product_cat-juguetes-bienestar-juguetes-para-hombresvaginas-y-anos","12":"product_cat-juguetes-bienestar-vibradores","13":"product_cat-juguetes-bienestar-vibradoresvibradores-control-remoto","14":"yith_product_brand-happy-loky","16":"first","17":"instock","18":"taxable","19":"shipping-taxable","20":"purchasable","21":"product-type-simple"},"aioseo_notices":[],"_links":{"self":[{"href":"https:\/\/www.mysexualfantasy.eu\/en\/wp-json\/wp\/v2\/product\/27859","targetHints":{"allow":["GET"]}}],"collection":[{"href":"https:\/\/www.mysexualfantasy.eu\/en\/wp-json\/wp\/v2\/product"}],"about":[{"href":"https:\/\/www.mysexualfantasy.eu\/en\/wp-json\/wp\/v2\/types\/product"}],"replies":[{"embeddable":true,"href":"https:\/\/www.mysexualfantasy.eu\/en\/wp-json\/wp\/v2\/comments?post=27859"}],"wp:featuredmedia":[{"embeddable":true,"href":"https:\/\/www.mysexualfantasy.eu\/en\/wp-json\/wp\/v2\/media\/69431"}],"wp:attachment":[{"href":"https:\/\/www.mysexualfantasy.eu\/en\/wp-json\/wp\/v2\/media?parent=27859"}],"wp:term":[{"taxonomy":"product_brand","embeddable":true,"href":"https:\/\/www.mysexualfantasy.eu\/en\/wp-json\/wp\/v2\/product_brand?post=27859"},{"taxonomy":"product_cat","embeddable":true,"href":"https:\/\/www.mysexualfantasy.eu\/en\/wp-json\/wp\/v2\/product_cat?post=27859"},{"taxonomy":"product_tag","embeddable":true,"href":"https:\/\/www.mysexualfantasy.eu\/en\/wp-json\/wp\/v2\/product_tag?post=27859"}],"curies":[{"name":"wp","href":"https:\/\/api.w.org\/{rel}","templated":true}]}}