{"id":27861,"date":"2023-01-13T12:03:53","date_gmt":"2023-01-13T12:03:53","guid":{"rendered":"https:\/\/www.mysexualfantasy.eu\/?post_type=product&#038;p=27861"},"modified":"2023-12-06T16:02:55","modified_gmt":"2023-12-06T16:02:55","slug":"happy-loky-funny-frog-multi-vibrador-control-remoto","status":"publish","type":"product","link":"https:\/\/www.mysexualfantasy.eu\/en\/product\/happy-loky-funny-frog-multi-vibrador-control-remoto\/","title":{"rendered":"HAPPY LOKY &#8211; FUNNY FROG MULTI VIBRADOR CONTROL REMOTO"},"content":{"rendered":"<p>El Funny Frog enamorar\u00e1 a todos con su especial forma, que puede incorporarse a cualquier tipo de juego amoroso y alberga 3 potentes motores: mientras que uno de ellos se oculta en el voluminoso cuerpo principal superior, los otros dos, en cada uno de los extremos inferiores de los ondulados brazos, proporcionan excitantes vibraciones. Por lo tanto, importa si es encima, debajo, dentro, fuera o en el medio: este Funny Frog de color Happy Loly \u00a0que estimula justo donde quer\u00e9is en cada momento.<\/p>\n<p>Puede utilizarse para mil usos diferentes, las m\u00e1s basicas son;\u00a0<\/p>\n<ul>\n<li>Estimulaci\u00f3n del Pene y masturbaci\u00f3n<\/li>\n<li>Estimulaci\u00f3n del Clitoris<\/li>\n<li>Estimulaci\u00f3n del Punto G<\/li>\n<li>Estimulaci\u00f3n de los testiculos<\/li>\n<li>Estimulaci\u00f3n para ambos en la penetraci\u00f3n<\/li>\n<\/ul>\n<p>Con el pr\u00e1ctico mando a distancia pod\u00e9is controlar la vibraci\u00f3n con comodidad y decidir qui\u00e9n puede tomar las decisiones. Para aventuras salvajes y preliminares excitantes la mujer tambi\u00e9n puede llevar el vibrador en la braguita y dejar que su compa\u00f1ero la excite.<\/p>\n<ul>\n<li>Alto rendimiento; Completamente recargable; M\u00e1s potencia<\/li>\n<li>10 modos de vibraci\u00f3n.<\/li>\n<li>3 Motores<\/li>\n<li>Fabricado con 100% silicona m\u00e9dica: respeta tu cuerpo<\/li>\n<li>Libre de ftalatos<\/li>\n<li>Silencioso, menos de 60 decibelios.<\/li>\n<li>Material seguro para el cuerpo<\/li>\n<li>Recargable v\u00eda USB (Cable incluido)<\/li>\n<li>Sumergible categor\u00eda IPX6 \/ Apto para la ducha o Spa<\/li>\n<li>Medida Total; 135 x 45mm<\/li>\n<\/ul>\n<p><strong>Cargar<\/strong><\/p>\n<p>El vibrador es recargable y permite un manejo c\u00f3modo, sin molestos cables. Antes de utilizarlo por primera vez, debes cargarlo completamente. Utiliza para ello el cable de carga USB incluido.\u00a0<\/p>\n<p><strong>Advertencia<\/strong>: el primer proceso de carga puede durar hasta tres horas.<\/p>\n<p><strong>Eliminaci\u00f3n<\/strong><\/p>\n<p>La eliminaci\u00f3n de aparatos electr\u00f3nicos debe realizarse seg\u00fan la normativa para residuos peligrosos vigente en la Uni\u00f3n Europea y en otros pa\u00edses europeos o seg\u00fan las reglamentaciones locales. Respeta las normativas de eliminaci\u00f3n de basuras<\/p>\n<p>Espec\u00edficas de tu pa\u00eds y, en caso de duda, pregunta a tu distribuidor sobre las opciones de eliminaci\u00f3n.<\/p>\n<p>\u00a0<\/p>\n<p style=\"text-align: center;\"><iframe allow=\"accelerometer; autoplay; encrypted-media; gyroscope; picture-in-picture\" allowfullscreen=\"\" frameborder=\"0\" height=\"300\" scrolling=\"no\" src=\"https:\/\/www.youtube.com\/embed\/NbTXDFlGhO4?controls=0\" width=\"800\"><\/iframe><\/p>","protected":false},"excerpt":{"rendered":"<p>HAPPY LOKY &#8211; FUNNY FROG MULTI VIBRATOR  REMOTE CONTROL<\/p>","protected":false},"featured_media":45307,"comment_status":"open","ping_status":"closed","template":"","meta":{"_monsterinsights_skip_tracking":false,"_monsterinsights_sitenote_active":false,"_monsterinsights_sitenote_note":"","_monsterinsights_sitenote_category":0,"_joinchat":[]},"product_brand":[],"product_cat":[1156,1152,1155,1153,1154,1293],"product_tag":[],"class_list":{"0":"post-27861","1":"product","2":"type-product","3":"status-publish","4":"has-post-thumbnail","6":"product_cat-juguetes-bienestar-juguetes-para-mujeresestimuladores","7":"product_cat-juguetes-bienestar","8":"product_cat-juguetes-bienestar-juguetes-para-mujeres","9":"product_cat-juguetes-bienestar-vibradores","10":"product_cat-juguetes-bienestar-vibradoresvibradores-control-remoto","11":"product_cat-juguetes-bienestar-vibradoresvibradores-punto-g","12":"yith_product_brand-happy-loky","14":"first","15":"instock","16":"taxable","17":"shipping-taxable","18":"purchasable","19":"product-type-simple"},"aioseo_notices":[],"_links":{"self":[{"href":"https:\/\/www.mysexualfantasy.eu\/en\/wp-json\/wp\/v2\/product\/27861","targetHints":{"allow":["GET"]}}],"collection":[{"href":"https:\/\/www.mysexualfantasy.eu\/en\/wp-json\/wp\/v2\/product"}],"about":[{"href":"https:\/\/www.mysexualfantasy.eu\/en\/wp-json\/wp\/v2\/types\/product"}],"replies":[{"embeddable":true,"href":"https:\/\/www.mysexualfantasy.eu\/en\/wp-json\/wp\/v2\/comments?post=27861"}],"wp:featuredmedia":[{"embeddable":true,"href":"https:\/\/www.mysexualfantasy.eu\/en\/wp-json\/wp\/v2\/media\/45307"}],"wp:attachment":[{"href":"https:\/\/www.mysexualfantasy.eu\/en\/wp-json\/wp\/v2\/media?parent=27861"}],"wp:term":[{"taxonomy":"product_brand","embeddable":true,"href":"https:\/\/www.mysexualfantasy.eu\/en\/wp-json\/wp\/v2\/product_brand?post=27861"},{"taxonomy":"product_cat","embeddable":true,"href":"https:\/\/www.mysexualfantasy.eu\/en\/wp-json\/wp\/v2\/product_cat?post=27861"},{"taxonomy":"product_tag","embeddable":true,"href":"https:\/\/www.mysexualfantasy.eu\/en\/wp-json\/wp\/v2\/product_tag?post=27861"}],"curies":[{"name":"wp","href":"https:\/\/api.w.org\/{rel}","templated":true}]}}