{"id":27926,"date":"2023-01-13T11:44:21","date_gmt":"2023-01-13T11:44:21","guid":{"rendered":"https:\/\/www.mysexualfantasy.eu\/?post_type=product&#038;p=27926"},"modified":"2023-12-06T16:50:23","modified_gmt":"2023-12-06T16:50:23","slug":"secretplay-anal-plug-lila-s","status":"publish","type":"product","link":"https:\/\/www.mysexualfantasy.eu\/en\/product\/secretplay-anal-plug-lila-s\/","title":{"rendered":"SECRETPLAY ANAL PLUG LILA S"},"content":{"rendered":"<p>Este plug anal de metal est\u00e1 dise\u00f1ado para ofrecerte un sinf\u00edn de sensaciones placenteras. Su forma c\u00f3nica es ideal para estimularte y ofrecerte orgasmos incre\u00edbles. Adem\u00e1s, su textura lisa extra suave te encantar\u00e1. Puedes jugar con la temperatura calent\u00e1ndolo o enfri\u00e1ndolo. Esto a\u00f1adir\u00e1 excitaci\u00f3n en tus fantas\u00edas er\u00f3ticas.<\/p>\n<p>Caracter\u00edsticas:<\/p>\n<ul>\n<li>Realizados en Aluminio ultra-liso.<\/li>\n<li>No contienen n\u00edquel.<\/li>\n<li>Decoraci\u00f3n engarzada en la base con forma de brillante en pl\u00e1stico r\u00edgido.<\/li>\n<li>49 gramos.<\/li>\n<li>7,5 longitud<\/li>\n<li>2,5 di\u00e1metro m\u00e1ximo<\/li>\n<li>Color morado<\/li>\n<\/ul>","protected":false},"excerpt":{"rendered":"<p>SECRETPLAY ANAL PLUG PURPLE S<\/p>","protected":false},"featured_media":42217,"comment_status":"open","ping_status":"closed","template":"","meta":{"_monsterinsights_skip_tracking":false,"_monsterinsights_sitenote_active":false,"_monsterinsights_sitenote_note":"","_monsterinsights_sitenote_category":0,"_joinchat":[]},"product_brand":[],"product_cat":[1162,1176,1175,1152,1420,1189],"product_tag":[],"class_list":{"0":"post-27926","1":"product","2":"type-product","3":"status-publish","4":"has-post-thumbnail","6":"product_cat-juguetes-bienestar-anal","7":"product_cat-bdsm-bondage-articulos-bdsm","8":"product_cat-bdsm-bondage","9":"product_cat-juguetes-bienestar","10":"product_cat-bdsm-bondage-articulos-bdsmplug-anal-bdsm","11":"product_cat-juguetes-bienestar-analplugs-anales","12":"yith_product_brand-secretplay","13":"yith_product_brand-secretplaysecretplay-toys","15":"first","16":"instock","17":"taxable","18":"shipping-taxable","19":"purchasable","20":"product-type-simple"},"aioseo_notices":[],"_links":{"self":[{"href":"https:\/\/www.mysexualfantasy.eu\/en\/wp-json\/wp\/v2\/product\/27926","targetHints":{"allow":["GET"]}}],"collection":[{"href":"https:\/\/www.mysexualfantasy.eu\/en\/wp-json\/wp\/v2\/product"}],"about":[{"href":"https:\/\/www.mysexualfantasy.eu\/en\/wp-json\/wp\/v2\/types\/product"}],"replies":[{"embeddable":true,"href":"https:\/\/www.mysexualfantasy.eu\/en\/wp-json\/wp\/v2\/comments?post=27926"}],"wp:featuredmedia":[{"embeddable":true,"href":"https:\/\/www.mysexualfantasy.eu\/en\/wp-json\/wp\/v2\/media\/42217"}],"wp:attachment":[{"href":"https:\/\/www.mysexualfantasy.eu\/en\/wp-json\/wp\/v2\/media?parent=27926"}],"wp:term":[{"taxonomy":"product_brand","embeddable":true,"href":"https:\/\/www.mysexualfantasy.eu\/en\/wp-json\/wp\/v2\/product_brand?post=27926"},{"taxonomy":"product_cat","embeddable":true,"href":"https:\/\/www.mysexualfantasy.eu\/en\/wp-json\/wp\/v2\/product_cat?post=27926"},{"taxonomy":"product_tag","embeddable":true,"href":"https:\/\/www.mysexualfantasy.eu\/en\/wp-json\/wp\/v2\/product_tag?post=27926"}],"curies":[{"name":"wp","href":"https:\/\/api.w.org\/{rel}","templated":true}]}}