{"id":27929,"date":"2023-01-13T11:44:24","date_gmt":"2023-01-13T11:44:24","guid":{"rendered":"https:\/\/www.mysexualfantasy.eu\/?post_type=product&#038;p=27929"},"modified":"2023-12-06T16:50:30","modified_gmt":"2023-12-06T16:50:30","slug":"secretplay-anal-plug-azul-s","status":"publish","type":"product","link":"https:\/\/www.mysexualfantasy.eu\/en\/product\/secretplay-anal-plug-azul-s\/","title":{"rendered":"SECRETPLAY ANAL PLUG AZUL S"},"content":{"rendered":"<p><span style=\"font-size: 13px;\">Este plug anal\u00a0de metal para principiantes es perfecto para aficionar a los reci\u00e9n llegados a las delicias del juego anal. Gracias a su forma c\u00f3nica es f\u00e1cil de insertar e ideal para estimular y proporcionarte incre\u00edbles orgasmos. Adem\u00e1s, su textura extra suave te encantar\u00e1. Este plug anal\u00a0se adapta a las temperaturas, por lo tanto puede calentarse o enfriarse en agua antes de jugar.<\/span><\/p>\n<p><span style=\"font-size: 13px;\">Caracter\u00edsticas principales:<\/span><\/p>\n<ul>\n<li><span style=\"font-size: 13px;\">Hecho de\u00a0aluminio ultra suave.<\/span><\/li>\n<li><span style=\"font-size: 13px;\">NO contiene n\u00edquel.<\/span><\/li>\n<li><span style=\"font-size: 13px;\">La punta c\u00f3nica favorece una f\u00e1cil inserci\u00f3n<\/span><\/li>\n<li><span style=\"font-size: 13px;\">49 gr. de peso<\/span><\/li>\n<li><span style=\"font-size: 13px;\">Di\u00e1metro de la base: 3,30 cm \/ 1,29 pulgadas<\/span><\/li>\n<li><span style=\"font-size: 13px;\">Tipo de base: Circunferencia acampanada: 2.8 cm \/ 1.10 pulgadas<\/span><\/li>\n<li><span style=\"font-size: 13px;\">Longitud de inserci\u00f3n: 5 cm \/ 2 pulgadas<\/span><\/li>\n<li><span style=\"font-size: 13px;\">Longitud: 7.5 cm \/ 3 pulgadas<\/span><\/li>\n<\/ul>","protected":false},"excerpt":{"rendered":"<p>SECRETPLAY ANAL PLUG BLUE S<\/p>","protected":false},"featured_media":42229,"comment_status":"open","ping_status":"closed","template":"","meta":{"_monsterinsights_skip_tracking":false,"_monsterinsights_sitenote_active":false,"_monsterinsights_sitenote_note":"","_monsterinsights_sitenote_category":0,"_joinchat":[]},"product_brand":[],"product_cat":[1162,1176,1175,1152,1420,1189],"product_tag":[],"class_list":{"0":"post-27929","1":"product","2":"type-product","3":"status-publish","4":"has-post-thumbnail","6":"product_cat-juguetes-bienestar-anal","7":"product_cat-bdsm-bondage-articulos-bdsm","8":"product_cat-bdsm-bondage","9":"product_cat-juguetes-bienestar","10":"product_cat-bdsm-bondage-articulos-bdsmplug-anal-bdsm","11":"product_cat-juguetes-bienestar-analplugs-anales","12":"yith_product_brand-secretplay","13":"yith_product_brand-secretplaysecretplay-toys","15":"first","16":"instock","17":"taxable","18":"shipping-taxable","19":"purchasable","20":"product-type-simple"},"aioseo_notices":[],"_links":{"self":[{"href":"https:\/\/www.mysexualfantasy.eu\/en\/wp-json\/wp\/v2\/product\/27929","targetHints":{"allow":["GET"]}}],"collection":[{"href":"https:\/\/www.mysexualfantasy.eu\/en\/wp-json\/wp\/v2\/product"}],"about":[{"href":"https:\/\/www.mysexualfantasy.eu\/en\/wp-json\/wp\/v2\/types\/product"}],"replies":[{"embeddable":true,"href":"https:\/\/www.mysexualfantasy.eu\/en\/wp-json\/wp\/v2\/comments?post=27929"}],"wp:featuredmedia":[{"embeddable":true,"href":"https:\/\/www.mysexualfantasy.eu\/en\/wp-json\/wp\/v2\/media\/42229"}],"wp:attachment":[{"href":"https:\/\/www.mysexualfantasy.eu\/en\/wp-json\/wp\/v2\/media?parent=27929"}],"wp:term":[{"taxonomy":"product_brand","embeddable":true,"href":"https:\/\/www.mysexualfantasy.eu\/en\/wp-json\/wp\/v2\/product_brand?post=27929"},{"taxonomy":"product_cat","embeddable":true,"href":"https:\/\/www.mysexualfantasy.eu\/en\/wp-json\/wp\/v2\/product_cat?post=27929"},{"taxonomy":"product_tag","embeddable":true,"href":"https:\/\/www.mysexualfantasy.eu\/en\/wp-json\/wp\/v2\/product_tag?post=27929"}],"curies":[{"name":"wp","href":"https:\/\/api.w.org\/{rel}","templated":true}]}}