{"id":28185,"date":"2023-01-13T14:31:01","date_gmt":"2023-01-13T14:31:01","guid":{"rendered":"https:\/\/www.mysexualfantasy.eu\/?post_type=product&#038;p=28185"},"modified":"2023-12-06T17:26:44","modified_gmt":"2023-12-06T17:26:44","slug":"obsessive-shibu-set-tres-piezas-s-m","status":"publish","type":"product","link":"https:\/\/www.mysexualfantasy.eu\/en\/product\/obsessive-shibu-set-tres-piezas-s-m\/","title":{"rendered":"OBSESSIVE &#8211; SHIBU SET TRES PIEZAS S\/M"},"content":{"rendered":"<p>Dise\u00f1o perfecto y estilo increible.Est\u00e1s preparada para much\u00edsimas noches de placer?<\/p>\n<p>Caracter\u00edsticas:\u00a0<\/p>\n<ul>\n<li>Set 3 piezas colecci\u00f3n Shibu<\/li>\n<li>Incluye sujetador, tanga y liguero<\/li>\n<li>Sujetador con multicierre y tirantas ajustables\u00a0<\/li>\n<li>Liguero de estilo \u00fanico con sus cuatro tiras ajustables para las medias\u00a0<\/li>\n<li>Bordados geom\u00e9tricos.\u00a0<\/li>\n<li>Medias no incluidas\u00a0<\/li>\n<li>Las telas son suaves y super el\u00e1sticas<\/li>\n<li>Composici\u00f3n: 90% poliamida \/ 10% el\u00e1stano.\u00a0<\/li>\n<li>Talla: S\/M<\/li>\n<\/ul>\n<p 1.5=\"\" color:=\"\" font-size:=\"\" line-height:=\"\" margin-top:=\"\" roboto=\"\" style=\"box-sizing: border-box;\">Obsessive significa inspiraci\u00f3n en la mujer!\u00a0 Elegancia, sensualidad, amor a la costura&#8230;.significa mucho para la mujer, pocos son los adjetivos que pueden calificar a Obsessive, donde una labor de a\u00f1os han conseguido unir la mejor relaci\u00f3n calidad-precio.<\/p>\n<p 1.5=\"\" color:=\"\" font-size:=\"\" line-height:=\"\" margin-top:=\"\" roboto=\"\" style=\"box-sizing: border-box;\">\u00a1L\u00edderes mundiales en lencer\u00eda, nadie lo hace mejor!<\/p>\n<p 1.5=\"\" color:=\"\" font-size:=\"\" line-height:=\"\" margin-top:=\"\" roboto=\"\" style=\"box-sizing: border-box; text-align: center;\"><img decoding=\"async\" src=\"https:\/\/store.dreamlove.es\/UserFiles\/images\/SIZES.png\" \/><\/p>\n<p>\u00a0<\/p>","protected":false},"excerpt":{"rendered":"<p>OBSESSIVE &#8211; SHIBU THREE PIECES SET S\/M<\/p>","protected":false},"featured_media":68535,"comment_status":"open","ping_status":"closed","template":"","meta":{"_monsterinsights_skip_tracking":false,"_monsterinsights_sitenote_active":false,"_monsterinsights_sitenote_note":"","_monsterinsights_sitenote_category":0,"_joinchat":[]},"product_brand":[],"product_cat":[1198,1196,1197,1166,1445],"product_tag":[],"class_list":{"0":"post-28185","1":"product","2":"type-product","3":"status-publish","4":"has-post-thumbnail","6":"product_cat-moda-lencerialenceria-mujerlenceria-picanteconjunto-de-lenceria-sexy","7":"product_cat-moda-lencerialenceria-mujer","8":"product_cat-moda-lencerialenceria-mujerlenceria-picante","9":"product_cat-moda-lenceria","10":"product_cat-moda-lencerialenceria-mujerlenceria-picantesets-con-liguero","11":"yith_product_brand-obsessive","12":"yith_product_brand-obsessiveobsessive-sets","14":"first","15":"instock","16":"taxable","17":"shipping-taxable","18":"purchasable","19":"product-type-variable"},"aioseo_notices":[],"_links":{"self":[{"href":"https:\/\/www.mysexualfantasy.eu\/en\/wp-json\/wp\/v2\/product\/28185","targetHints":{"allow":["GET"]}}],"collection":[{"href":"https:\/\/www.mysexualfantasy.eu\/en\/wp-json\/wp\/v2\/product"}],"about":[{"href":"https:\/\/www.mysexualfantasy.eu\/en\/wp-json\/wp\/v2\/types\/product"}],"replies":[{"embeddable":true,"href":"https:\/\/www.mysexualfantasy.eu\/en\/wp-json\/wp\/v2\/comments?post=28185"}],"wp:featuredmedia":[{"embeddable":true,"href":"https:\/\/www.mysexualfantasy.eu\/en\/wp-json\/wp\/v2\/media\/68535"}],"wp:attachment":[{"href":"https:\/\/www.mysexualfantasy.eu\/en\/wp-json\/wp\/v2\/media?parent=28185"}],"wp:term":[{"taxonomy":"product_brand","embeddable":true,"href":"https:\/\/www.mysexualfantasy.eu\/en\/wp-json\/wp\/v2\/product_brand?post=28185"},{"taxonomy":"product_cat","embeddable":true,"href":"https:\/\/www.mysexualfantasy.eu\/en\/wp-json\/wp\/v2\/product_cat?post=28185"},{"taxonomy":"product_tag","embeddable":true,"href":"https:\/\/www.mysexualfantasy.eu\/en\/wp-json\/wp\/v2\/product_tag?post=28185"}],"curies":[{"name":"wp","href":"https:\/\/api.w.org\/{rel}","templated":true}]}}