{"id":28200,"date":"2023-01-13T13:53:37","date_gmt":"2023-01-13T13:53:37","guid":{"rendered":"https:\/\/www.mysexualfantasy.eu\/?post_type=product&#038;p=28200"},"modified":"2023-12-06T16:03:42","modified_gmt":"2023-12-06T16:03:42","slug":"basecock-realistic-vibrador-control-remoto-negro-20cm-2","status":"publish","type":"product","link":"https:\/\/www.mysexualfantasy.eu\/en\/product\/basecock-realistic-vibrador-control-remoto-negro-20cm-2\/","title":{"rendered":"BASECOCK REALISTIC VIBRADOR CONTROL REMOTO NEGRO 20CM"},"content":{"rendered":"<p>\u00a1Los nuevos consoladores vibratorios BASECOCK son los penes vibratorios de fabricaci\u00f3n estadounidense m\u00e1s realistas del mundo!<\/p>\n<p>Cada vena, cada eje y cada cabezal est\u00e1n hechos a mano con una exquisita atenci\u00f3n al detalle para brindarle la experiencia m\u00e1s realista imaginada. Los ejes posibles te permiten doblar el pene para ajustarse a los contornos de tu cuerpo, mientras que el potente motor te aleja.<\/p>\n<p>Las bases extra\u00edbles para ventosas se adhieren a casi cualquier superficie plana y hacen que puedas utilizar el vibrador real\u00edstico en cualquier base de pared lisa.<\/p>\n<p>Por si fuera poco, estos vibradores real\u00edsticos con base de sujeci\u00f3n tienen un mando control remoto con cable que proporciona intensas vibraciones en todo su cuerpo.<\/p>\n<p>Adem\u00e1s, puedes extraer la funda realista y utilizarlo como extensor de pene.<\/p>\n<p>Based cock proporciona experiencia realista con multitud de funciones, tan solo d\u00e9jate llevar, sue\u00f1a, imagina y disfruta!!<\/p>\n<ul>\n<li>Tacto real\u00edstico<\/li>\n<li>Velocidad Regulable<\/li>\n<li>Mando control remoto con cable<\/li>\n<li>Valido como extensor de pene<\/li>\n<li>Libre de Phalatos<\/li>\n<li>Base de sujeci\u00f3n<\/li>\n<li>Material seguro para el cuerpo<\/li>\n<li>Material TPE sedoso \u00a0y resistente.<\/li>\n<li>Medidas; 20 x 4cm<\/li>\n<\/ul>\n<p>Utiliza dos pilas AAA que puedes encontrar en la secci\u00f3n Pilas.<\/p>\n<p>El material TPE destaca por su sedosa superficie mate con una extraordinaria adaptaci\u00f3n al cuerpo. Los juguetes er\u00f3ticos se limpian con facilidad y se conservan higi\u00e9nicos durante mucho tiempo. El flexible material se desliza de maravilla y adopta r\u00e1pidamente la temperatura del cuerpo. El vibrador se limpia r\u00e1pida y f\u00e1cilmente con un poco de jab\u00f3n y agua templada. Para una higiene minuciosa, roc\u00edalo despu\u00e9s con limpiador desinfectante Waterfeel ToyCleaner para juguetes sexuales espec\u00edficamente concebido para ello.<\/p>","protected":false},"excerpt":{"rendered":"<p>BASECOCK REALISTIC VIBRATOR REMOTE CONTROL BLACK 20CM<\/p>","protected":false},"featured_media":62836,"comment_status":"open","ping_status":"closed","template":"","meta":{"_monsterinsights_skip_tracking":false,"_monsterinsights_sitenote_active":false,"_monsterinsights_sitenote_note":"","_monsterinsights_sitenote_category":0,"_joinchat":[]},"product_brand":[],"product_cat":[1069,119,1082,258,1053,993,1054],"product_tag":[],"class_list":{"0":"post-28200","1":"product","2":"type-product","3":"status-publish","4":"has-post-thumbnail","6":"product_cat-juguetes-sexuales-xxxjuguetes-para-mujeres","7":"product_cat-juguetes-sexuales-xxx","8":"product_cat-juguetes-sexuales-xxxjuguetes-para-mujeresmasturbadores-para-ellas","9":"product_cat-juguetes-sexuales-xxxvibradores","10":"product_cat-juguetes-sexuales-xxxvibradoresvibradores-clasicos-anales-o-vaginales","11":"product_cat-juguetes-sexuales-xxxvibradoresvibradores-control-remoto","12":"product_cat-juguetes-sexuales-xxxvibradoresvibradores-realisticos","13":"yith_product_brand-basecock","15":"first","16":"instock","17":"taxable","18":"shipping-taxable","19":"purchasable","20":"product-type-simple"},"aioseo_notices":[],"_links":{"self":[{"href":"https:\/\/www.mysexualfantasy.eu\/en\/wp-json\/wp\/v2\/product\/28200","targetHints":{"allow":["GET"]}}],"collection":[{"href":"https:\/\/www.mysexualfantasy.eu\/en\/wp-json\/wp\/v2\/product"}],"about":[{"href":"https:\/\/www.mysexualfantasy.eu\/en\/wp-json\/wp\/v2\/types\/product"}],"replies":[{"embeddable":true,"href":"https:\/\/www.mysexualfantasy.eu\/en\/wp-json\/wp\/v2\/comments?post=28200"}],"wp:featuredmedia":[{"embeddable":true,"href":"https:\/\/www.mysexualfantasy.eu\/en\/wp-json\/wp\/v2\/media\/62836"}],"wp:attachment":[{"href":"https:\/\/www.mysexualfantasy.eu\/en\/wp-json\/wp\/v2\/media?parent=28200"}],"wp:term":[{"taxonomy":"product_brand","embeddable":true,"href":"https:\/\/www.mysexualfantasy.eu\/en\/wp-json\/wp\/v2\/product_brand?post=28200"},{"taxonomy":"product_cat","embeddable":true,"href":"https:\/\/www.mysexualfantasy.eu\/en\/wp-json\/wp\/v2\/product_cat?post=28200"},{"taxonomy":"product_tag","embeddable":true,"href":"https:\/\/www.mysexualfantasy.eu\/en\/wp-json\/wp\/v2\/product_tag?post=28200"}],"curies":[{"name":"wp","href":"https:\/\/api.w.org\/{rel}","templated":true}]}}