{"id":28346,"date":"2023-01-13T13:30:38","date_gmt":"2023-01-13T13:30:38","guid":{"rendered":"https:\/\/www.mysexualfantasy.eu\/?post_type=product&#038;p=28346"},"modified":"2023-12-06T15:55:50","modified_gmt":"2023-12-06T15:55:50","slug":"bathmate-hydroxtreme-3-transparente","status":"publish","type":"product","link":"https:\/\/www.mysexualfantasy.eu\/en\/product\/bathmate-hydroxtreme-3-transparente\/","title":{"rendered":"BATHMATE &#8211; HYDROXTREME 3 TRANSPARENTE"},"content":{"rendered":"<p>Inmejorable el poder del Hydroxtreme 3. El HydroXtreme es la bomba mas potente\u00a0para micropenes que jam\u00e1s hayas visto. Comb\u00edna un increible poder con un dise\u00f1o y uso sencillos. HydroXtreme 3 significa crecimiento real para tu miembro.\u00a0<\/p>\n<p>Es perfecto para aquellos con m\u00e1s de 7.5 cent\u00edmetros en erecci\u00f3n, el Bathmate HydroXtreme 3 es la segunda bomba para micropenes del mercado, solo por detr\u00e1s de nuestro hydromax 3. Tan solo tienes que usarlo durante 15 minutos diarios y r\u00e1pidamente notar\u00e1s una mejora real del tama\u00f1o, calidad de las erecciones y sobre todo y m\u00e1s importante de autoconfianza.\u00a0<\/p>\n<p>Incluye un kit completo<\/p>\n<ul>\n<li>Usa el handball para maximizar la presi\u00f3n.\u00a0<\/li>\n<li>Completamente certificado cl\u00ednicamente y seguro de usar.\u00a0<\/li>\n<li>Maximiza el tama\u00f1o y la potencia sexual.\u00a0<\/li>\n<li>Incluye dos a\u00f1os de garant\u00eda de la marca en defectos t\u00e9cnicos.<\/li>\n<\/ul>\n<p>El hydroXtreme 3\u00a0<\/p>\n<ul>\n<li>Es perfecto para micropenes.\u00a0<\/li>\n<li>Aumenta la resistencia sexual y la calidad de las erecciones.\u00a0<\/li>\n<li>Es la mejor bomba para micropenes nunca vista\u00a0<\/li>\n<li>Perfecta para aquellos entre los 3 y 8 cm en erecci\u00f3n.<\/li>\n<\/ul>\n<p>Como todos los Bathmate\u00a0Hydropump, el HydroXtreme 3 es muy f\u00e1cil de usar y comienzas a notar los resultados de forma muy r\u00e1pida. Tan solo tienes que usarlo en el ba\u00f1o o en la ducha, llenarlo de agua caliente, adjuntarlo a tu cuerpo y aplicar la presi\u00f3n con el\u00a0handball\u00a0<\/p>\n<p>Nuestra serie HydroXtreme es ideal para aquellos que est\u00e9n buscando en ganar tama\u00f1o, ya que su handball maximiza la presi\u00f3n consiguiendo los mejores resultados posibles as\u00ed como el desarrollo del tama\u00f1o y su dureza.\u00a0<\/p>\n<p>Que Bathmate significa resultados, no tienes que tomarlo de nuestras palabras, hazlo del m\u00e1s del mill\u00f3n de personas en todo el mundo que se han beneficiado\u00a0<\/p>\n<p>\u00a0<\/p>","protected":false},"excerpt":{"rendered":"<p>BATHMATE &#8211; HYDROXTREME 3 CLEAR<\/p>","protected":false},"featured_media":60162,"comment_status":"open","ping_status":"closed","template":"","meta":{"_monsterinsights_skip_tracking":false,"_monsterinsights_sitenote_active":false,"_monsterinsights_sitenote_note":"","_monsterinsights_sitenote_category":0,"_joinchat":[]},"product_brand":[],"product_cat":[1170,1161,1184,1152,1160],"product_tag":[],"class_list":{"0":"post-28346","1":"product","2":"type-product","3":"status-publish","4":"has-post-thumbnail","6":"product_cat-juguetes-bienestar-juguetes-para-hombresaccesorios-para-el-pene","7":"product_cat-juguetes-bienestar-juguetes-para-hombresbomba-alargadora-pene","8":"product_cat-juguetes-bienestar-juguetes-para-hombresaccesorios-para-el-peneextensiones-para-el-pene","9":"product_cat-juguetes-bienestar","10":"product_cat-juguetes-bienestar-juguetes-para-hombres","11":"yith_product_brand-bathmate","13":"first","14":"instock","15":"taxable","16":"shipping-taxable","17":"purchasable","18":"product-type-simple"},"aioseo_notices":[],"_links":{"self":[{"href":"https:\/\/www.mysexualfantasy.eu\/en\/wp-json\/wp\/v2\/product\/28346","targetHints":{"allow":["GET"]}}],"collection":[{"href":"https:\/\/www.mysexualfantasy.eu\/en\/wp-json\/wp\/v2\/product"}],"about":[{"href":"https:\/\/www.mysexualfantasy.eu\/en\/wp-json\/wp\/v2\/types\/product"}],"replies":[{"embeddable":true,"href":"https:\/\/www.mysexualfantasy.eu\/en\/wp-json\/wp\/v2\/comments?post=28346"}],"wp:featuredmedia":[{"embeddable":true,"href":"https:\/\/www.mysexualfantasy.eu\/en\/wp-json\/wp\/v2\/media\/60162"}],"wp:attachment":[{"href":"https:\/\/www.mysexualfantasy.eu\/en\/wp-json\/wp\/v2\/media?parent=28346"}],"wp:term":[{"taxonomy":"product_brand","embeddable":true,"href":"https:\/\/www.mysexualfantasy.eu\/en\/wp-json\/wp\/v2\/product_brand?post=28346"},{"taxonomy":"product_cat","embeddable":true,"href":"https:\/\/www.mysexualfantasy.eu\/en\/wp-json\/wp\/v2\/product_cat?post=28346"},{"taxonomy":"product_tag","embeddable":true,"href":"https:\/\/www.mysexualfantasy.eu\/en\/wp-json\/wp\/v2\/product_tag?post=28346"}],"curies":[{"name":"wp","href":"https:\/\/api.w.org\/{rel}","templated":true}]}}