{"id":28461,"date":"2023-01-13T13:52:09","date_gmt":"2023-01-13T13:52:09","guid":{"rendered":"https:\/\/www.mysexualfantasy.eu\/?post_type=product&#038;p=28461"},"modified":"2023-12-06T14:53:02","modified_gmt":"2023-12-06T14:53:02","slug":"all-black-plug-dildo-31cm","status":"publish","type":"product","link":"https:\/\/www.mysexualfantasy.eu\/en\/product\/all-black-plug-dildo-31cm\/","title":{"rendered":"ALL BLACK &#8211; PLUG DILDO 31 CM"},"content":{"rendered":"<p>Este consolador All Black est\u00e1 a prueba de velas y tiene tacto suave y surcos profundos en todo el eje para que disfrutes a\u00fan m\u00e1s.<\/p>\n<p>Los lubricantes a base de agua y silicona se pueden usar aqu\u00ed. Es importante limpiar bien el tap\u00f3n despu\u00e9s de usarlo. Cada juguete est\u00e1 envuelto herm\u00e9ticamente en una funda protectora de pl\u00e1stico transparente.<\/p>\n<ul>\n<li>Material: PVC<\/li>\n<li>Medidas: 31 x 6 cm<\/li>\n<\/ul>\n<p>\u00a0* Para conseguir una experiencia \u00f3ptima y poder disfrutar de manera placentera y sin sentir dolor, ALL BLACK\u00a0 recomienda el uso de los lubricantes de la marca Black Hole<\/p>","protected":false},"excerpt":{"rendered":"<p>ALL BLACK &#8211; PLUG DILDO 31 CM<\/p>","protected":false},"featured_media":62606,"comment_status":"open","ping_status":"closed","template":"","meta":{"_monsterinsights_skip_tracking":false,"_monsterinsights_sitenote_active":false,"_monsterinsights_sitenote_note":"","_monsterinsights_sitenote_category":0,"_joinchat":[]},"product_brand":[],"product_cat":[1182,1152,1188],"product_tag":[],"class_list":{"0":"post-28461","1":"product","2":"type-product","3":"status-publish","4":"has-post-thumbnail","6":"product_cat-juguetes-bienestar-dildos","7":"product_cat-juguetes-bienestar","8":"product_cat-juguetes-bienestar-dildospenes-realisticos","9":"yith_product_brand-all-black","11":"first","12":"instock","13":"taxable","14":"shipping-taxable","15":"purchasable","16":"product-type-simple"},"aioseo_notices":[],"_links":{"self":[{"href":"https:\/\/www.mysexualfantasy.eu\/en\/wp-json\/wp\/v2\/product\/28461","targetHints":{"allow":["GET"]}}],"collection":[{"href":"https:\/\/www.mysexualfantasy.eu\/en\/wp-json\/wp\/v2\/product"}],"about":[{"href":"https:\/\/www.mysexualfantasy.eu\/en\/wp-json\/wp\/v2\/types\/product"}],"replies":[{"embeddable":true,"href":"https:\/\/www.mysexualfantasy.eu\/en\/wp-json\/wp\/v2\/comments?post=28461"}],"wp:featuredmedia":[{"embeddable":true,"href":"https:\/\/www.mysexualfantasy.eu\/en\/wp-json\/wp\/v2\/media\/62606"}],"wp:attachment":[{"href":"https:\/\/www.mysexualfantasy.eu\/en\/wp-json\/wp\/v2\/media?parent=28461"}],"wp:term":[{"taxonomy":"product_brand","embeddable":true,"href":"https:\/\/www.mysexualfantasy.eu\/en\/wp-json\/wp\/v2\/product_brand?post=28461"},{"taxonomy":"product_cat","embeddable":true,"href":"https:\/\/www.mysexualfantasy.eu\/en\/wp-json\/wp\/v2\/product_cat?post=28461"},{"taxonomy":"product_tag","embeddable":true,"href":"https:\/\/www.mysexualfantasy.eu\/en\/wp-json\/wp\/v2\/product_tag?post=28461"}],"curies":[{"name":"wp","href":"https:\/\/api.w.org\/{rel}","templated":true}]}}