{"id":28511,"date":"2023-01-13T14:36:19","date_gmt":"2023-01-13T14:36:19","guid":{"rendered":"https:\/\/www.mysexualfantasy.eu\/?post_type=product&#038;p=28511"},"modified":"2023-12-06T16:02:59","modified_gmt":"2023-12-06T16:02:59","slug":"saninex-swan-vibrador-rosa","status":"publish","type":"product","link":"https:\/\/www.mysexualfantasy.eu\/en\/product\/saninex-swan-vibrador-rosa\/","title":{"rendered":"SANINEX SWAN VIBRADOR ROSA"},"content":{"rendered":"<p>Vibrador de 10 velocidades. Curvado, elegante, atractivo y muy suave tacto. Dise\u00f1o para la mujer actual, que desea alcanzar placer sexual de manera repetida e intensa. Con SANINEX VIBRATOR SWAN Punto G y cl\u00edtoris obtendr\u00e1s el m\u00e1s puro placer de tu cuerpo. Tu sexualidad al completo! Saninex<\/p>\n<p>VIBRATOR SWAN Punto G y cl\u00edtoris te genera la m\u00e1xima realidad sexual altamente placentera. Su delicado y suave tacto de alta calidad, hacen posible que tu placer sea siempre f\u00e1cil de conseguir con intensos resultados org\u00e1smicos. Con sus 10 diferentes velocidades intermitentes o fijas f\u00e1cilmente manejables, podr\u00e1s suministrar la intensidad y potencia sexual exacta que deseas en todos tus super orgasmos. SANINEX VIBRATOR SWAN hace visible una mejora de salud y bienestar f\u00edsico a tu persona.<\/p>\n<ul>\n<li>Fabricado con excelente calidad en silicona material m\u00e9dico sanitario FDA de muy alta calidad, con revestimiento de extrema suavidad.<\/li>\n<li>Hipoalerg\u00e9nico. SANINEX VIBRATOR SWAN Punto G y cl\u00edtoris, es presentado con m\u00e1ximo glamour y elegancia, en un atractivo bolso de exclusivo dise\u00f1o Saninex. La m\u00e1xima calidad y precios m\u00ednimos, siempre est\u00e1n presentes en toda la gama de productos salud y placer Saninex. Su dise\u00f1o de cuerpo largo perfectamente adaptado para una potente estimulaci\u00f3n, con l\u00edneas dise\u00f1adas por Saninex, para que el placer sea inolvidable.<\/li>\n<li>Funciona con 2 pilas AAA.<\/li>\n<li>Medidas: 200 x 35mm.<\/li>\n<li>Color rosa.<\/li>\n<li>1 unidad. <\/li>\n<\/ul>\n<p>INDICACIONES:<\/p>\n<ul>\n<li>10 diferentes velocidades fijas e intermitentes.<\/li>\n<li>Orgasmos mediante la estimulaci\u00f3n vaginal o anal, altamente excitantes.<\/li>\n<li>Para un alto placer en cualquier momento y durante las relacione sexuales.<\/li>\n<li>Fabricado con materiales m\u00e9dico sanitario de muy alta calidad, con revestimiento de extrema suavidad. Hipoalerg\u00e9nico.<\/li>\n<li>Totalmente discreto de belleza est\u00e9tica.<\/li>\n<li>Adecuado para todo tipo de lubricantes y aceites afrodisiacos Saninex.<\/li>\n<li>Comprobado dermatol\u00f3gicamente y cl\u00ednicamente.<\/li>\n<li>100% resistente al agua.<\/li>\n<li>100% libre de ftalatos.<\/li>\n<\/ul>\n<p>Saninex, marca la diferencia respecto al resto de marcas. Saninex poseedora de Licencia de fabricaci\u00f3n de productos medico sanitarios clase IIB, emitidas por el Ministerio de Sanidad Espa\u00f1ol y la Agencia Espa\u00f1ola del Medicamento. Saninex es calidad y seguridad!<\/p>","protected":false},"excerpt":{"rendered":"<p>SANINEX SWAN VIBRATOR PINK<\/p>","protected":false},"featured_media":69436,"comment_status":"open","ping_status":"closed","template":"","meta":{"_monsterinsights_skip_tracking":false,"_monsterinsights_sitenote_active":false,"_monsterinsights_sitenote_note":"","_monsterinsights_sitenote_category":0,"_joinchat":[]},"product_brand":[],"product_cat":[1193,1156,1152,1155,148,1163,1309,1153],"product_tag":[],"class_list":{"0":"post-28511","1":"product","2":"type-product","3":"status-publish","4":"has-post-thumbnail","6":"product_cat-juguetes-bienestar-vibradores100-sumergible","7":"product_cat-juguetes-bienestar-juguetes-para-mujeresestimuladores","8":"product_cat-juguetes-bienestar","9":"product_cat-juguetes-bienestar-juguetes-para-mujeres","10":"product_cat-ofertas","11":"product_cat-juguetes-bienestar-juguetes-para-mujeresestimuladorespara-clitoris","12":"product_cat-juguetes-bienestar-juguetes-para-mujerespunto-g","13":"product_cat-juguetes-bienestar-vibradores","14":"yith_product_brand-saninex","15":"yith_product_brand-saninexsaninex-sextoys","17":"first","18":"instock","19":"taxable","20":"shipping-taxable","21":"purchasable","22":"product-type-simple"},"aioseo_notices":[],"_links":{"self":[{"href":"https:\/\/www.mysexualfantasy.eu\/en\/wp-json\/wp\/v2\/product\/28511","targetHints":{"allow":["GET"]}}],"collection":[{"href":"https:\/\/www.mysexualfantasy.eu\/en\/wp-json\/wp\/v2\/product"}],"about":[{"href":"https:\/\/www.mysexualfantasy.eu\/en\/wp-json\/wp\/v2\/types\/product"}],"replies":[{"embeddable":true,"href":"https:\/\/www.mysexualfantasy.eu\/en\/wp-json\/wp\/v2\/comments?post=28511"}],"wp:featuredmedia":[{"embeddable":true,"href":"https:\/\/www.mysexualfantasy.eu\/en\/wp-json\/wp\/v2\/media\/69436"}],"wp:attachment":[{"href":"https:\/\/www.mysexualfantasy.eu\/en\/wp-json\/wp\/v2\/media?parent=28511"}],"wp:term":[{"taxonomy":"product_brand","embeddable":true,"href":"https:\/\/www.mysexualfantasy.eu\/en\/wp-json\/wp\/v2\/product_brand?post=28511"},{"taxonomy":"product_cat","embeddable":true,"href":"https:\/\/www.mysexualfantasy.eu\/en\/wp-json\/wp\/v2\/product_cat?post=28511"},{"taxonomy":"product_tag","embeddable":true,"href":"https:\/\/www.mysexualfantasy.eu\/en\/wp-json\/wp\/v2\/product_tag?post=28511"}],"curies":[{"name":"wp","href":"https:\/\/api.w.org\/{rel}","templated":true}]}}