{"id":28512,"date":"2023-01-13T13:30:39","date_gmt":"2023-01-13T13:30:39","guid":{"rendered":"https:\/\/www.mysexualfantasy.eu\/?post_type=product&#038;p=28512"},"modified":"2023-12-06T15:38:14","modified_gmt":"2023-12-06T15:38:14","slug":"saninex-goma-de-ereccion-concentration","status":"publish","type":"product","link":"https:\/\/www.mysexualfantasy.eu\/en\/product\/saninex-goma-de-ereccion-concentration\/","title":{"rendered":"SANINEX GOMA DE ERECCION CONCENTRATION"},"content":{"rendered":"<p>La nueva goma el\u00e1stica con bolas ajustables SANINEX CONCENTRATION, ha sido dise\u00f1ada para obtener, alcanzar y mantener una erecci\u00f3n total, mucho m\u00e1s firme durante mucho m\u00e1s tiempo. Generando as\u00ed, alta intensidad en los orgasmos propios y los de tu pareja. Alcanza siempre tu verdadera potencia y extrema dureza del pene, con SANINEX CONCENTRATION.<\/p>\n<p>Presentada con m\u00e1ximo glamour y elegancia, en un atractivo bolso de exclusivo dise\u00f1o Saninex. La m\u00e1xima calidad y precios m\u00ednimos, siempre est\u00e1n presentes en toda la gama de productos salud y placer Saninex.<\/p>\n<ul>\n<li>Fabricado con silicona brillo material m\u00e9dico sanitario de muy alta calidad, brillo, gruesa.<\/li>\n<li>Hipoalerg\u00e9nicos<\/li>\n<\/ul>\n<p>Medidas:<\/p>\n<ul>\n<li>195 mm x 2.\u00a0 \u00a0<\/li>\n<li>En l\u00ednea 390 mm.<\/li>\n<\/ul>\n<p>Indicaciones:<\/p>\n<ul>\n<li>Especialmente dise\u00f1ado para maximizar la erecci\u00f3n y prolongar durante mucho m\u00e1s tiempo.<\/li>\n<li>Erecciones muy potentes y aseguradas.<\/li>\n<li>Genera el incremento de placer org\u00e1smico en ambos.<\/li>\n<li>Muy el\u00e1stico y suave.\u00a0<\/li>\n<li>Limita el uso de SANINEX CONCENTRATION\u00a0 a no m\u00e1s de 90 minutos por uso.<\/li>\n<li>Fabricado con silicona material m\u00e9dico sanitario de muy alta calidad, brillo, gruesa. Hipoalerg\u00e9nicos.<\/li>\n<li>100% resistente al agua.<\/li>\n<li>100% libre de ftalatos.<\/li>\n<\/ul>\n<p>Saninex, poseedora de Licencia productos sanitarios, emitidas por el Ministerio de Sanidad Espa\u00f1ol y la Agencia Espa\u00f1ola del Medicamento.<br \/>\u00a0<br \/>\u00a0<\/p>","protected":false},"excerpt":{"rendered":"<p>SANINEX CONCENTRATION ERECTION RUBBER<\/p>","protected":false},"featured_media":60166,"comment_status":"open","ping_status":"closed","template":"","meta":{"_monsterinsights_skip_tracking":false,"_monsterinsights_sitenote_active":false,"_monsterinsights_sitenote_note":"","_monsterinsights_sitenote_category":0,"_joinchat":[]},"product_brand":[],"product_cat":[1170,1152,1160,148],"product_tag":[],"class_list":{"0":"post-28512","1":"product","2":"type-product","3":"status-publish","4":"has-post-thumbnail","6":"product_cat-juguetes-bienestar-juguetes-para-hombresaccesorios-para-el-pene","7":"product_cat-juguetes-bienestar","8":"product_cat-juguetes-bienestar-juguetes-para-hombres","9":"product_cat-ofertas","10":"yith_product_brand-saninex","11":"yith_product_brand-saninexsaninex-sextoys","13":"first","14":"instock","15":"taxable","16":"shipping-taxable","17":"purchasable","18":"product-type-simple"},"aioseo_notices":[],"_links":{"self":[{"href":"https:\/\/www.mysexualfantasy.eu\/en\/wp-json\/wp\/v2\/product\/28512","targetHints":{"allow":["GET"]}}],"collection":[{"href":"https:\/\/www.mysexualfantasy.eu\/en\/wp-json\/wp\/v2\/product"}],"about":[{"href":"https:\/\/www.mysexualfantasy.eu\/en\/wp-json\/wp\/v2\/types\/product"}],"replies":[{"embeddable":true,"href":"https:\/\/www.mysexualfantasy.eu\/en\/wp-json\/wp\/v2\/comments?post=28512"}],"wp:featuredmedia":[{"embeddable":true,"href":"https:\/\/www.mysexualfantasy.eu\/en\/wp-json\/wp\/v2\/media\/60166"}],"wp:attachment":[{"href":"https:\/\/www.mysexualfantasy.eu\/en\/wp-json\/wp\/v2\/media?parent=28512"}],"wp:term":[{"taxonomy":"product_brand","embeddable":true,"href":"https:\/\/www.mysexualfantasy.eu\/en\/wp-json\/wp\/v2\/product_brand?post=28512"},{"taxonomy":"product_cat","embeddable":true,"href":"https:\/\/www.mysexualfantasy.eu\/en\/wp-json\/wp\/v2\/product_cat?post=28512"},{"taxonomy":"product_tag","embeddable":true,"href":"https:\/\/www.mysexualfantasy.eu\/en\/wp-json\/wp\/v2\/product_tag?post=28512"}],"curies":[{"name":"wp","href":"https:\/\/api.w.org\/{rel}","templated":true}]}}