{"id":28516,"date":"2023-01-13T13:30:41","date_gmt":"2023-01-13T13:30:41","guid":{"rendered":"https:\/\/www.mysexualfantasy.eu\/?post_type=product&#038;p=28516"},"modified":"2023-12-06T16:03:00","modified_gmt":"2023-12-06T16:03:00","slug":"saninex-devotion-plug-lila","status":"publish","type":"product","link":"https:\/\/www.mysexualfantasy.eu\/en\/product\/saninex-devotion-plug-lila\/","title":{"rendered":"SANINEX DEVOTION PLUG LILA"},"content":{"rendered":"<p>Fant\u00e1stico intensificador de placer anal y vaginal, fabricado de suave silicona brillo material m\u00e9dico sanitario. Muy el\u00e1stico y maleable.<\/p>\n<ul>\n<li>C\u00f3modo, elegante y de f\u00e1cil uso.<\/li>\n<li>Dispone de una sujeci\u00f3n ventosa\u00a0 en la parte inferior.<\/li>\n<\/ul>\n<p>Saninex DEVOTION, est\u00e1 indicado a quienes quieren vivir nuevas y excitantes experiencias positivas. Con SANINEX DEVOTION unisex,\u00a0 alcanzaras la intensidad de placer anal y\/o vaginal deseada, descubriendo nuevas experiencias org\u00e1smicas.<\/p>\n<p>Obtendr\u00e1s con su f\u00e1cil uso, un alto placer sexual potente, adictivo y excitante. Su forma anat\u00f3mica finalizada en curvatura angular, proporciona mucha m\u00e1s facilidad en alcanzar placer y alto grado de excitaci\u00f3n. Dispone de ventosa en su base.<\/p>\n<p>Apto para lubricar con cualquier lubricante o aceite afrodisiaco Saninex. Alcanzar el orgasmo con Saninex devotion, es incre\u00edblemente excitante.\u00a0Disfruta de tus nuevos orgasmos generados por el placer anal.<\/p>\n<p>SANINEX DEVOTION, es presentado con m\u00e1ximo glamour y elegancia, en un atractivo bolso de exclusivo dise\u00f1o Saninex.<\/p>\n<ul>\n<li>Medidas: 135 x 30 mm.<\/li>\n<li>1 unidad.<\/li>\n<\/ul>\n<p>Indicaciones:<\/p>\n<ul>\n<li>Para un ALTO placer en cualquier momento y durante las relacione sexuales.<\/li>\n<li>Efecto altamente excitante.<\/li>\n<li>Fabricado con silicona brillo material m\u00e9dico sanitario. Hipoalerg\u00e9nico.<\/li>\n<li>Totalmente discreto.<\/li>\n<li>Adecuado para todo tipo de lubricantes y aceites afrodisiacos Saninex.<\/li>\n<li>Comprobado dermatol\u00f3gicamente y cl\u00ednicamente.<\/li>\n<li>Indicado iniciaci\u00f3n sexo anal.<\/li>\n<li>100% resistente al agua.<\/li>\n<li>100% libre de ftalatos.<\/li>\n<\/ul>\n<p>Saninex, marca la diferencia respecto al resto de marcas. Saninex poseedora de Licencia de fabricaci\u00f3n de productos medico\u00a0 sanitarios clase IIB, emitidas por el Ministerio de Sanidad Espa\u00f1ol y la Agencia Espa\u00f1ola del Medicamento.<\/p>\n<p>Saninex es calidad y seguridad!<\/p>","protected":false},"excerpt":{"rendered":"<p>SANINEX DEVOTION PLUG PURPLE<\/p>","protected":false},"featured_media":60168,"comment_status":"open","ping_status":"closed","template":"","meta":{"_monsterinsights_skip_tracking":false,"_monsterinsights_sitenote_active":false,"_monsterinsights_sitenote_note":"","_monsterinsights_sitenote_category":0,"_joinchat":[]},"product_brand":[],"product_cat":[1162,1152,1155,148,1189,1309],"product_tag":[],"class_list":{"0":"post-28516","1":"product","2":"type-product","3":"status-publish","4":"has-post-thumbnail","6":"product_cat-juguetes-bienestar-anal","7":"product_cat-juguetes-bienestar","8":"product_cat-juguetes-bienestar-juguetes-para-mujeres","9":"product_cat-ofertas","10":"product_cat-juguetes-bienestar-analplugs-anales","11":"product_cat-juguetes-bienestar-juguetes-para-mujerespunto-g","12":"yith_product_brand-saninex","13":"yith_product_brand-saninexsaninex-sextoys","15":"first","16":"instock","17":"taxable","18":"shipping-taxable","19":"purchasable","20":"product-type-simple"},"aioseo_notices":[],"_links":{"self":[{"href":"https:\/\/www.mysexualfantasy.eu\/en\/wp-json\/wp\/v2\/product\/28516","targetHints":{"allow":["GET"]}}],"collection":[{"href":"https:\/\/www.mysexualfantasy.eu\/en\/wp-json\/wp\/v2\/product"}],"about":[{"href":"https:\/\/www.mysexualfantasy.eu\/en\/wp-json\/wp\/v2\/types\/product"}],"replies":[{"embeddable":true,"href":"https:\/\/www.mysexualfantasy.eu\/en\/wp-json\/wp\/v2\/comments?post=28516"}],"wp:featuredmedia":[{"embeddable":true,"href":"https:\/\/www.mysexualfantasy.eu\/en\/wp-json\/wp\/v2\/media\/60168"}],"wp:attachment":[{"href":"https:\/\/www.mysexualfantasy.eu\/en\/wp-json\/wp\/v2\/media?parent=28516"}],"wp:term":[{"taxonomy":"product_brand","embeddable":true,"href":"https:\/\/www.mysexualfantasy.eu\/en\/wp-json\/wp\/v2\/product_brand?post=28516"},{"taxonomy":"product_cat","embeddable":true,"href":"https:\/\/www.mysexualfantasy.eu\/en\/wp-json\/wp\/v2\/product_cat?post=28516"},{"taxonomy":"product_tag","embeddable":true,"href":"https:\/\/www.mysexualfantasy.eu\/en\/wp-json\/wp\/v2\/product_tag?post=28516"}],"curies":[{"name":"wp","href":"https:\/\/api.w.org\/{rel}","templated":true}]}}