{"id":28523,"date":"2023-01-13T14:23:59","date_gmt":"2023-01-13T14:23:59","guid":{"rendered":"https:\/\/www.mysexualfantasy.eu\/?post_type=product&#038;p=28523"},"modified":"2023-12-06T15:30:34","modified_gmt":"2023-12-06T15:30:34","slug":"saninex-clever-bola-negra","status":"publish","type":"product","link":"https:\/\/www.mysexualfantasy.eu\/en\/product\/saninex-clever-bola-negra\/","title":{"rendered":"SANINEX CLEVER BOLA NEGRA"},"content":{"rendered":"<p>La inteligente y atractiva SANINEX CLEVER, estimula de forma progresiva en intensa\u00a0 tus puntos er\u00f3ticos vaginales m\u00e1s ocultos, gracias al movimiento de sus pendular esfera interior, favoreciendo tu musculatura y proporcionando un gran placer en tus relaciones \u00edntimas sexuales.<\/p>\n<ul>\n<li>Uso especialmente indicado para la obtenci\u00f3n de salud y placer.<\/li>\n<li>Fabricadas con silicona material m\u00e9dico sanitario FDA de muy alta calidad, suavidad extrema y l\u00edneas continuadas en su superficie.<\/li>\n<\/ul>\n<p>Al introducirlos en la vagina, tus movimientos cotidianos junto con los movimientos que produces al caminar, te proporcionar\u00e1n un\u00a0 fortalecimiento\u00a0 de tu musculatura vaginal\u00a0 adem\u00e1s de proporcionarte un masaje placenteramente infinito y saludable.<br \/>Con las SANINEX CLEVER,\u00a0 obtienes\u00a0 un beneficio en tu salud sexual\u00a0 incalculable, potenciando la musculatura del suelo p\u00e9lvico, con lo que gracias a ello despiertas y alcanzas cuotas de placer sexual mucho m\u00e1s intensas. SANINEX CLEVER, son presentadas con m\u00e1ximo glamour y elegancia, en un atractivo bolso de exclusivo dise\u00f1o Saninex.<br \/>La m\u00e1xima calidad y precios m\u00ednimos, siempre est\u00e1n presentes en toda la gama de productos salud y placer Saninex.<\/p>\n<p>Medidas:<\/p>\n<ul>\n<li>Ancho 35 mm. de di\u00e1metro x 120 mm de largo (con tirador)<\/li>\n<\/ul>\n<p>Indicaciones:<\/p>\n<ul>\n<li>1 unidad.<\/li>\n<li>Para un mayor placer durante las relacione sexuales.<\/li>\n<li>Como m\u00e9todo efectivo para la involuci\u00f3n uterina postparto.<\/li>\n<li>Para prevenir y colaborar con el tratamiento de la incontinencia.<\/li>\n<li>Efecto osciloscopico, proporcionado por las esferas del inferior.\u00a0<\/li>\n<li>Fabricado con silicona material m\u00e9dico sanitario FDA de muy alta calidad, con revestimiento de extrema suavidad con superficie dotada de rayas continuas. Hipoalerg\u00e9nico.<\/li>\n<li>No irrita la mucosa. Saludable 100%<\/li>\n<li>Comprobado dermatol\u00f3gicamente y cl\u00ednicamente.\u00a0<\/li>\n<li>Impermeable y de f\u00e1cil limpieza.<\/li>\n<li>Adecuado para todo tipo de lubricantes y aceites afrodisiacos Saninex.<\/li>\n<li>100% resistente al agua.<\/li>\n<li>100% libre de ftalatos.\u00a0<\/li>\n<\/ul>\n<p>Saninex, poseedora de Licencia productos sanitarios, emitidas por el Ministerio de Sanidad Espa\u00f1ol y la Agencia Espa\u00f1ola del Medicamento.<\/p>","protected":false},"excerpt":{"rendered":"<p>SANINEX CLEVER BALLS BLACK<\/p>","protected":false},"featured_media":67211,"comment_status":"open","ping_status":"closed","template":"","meta":{"_monsterinsights_skip_tracking":false,"_monsterinsights_sitenote_active":false,"_monsterinsights_sitenote_note":"","_monsterinsights_sitenote_category":0,"_joinchat":[]},"product_brand":[],"product_cat":[1158,1264,1152,148],"product_tag":[],"class_list":{"0":"post-28523","1":"product","2":"type-product","3":"status-publish","4":"has-post-thumbnail","6":"product_cat-juguetes-bienestar-bolas","7":"product_cat-juguetes-bienestar-bolasbolas-basicas","8":"product_cat-juguetes-bienestar","9":"product_cat-ofertas","10":"yith_product_brand-saninex","11":"yith_product_brand-saninexsaninex-sextoys","13":"first","14":"instock","15":"taxable","16":"shipping-taxable","17":"purchasable","18":"product-type-simple"},"aioseo_notices":[],"_links":{"self":[{"href":"https:\/\/www.mysexualfantasy.eu\/en\/wp-json\/wp\/v2\/product\/28523","targetHints":{"allow":["GET"]}}],"collection":[{"href":"https:\/\/www.mysexualfantasy.eu\/en\/wp-json\/wp\/v2\/product"}],"about":[{"href":"https:\/\/www.mysexualfantasy.eu\/en\/wp-json\/wp\/v2\/types\/product"}],"replies":[{"embeddable":true,"href":"https:\/\/www.mysexualfantasy.eu\/en\/wp-json\/wp\/v2\/comments?post=28523"}],"wp:featuredmedia":[{"embeddable":true,"href":"https:\/\/www.mysexualfantasy.eu\/en\/wp-json\/wp\/v2\/media\/67211"}],"wp:attachment":[{"href":"https:\/\/www.mysexualfantasy.eu\/en\/wp-json\/wp\/v2\/media?parent=28523"}],"wp:term":[{"taxonomy":"product_brand","embeddable":true,"href":"https:\/\/www.mysexualfantasy.eu\/en\/wp-json\/wp\/v2\/product_brand?post=28523"},{"taxonomy":"product_cat","embeddable":true,"href":"https:\/\/www.mysexualfantasy.eu\/en\/wp-json\/wp\/v2\/product_cat?post=28523"},{"taxonomy":"product_tag","embeddable":true,"href":"https:\/\/www.mysexualfantasy.eu\/en\/wp-json\/wp\/v2\/product_tag?post=28523"}],"curies":[{"name":"wp","href":"https:\/\/api.w.org\/{rel}","templated":true}]}}