{"id":28524,"date":"2023-01-13T11:44:27","date_gmt":"2023-01-13T11:44:27","guid":{"rendered":"https:\/\/www.mysexualfantasy.eu\/?post_type=product&#038;p=28524"},"modified":"2023-12-06T16:03:00","modified_gmt":"2023-12-06T16:03:00","slug":"saninex-climax-plug-anal-con-anillo-pene-lila","status":"publish","type":"product","link":"https:\/\/www.mysexualfantasy.eu\/en\/product\/saninex-climax-plug-anal-con-anillo-pene-lila\/","title":{"rendered":"SANINEX CLIMAX PLUG ANAL CON ANILLO PENE LILA"},"content":{"rendered":"<p>SANINEX CLIMAX, dise\u00f1ado para alcanzar el orgasmo intenso y prolongado.\u00a0<\/p>\n<p>Con SANINEX CLIMAX obtienes doble orgasmo, fusionando tu doble placer e\u00a0 intensidad. Genera\u00a0 analmente y en el pene la m\u00e1xima potencia sexual\u00a0 gracias a su anat\u00f3mica forma perfectamente definida\u00a0 y su ajustable anillo. Su alta calidad y detallado dise\u00f1o, hacen posible que tu placer sea siempre doblemente\u00a0 intenso.<\/p>\n<p>Con su\u00a0 ultra suave tacto\u00a0 y ajuste f\u00e1cil, podr\u00e1s dosificar la intensidad sexual exacta que deseas en todos tus orgasmos.<\/p>\n<p>SANINEX CLIMAX hace visible una mejora de salud y bienestar f\u00edsico a tu persona.<\/p>\n<ul>\n<li>Fabricado con silicona material m\u00e9dico sanitario FDA de muy alta calidad, suavidad extrema y l\u00edneas continuadas.\u00a0\u00a0<\/li>\n<\/ul>\n<p>SANINEX CLIMAX,\u00a0es presentado con m\u00e1ximo glamour y elegancia, en un atractivo bolso de exclusivo dise\u00f1o Saninex.<\/p>\n<p>La m\u00e1xima calidad y precios m\u00ednimos, siempre est\u00e1n presentes en toda la gama de productos salud y placer Saninex.<\/p>\n<p>Dise\u00f1o anat\u00f3mico, de forma realista y\u00a0 altamente atractivo, adaptado para todo tipo de pr\u00e1ctica sexual de alto placer.\u00a0 Dise\u00f1ado\u00a0 por Saninex, para\u00a0 obtener orgasmos\u00a0 anales altamente intensos.<\/p>\n<ul>\n<li>\u00a0Medidas con anillo: 215 x 28 mm.<\/li>\n<li>1 unidad.<\/li>\n<\/ul>\n<p>INDICACIONES:<\/p>\n<ul>\n<li>De f\u00e1cil uso y ajustable muy f\u00e1cilmente.<\/li>\n<li>Orgasmos mediante la doble estimulaci\u00f3n, altamente excitante.<\/li>\n<li>Para un alto placer en cualquier momento y durante las relacione sexuales.<\/li>\n<li>Fabricado con silicona material m\u00e9dico sanitario FDA de muy alta calidad, con revestimiento de extrema suavidad. Hipoalerg\u00e9nico.<\/li>\n<li>Totalmente discreto y\u00a0 de belleza est\u00e9tica.<\/li>\n<li>Adecuado para todo tipo de lubricantes y aceites afrodisiacos Saninex.<\/li>\n<li>Comprobado dermatol\u00f3gicamente y cl\u00ednicamente.<\/li>\n<li>100% resistente al agua.<\/li>\n<li>100% libre de ftalatos.<\/li>\n<\/ul>\n<p>Saninex, marca la diferencia respecto al resto de marcas. Saninex poseedora de Licencia de fabricaci\u00f3n de productos m\u00e9dico\u00a0 sanitarios clase IIB, emitidas por el Ministerio de Sanidad Espa\u00f1ol y la Agencia Espa\u00f1ola del Medicamento.<\/p>\n<p>Saninex es calidad y seguridad!<\/p>","protected":false},"excerpt":{"rendered":"<p>SANINEX CLIMAX BUTT PLUG AND RING PURPLE<\/p>","protected":false},"featured_media":42242,"comment_status":"open","ping_status":"closed","template":"","meta":{"_monsterinsights_skip_tracking":false,"_monsterinsights_sitenote_active":false,"_monsterinsights_sitenote_note":"","_monsterinsights_sitenote_category":0,"_joinchat":[]},"product_brand":[],"product_cat":[1170,1162,1171,1156,1157,1152,1160,1155,148,1189],"product_tag":[],"class_list":{"0":"post-28524","1":"product","2":"type-product","3":"status-publish","4":"has-post-thumbnail","6":"product_cat-juguetes-bienestar-juguetes-para-hombresaccesorios-para-el-pene","7":"product_cat-juguetes-bienestar-anal","8":"product_cat-juguetes-bienestar-juguetes-para-hombresaccesorios-para-el-peneanillos-pene","9":"product_cat-juguetes-bienestar-juguetes-para-mujeresestimuladores","10":"product_cat-juguetes-bienestar-juguetes-para-mujeresestimuladoreshuevos-vibradores","11":"product_cat-juguetes-bienestar","12":"product_cat-juguetes-bienestar-juguetes-para-hombres","13":"product_cat-juguetes-bienestar-juguetes-para-mujeres","14":"product_cat-ofertas","15":"product_cat-juguetes-bienestar-analplugs-anales","16":"yith_product_brand-saninex","17":"yith_product_brand-saninexsaninex-sextoys","19":"first","20":"instock","21":"taxable","22":"shipping-taxable","23":"purchasable","24":"product-type-simple"},"aioseo_notices":[],"_links":{"self":[{"href":"https:\/\/www.mysexualfantasy.eu\/en\/wp-json\/wp\/v2\/product\/28524","targetHints":{"allow":["GET"]}}],"collection":[{"href":"https:\/\/www.mysexualfantasy.eu\/en\/wp-json\/wp\/v2\/product"}],"about":[{"href":"https:\/\/www.mysexualfantasy.eu\/en\/wp-json\/wp\/v2\/types\/product"}],"replies":[{"embeddable":true,"href":"https:\/\/www.mysexualfantasy.eu\/en\/wp-json\/wp\/v2\/comments?post=28524"}],"wp:featuredmedia":[{"embeddable":true,"href":"https:\/\/www.mysexualfantasy.eu\/en\/wp-json\/wp\/v2\/media\/42242"}],"wp:attachment":[{"href":"https:\/\/www.mysexualfantasy.eu\/en\/wp-json\/wp\/v2\/media?parent=28524"}],"wp:term":[{"taxonomy":"product_brand","embeddable":true,"href":"https:\/\/www.mysexualfantasy.eu\/en\/wp-json\/wp\/v2\/product_brand?post=28524"},{"taxonomy":"product_cat","embeddable":true,"href":"https:\/\/www.mysexualfantasy.eu\/en\/wp-json\/wp\/v2\/product_cat?post=28524"},{"taxonomy":"product_tag","embeddable":true,"href":"https:\/\/www.mysexualfantasy.eu\/en\/wp-json\/wp\/v2\/product_tag?post=28524"}],"curies":[{"name":"wp","href":"https:\/\/api.w.org\/{rel}","templated":true}]}}