{"id":28529,"date":"2023-01-13T13:30:46","date_gmt":"2023-01-13T13:30:46","guid":{"rendered":"https:\/\/www.mysexualfantasy.eu\/?post_type=product&#038;p=28529"},"modified":"2023-12-06T14:55:10","modified_gmt":"2023-12-06T14:55:10","slug":"saninex-delight-plug-dildo-rosa","status":"publish","type":"product","link":"https:\/\/www.mysexualfantasy.eu\/en\/product\/saninex-delight-plug-dildo-rosa\/","title":{"rendered":"SANINEX DELIGHT PLUG-DILDO ROSA"},"content":{"rendered":"<p>Fant\u00e1stico intensificador de placer anal y vaginal, fabricado de\u00a0 silicona brillo, material m\u00e9dico sanitario. Muy el\u00e1stico y maleable.<\/p>\n<ul>\n<li>C\u00f3modo, elegante y de f\u00e1cil uso.<\/li>\n<li>Saninex DELIGHT, est\u00e1 indicado a quienes quieren vivir nuevas y excitantes experiencias positivas.<\/li>\n<li>Con SANINEX DELIGHT unisex,\u00a0 alcanzaras la intensidad de placer anal y\/o vaginal deseada, descubriendo nuevas experiencias org\u00e1smicas.<\/li>\n<li>Obtendr\u00e1s con su f\u00e1cil uso, un alto placer sexual potente, adictivo y excitante.<\/li>\n<li>Su dise\u00f1o rectil\u00ednea esf\u00e9rico, finalizado en una suave forma c\u00f3nica, proporciona intensa facilidad en alcanzar placer y alto grado de excitaci\u00f3n.<\/li>\n<li>Apto para lubricar con cualquier lubricante o aceite afrodisiaco Saninex.<\/li>\n<li>Alcanzar el orgasmo mediante su uso, es incre\u00edblemente excitante.<\/li>\n<\/ul>\n<p>Disfruta donde, como y cuando quieras, de tus nuevos orgasmos generados por el placer que muy f\u00e1cilmente\u00a0 te proporciona.<\/p>\n<p>SANINEX DELIGHT, es presentado con m\u00e1ximo glamour y elegancia, en un atractivo bolso de exclusivo dise\u00f1o Saninex.<\/p>\n<p>La m\u00e1xima calidad y precios m\u00ednimos, siempre est\u00e1n presentes en toda la gama de productos salud y placer Saninex.<\/p>\n<ul>\n<li>Medidas: 135 x 35 mm.<\/li>\n<li>Color\u00a0transparente.<\/li>\n<li>1 unidad.<\/li>\n<\/ul>\n<p>Indicaciones:<\/p>\n<ul>\n<li>Para un ALTO placer en cualquier momento y durante las relacione sexuales.<\/li>\n<li>Efecto altamente excitante.<\/li>\n<li>Fabricado con silicona brillo material m\u00e9dico sanitario. Hipoalerg\u00e9nico.<\/li>\n<li>Totalmente discreto.<\/li>\n<li>Adecuado para todo tipo de lubricantes y aceites afrodisiacos Saninex.<\/li>\n<li>Comprobado dermatol\u00f3gicamente y cl\u00ednicamente.<\/li>\n<li>Indicado iniciaci\u00f3n sexo anal.<\/li>\n<li>100% resistente al agua.<\/li>\n<li>100% libre de ftalatos.<\/li>\n<\/ul>\n<p>Saninex, marca la diferencia respecto al resto de marcas. Saninex poseedora de Licencia de fabricaci\u00f3n de productos medico\u00a0 sanitarios clase IIB, emitidas por el Ministerio de Sanidad Espa\u00f1ol y la Agencia Espa\u00f1ola del Medicamento.<\/p>\n<p>Saninex es calidad y seguridad!<\/p>","protected":false},"excerpt":{"rendered":"<p>SANINEX DELIGHT PLUG-DILDO PINK<\/p>","protected":false},"featured_media":60174,"comment_status":"open","ping_status":"closed","template":"","meta":{"_monsterinsights_skip_tracking":false,"_monsterinsights_sitenote_active":false,"_monsterinsights_sitenote_note":"","_monsterinsights_sitenote_category":0,"_joinchat":[]},"product_brand":[],"product_cat":[1162,1182,1152,148,1189],"product_tag":[],"class_list":{"0":"post-28529","1":"product","2":"type-product","3":"status-publish","4":"has-post-thumbnail","6":"product_cat-juguetes-bienestar-anal","7":"product_cat-juguetes-bienestar-dildos","8":"product_cat-juguetes-bienestar","9":"product_cat-ofertas","10":"product_cat-juguetes-bienestar-analplugs-anales","11":"yith_product_brand-saninex","12":"yith_product_brand-saninexsaninex-sextoys","14":"first","15":"instock","16":"taxable","17":"shipping-taxable","18":"purchasable","19":"product-type-simple"},"aioseo_notices":[],"_links":{"self":[{"href":"https:\/\/www.mysexualfantasy.eu\/en\/wp-json\/wp\/v2\/product\/28529","targetHints":{"allow":["GET"]}}],"collection":[{"href":"https:\/\/www.mysexualfantasy.eu\/en\/wp-json\/wp\/v2\/product"}],"about":[{"href":"https:\/\/www.mysexualfantasy.eu\/en\/wp-json\/wp\/v2\/types\/product"}],"replies":[{"embeddable":true,"href":"https:\/\/www.mysexualfantasy.eu\/en\/wp-json\/wp\/v2\/comments?post=28529"}],"wp:featuredmedia":[{"embeddable":true,"href":"https:\/\/www.mysexualfantasy.eu\/en\/wp-json\/wp\/v2\/media\/60174"}],"wp:attachment":[{"href":"https:\/\/www.mysexualfantasy.eu\/en\/wp-json\/wp\/v2\/media?parent=28529"}],"wp:term":[{"taxonomy":"product_brand","embeddable":true,"href":"https:\/\/www.mysexualfantasy.eu\/en\/wp-json\/wp\/v2\/product_brand?post=28529"},{"taxonomy":"product_cat","embeddable":true,"href":"https:\/\/www.mysexualfantasy.eu\/en\/wp-json\/wp\/v2\/product_cat?post=28529"},{"taxonomy":"product_tag","embeddable":true,"href":"https:\/\/www.mysexualfantasy.eu\/en\/wp-json\/wp\/v2\/product_tag?post=28529"}],"curies":[{"name":"wp","href":"https:\/\/api.w.org\/{rel}","templated":true}]}}