{"id":28532,"date":"2023-01-13T13:07:09","date_gmt":"2023-01-13T13:07:09","guid":{"rendered":"https:\/\/www.mysexualfantasy.eu\/?post_type=product&#038;p=28532"},"modified":"2023-12-06T15:38:16","modified_gmt":"2023-12-06T15:38:16","slug":"saninex-liaison-plug-hueco-rosa","status":"publish","type":"product","link":"https:\/\/www.mysexualfantasy.eu\/en\/product\/saninex-liaison-plug-hueco-rosa\/","title":{"rendered":"SANINEX LIAISON PLUG HUECO ROSA"},"content":{"rendered":"<p>Plug t\u00fanel anat\u00f3mico\u00a0 Saninex LIAISON, con el que f\u00e1cilmente puedes optar a muchas facetas sexuales anales altamente placenteras. Adaptaci\u00f3n entre nalgas perfecta y f\u00e1cil.<\/p>\n<ul>\n<li>Saninex LIAISON proporciona la m\u00e1s c\u00f3moda manera de adentrarse en tu sexualidad anal. Desde el uso de vibradores, dildos, plug, etc,\u00a0 hasta la aplicaci\u00f3n de lubricantes especializados Saninex, con los que obtienes una perfecta lubricaci\u00f3n y m\u00e1ximo placer sexual anal.\u00a0<\/li>\n<li>Saninex LIAISON es la perfecta uni\u00f3n del placer y la salud sexual.\u00a0<\/li>\n<li>Fabricacion de dise\u00f1o anat\u00f3mico, realizado\u00a0 con silicona brillo material m\u00e9dico sanitario de muy alta calidad.<\/li>\n<li>SANINEX LIAISON de base ancha con la que adem\u00e1s de acoplar perfectamente, favorece el extraerlo f\u00e1cilmente. Unisex est\u00e1 indicado a quienes potencian su sexualidad y obtienen orgasmos a trav\u00e9s del sexo anal, generando as\u00ed nuevos excitantes placeres y experiencias positivas.<\/li>\n<li>SANINEX LIAISON unisex descubrir\u00e1s y alcanzaras la intensidad total\u00a0 de placer anal deseada.<\/li>\n<li>Obtendr\u00e1s con su f\u00e1cil uso, la opcion de multiples\u00a0 placeres sexuales potentes, adictivos y excitantes.<\/li>\n<li>SANINEX LIAISON unisex, es presentado con m\u00e1ximo glamour y elegancia, en un atractivo bolso de exclusivo dise\u00f1o Saninex.<\/li>\n<\/ul>\n<p>La m\u00e1xima calidad y precios m\u00ednimos, siempre est\u00e1n presentes en toda la gama de productos salud y placer Saninex.<\/p>\n<ul>\n<li>1 unidad.<\/li>\n<\/ul>\n<p>Medidas:<\/p>\n<ul>\n<li>Anchura exterior 45 mm.<\/li>\n<li>Anchura t\u00fanel 25 mm.\u00a0<\/li>\n<li>Altura total 65 mm.<\/li>\n<\/ul>\n<p>INDICACIONES:<\/p>\n<ul>\n<li>Obtenci\u00f3n de m\u00faltiples tipos de orgasmos mediante diferentes tipos de estimulaci\u00f3n anal,\u00a0 altamente excitantes.<\/li>\n<li>Para un alto placer en cualquier momento y durante las relacione sexuales.<\/li>\n<li>Facil y comodo<\/li>\n<li>Fabricado con silicona brillo material m\u00e9dico sanitario de muy alta calidad.. Hipoalerg\u00e9nico.<\/li>\n<li>Totalmente discreto\u00a0 de belleza est\u00e9tica.<\/li>\n<li>Adecuado para todo tipo de lubricantes y aceites afrodisiacos Saninex.<\/li>\n<li>Comprobado dermatol\u00f3gicamente y cl\u00ednicamente.<\/li>\n<li>100% resistente al agua.<\/li>\n<li>100% libre de ftalatos.<\/li>\n<\/ul>\n<p>Saninex, marca la diferencia respecto al resto de marcas. Saninex poseedora de Licencia de fabricaci\u00f3n de productos m\u00e9dico\u00a0 sanitarios clase IIB, emitidas por el Ministerio de Sanidad Espa\u00f1ol y la Agencia Espa\u00f1ola del Medicamento.<\/p>\n<p>\u00a1Saninex es calidad y seguridad!<\/p>","protected":false},"excerpt":{"rendered":"<p>SANINEX LIAISON PLUG ORGASMIC TUNNER PINK<\/p>","protected":false},"featured_media":55705,"comment_status":"open","ping_status":"closed","template":"","meta":{"_monsterinsights_skip_tracking":false,"_monsterinsights_sitenote_active":false,"_monsterinsights_sitenote_note":"","_monsterinsights_sitenote_category":0,"_joinchat":[]},"product_brand":[],"product_cat":[1170,1162,1299,1152,1160,148,1189],"product_tag":[],"class_list":{"0":"post-28532","1":"product","2":"type-product","3":"status-publish","4":"has-post-thumbnail","6":"product_cat-juguetes-bienestar-juguetes-para-hombresaccesorios-para-el-pene","7":"product_cat-juguetes-bienestar-anal","8":"product_cat-juguetes-bienestar-juguetes-para-hombresaccesorios-para-el-penearneses-pene","9":"product_cat-juguetes-bienestar","10":"product_cat-juguetes-bienestar-juguetes-para-hombres","11":"product_cat-ofertas","12":"product_cat-juguetes-bienestar-analplugs-anales","13":"yith_product_brand-saninex","14":"yith_product_brand-saninexsaninex-sextoys","16":"first","17":"instock","18":"taxable","19":"shipping-taxable","20":"purchasable","21":"product-type-simple"},"aioseo_notices":[],"_links":{"self":[{"href":"https:\/\/www.mysexualfantasy.eu\/en\/wp-json\/wp\/v2\/product\/28532","targetHints":{"allow":["GET"]}}],"collection":[{"href":"https:\/\/www.mysexualfantasy.eu\/en\/wp-json\/wp\/v2\/product"}],"about":[{"href":"https:\/\/www.mysexualfantasy.eu\/en\/wp-json\/wp\/v2\/types\/product"}],"replies":[{"embeddable":true,"href":"https:\/\/www.mysexualfantasy.eu\/en\/wp-json\/wp\/v2\/comments?post=28532"}],"wp:featuredmedia":[{"embeddable":true,"href":"https:\/\/www.mysexualfantasy.eu\/en\/wp-json\/wp\/v2\/media\/55705"}],"wp:attachment":[{"href":"https:\/\/www.mysexualfantasy.eu\/en\/wp-json\/wp\/v2\/media?parent=28532"}],"wp:term":[{"taxonomy":"product_brand","embeddable":true,"href":"https:\/\/www.mysexualfantasy.eu\/en\/wp-json\/wp\/v2\/product_brand?post=28532"},{"taxonomy":"product_cat","embeddable":true,"href":"https:\/\/www.mysexualfantasy.eu\/en\/wp-json\/wp\/v2\/product_cat?post=28532"},{"taxonomy":"product_tag","embeddable":true,"href":"https:\/\/www.mysexualfantasy.eu\/en\/wp-json\/wp\/v2\/product_tag?post=28532"}],"curies":[{"name":"wp","href":"https:\/\/api.w.org\/{rel}","templated":true}]}}