{"id":28539,"date":"2023-01-13T11:44:28","date_gmt":"2023-01-13T11:44:28","guid":{"rendered":"https:\/\/www.mysexualfantasy.eu\/?post_type=product&#038;p=28539"},"modified":"2023-12-06T14:55:11","modified_gmt":"2023-12-06T14:55:11","slug":"saninex-sensation-plug-con-cola-arcoiris","status":"publish","type":"product","link":"https:\/\/www.mysexualfantasy.eu\/en\/product\/saninex-sensation-plug-con-cola-arcoiris\/","title":{"rendered":"SANINEX SENSATION PLUG CON COLA ARCOIRIS"},"content":{"rendered":"<p>Fant\u00e1stico intensificador de placer\u00a0 sexual anal para ti\u00a0 y estimulante visi\u00f3n sexual a quienes vas a hacer gozar.\u00a0<\/p>\n<p>La apariencia m\u00e1s atrevida,\u00a0 salvaje y si lo deseas tambi\u00e9n risue\u00f1a\u00a0 divertida, de dar total soltura a tus relaciones sexuales.\u00a0<\/p>\n<p>Plug fabricado con\u00a0 silicona material m\u00e9dico sanitario FDA de muy alta calidad, con revestimiento de extrema suavidad y l\u00edneas continuadas.\u00a0 \u00a0Cola de suave pelo sint\u00e9tico y fuertes colores muy atractivos.<\/p>\n<p>SANINEX SENSATION Unisex est\u00e1 indicado a quienes\u00a0 quieren potenciar su sexualidad y obtener orgasmos a trav\u00e9s del sexo anal, generando as\u00ed nuevos excitantes placereS, acompa\u00f1ados de\u00a0 experiencias positivas.<\/p>\n<ul>\n<li>Su suavidad, su forma c\u00f3nica y su f\u00e1cil uso, te proporciona disfrutar de un placer constante.<\/li>\n<li>Apto para lubricar con cualquier lubricante o aceite afrodisiaco Saninex.<\/li>\n<li>Alcanzar los orgasmos mediante la estimulaci\u00f3n anal es altamente excitante.<\/li>\n<\/ul>\n<p>SANINEX SENSATION unisex, es presentado con m\u00e1ximo glamour y elegancia, en un atractivo bolso de exclusivo dise\u00f1o Saninex.<br \/>La m\u00e1xima calidad y precios m\u00ednimos, siempre est\u00e1n presentes en toda la gama de productos salud y placer Saninex.<\/p>\n<p>Medidas<\/p>\n<ul>\n<li>PLUG: Alto 70 mm.\u00a0<\/li>\n<li>Ancho 30 mm.<\/li>\n<li>Medidas cola: Alto 350 mm.\u00a0<\/li>\n<li>Ancho 80 mm.<\/li>\n<\/ul>\n<p>Indicaciones:<\/p>\n<ul>\n<li>Para un alto placer en cualquier momento y durante las relacione sexuales.<\/li>\n<li>Efecto altamente excitante.\u00a0<\/li>\n<li>Fabricado con silicona material m\u00e9dico sanitario FDA de muy alta calidad, con revestimiento de extrema suavidad. Hipoalerg\u00e9nico.<\/li>\n<li>Adecuado para todo tipo de lubricantes y aceites afrodisiacos Saninex.<\/li>\n<li>Comprobado dermatol\u00f3gicamente y cl\u00ednicamente.\u00a0<\/li>\n<li>100% resistente al agua.<\/li>\n<li>100% libre de ftalatos.\u00a0<\/li>\n<\/ul>\n<p>Saninex, poseedora de Licencia productos sanitarios, emitidas por el Ministerio de Sanidad Espa<\/p>","protected":false},"excerpt":{"rendered":"<p>SANINEX SENSATION TAIL BUTT PLUG RAINBOW<\/p>","protected":false},"featured_media":42244,"comment_status":"open","ping_status":"closed","template":"","meta":{"_monsterinsights_skip_tracking":false,"_monsterinsights_sitenote_active":false,"_monsterinsights_sitenote_note":"","_monsterinsights_sitenote_category":0,"_joinchat":[]},"product_brand":[],"product_cat":[1162,1152,148,1189],"product_tag":[],"class_list":{"0":"post-28539","1":"product","2":"type-product","3":"status-publish","4":"has-post-thumbnail","6":"product_cat-juguetes-bienestar-anal","7":"product_cat-juguetes-bienestar","8":"product_cat-ofertas","9":"product_cat-juguetes-bienestar-analplugs-anales","10":"yith_product_brand-saninex","11":"yith_product_brand-saninexsaninex-sextoys","13":"first","14":"instock","15":"taxable","16":"shipping-taxable","17":"purchasable","18":"product-type-simple"},"aioseo_notices":[],"_links":{"self":[{"href":"https:\/\/www.mysexualfantasy.eu\/en\/wp-json\/wp\/v2\/product\/28539","targetHints":{"allow":["GET"]}}],"collection":[{"href":"https:\/\/www.mysexualfantasy.eu\/en\/wp-json\/wp\/v2\/product"}],"about":[{"href":"https:\/\/www.mysexualfantasy.eu\/en\/wp-json\/wp\/v2\/types\/product"}],"replies":[{"embeddable":true,"href":"https:\/\/www.mysexualfantasy.eu\/en\/wp-json\/wp\/v2\/comments?post=28539"}],"wp:featuredmedia":[{"embeddable":true,"href":"https:\/\/www.mysexualfantasy.eu\/en\/wp-json\/wp\/v2\/media\/42244"}],"wp:attachment":[{"href":"https:\/\/www.mysexualfantasy.eu\/en\/wp-json\/wp\/v2\/media?parent=28539"}],"wp:term":[{"taxonomy":"product_brand","embeddable":true,"href":"https:\/\/www.mysexualfantasy.eu\/en\/wp-json\/wp\/v2\/product_brand?post=28539"},{"taxonomy":"product_cat","embeddable":true,"href":"https:\/\/www.mysexualfantasy.eu\/en\/wp-json\/wp\/v2\/product_cat?post=28539"},{"taxonomy":"product_tag","embeddable":true,"href":"https:\/\/www.mysexualfantasy.eu\/en\/wp-json\/wp\/v2\/product_tag?post=28539"}],"curies":[{"name":"wp","href":"https:\/\/api.w.org\/{rel}","templated":true}]}}