{"id":28563,"date":"2023-01-13T11:44:29","date_gmt":"2023-01-13T11:44:29","guid":{"rendered":"https:\/\/www.mysexualfantasy.eu\/?post_type=product&#038;p=28563"},"modified":"2023-12-06T15:54:19","modified_gmt":"2023-12-06T15:54:19","slug":"all-black-anal-plug-16x8cm","status":"publish","type":"product","link":"https:\/\/www.mysexualfantasy.eu\/en\/product\/all-black-anal-plug-16x8cm\/","title":{"rendered":"ALL BLACK &#8211; ANAL PLUG 16X8 CM"},"content":{"rendered":"<p>El Buttplug All Black te abre lentamente pero seguramente m\u00e1s y m\u00e1s al fondo. Este tap\u00f3n es suave, flexible y est\u00e1 disponible en varios tama\u00f1os.<\/p>\n<p>Se pueden usar lubricantes a base de agua y silicona. Limpie bien el tap\u00f3n despu\u00e9s de usarlo. Cada juguete est\u00e1 envuelto herm\u00e9ticamente en una funda protectora de pl\u00e1stico transparente.<\/p>\n<ul>\n<li>Medidas: 16 x 8 cm<\/li>\n<li>Dimensiones del producto: 16 x 6 x 6 cm<\/li>\n<li>Peso del producto: 341 gr<\/li>\n<li>Di\u00e1metro del producto: 6,0 cm<\/li>\n<li>Longitud insertable: 12,5 cm<\/li>\n<li>Sumergible<\/li>\n<\/ul>\n<p>Descubre toda la gama de productos ALLBLACK, todos los tama\u00f1os y todas las formas disponibles desatan la imaginaci\u00f3n en la versi\u00f3n black m\u00e1s variada del mercado, todos los productos cuentan con un material hipoalerg\u00e9nico libre de\u00a0 phalatos perfecto para todos los p\u00fablicos.<\/p>\n<p>\u00a0* Para conseguir una experiencia \u00f3ptima y poder disfrutar de manera placentera y sin sentir dolor, ALL BLACK\u00a0recomienda el uso de los lubricantes de la marca Black Hole<\/p>","protected":false},"excerpt":{"rendered":"<p>ALL BLACK &#8211; ANAL PLUG 16X8 CM<\/p>","protected":false},"featured_media":42251,"comment_status":"open","ping_status":"closed","template":"","meta":{"_monsterinsights_skip_tracking":false,"_monsterinsights_sitenote_active":false,"_monsterinsights_sitenote_note":"","_monsterinsights_sitenote_category":0,"_joinchat":[]},"product_brand":[],"product_cat":[1162,1306,1152,1189],"product_tag":[],"class_list":{"0":"post-28563","1":"product","2":"type-product","3":"status-publish","4":"has-post-thumbnail","6":"product_cat-juguetes-bienestar-anal","7":"product_cat-juguetes-bienestar-analdildos-anales","8":"product_cat-juguetes-bienestar","9":"product_cat-juguetes-bienestar-analplugs-anales","10":"yith_product_brand-all-black","12":"first","13":"instock","14":"taxable","15":"shipping-taxable","16":"purchasable","17":"product-type-simple"},"aioseo_notices":[],"_links":{"self":[{"href":"https:\/\/www.mysexualfantasy.eu\/en\/wp-json\/wp\/v2\/product\/28563","targetHints":{"allow":["GET"]}}],"collection":[{"href":"https:\/\/www.mysexualfantasy.eu\/en\/wp-json\/wp\/v2\/product"}],"about":[{"href":"https:\/\/www.mysexualfantasy.eu\/en\/wp-json\/wp\/v2\/types\/product"}],"replies":[{"embeddable":true,"href":"https:\/\/www.mysexualfantasy.eu\/en\/wp-json\/wp\/v2\/comments?post=28563"}],"wp:featuredmedia":[{"embeddable":true,"href":"https:\/\/www.mysexualfantasy.eu\/en\/wp-json\/wp\/v2\/media\/42251"}],"wp:attachment":[{"href":"https:\/\/www.mysexualfantasy.eu\/en\/wp-json\/wp\/v2\/media?parent=28563"}],"wp:term":[{"taxonomy":"product_brand","embeddable":true,"href":"https:\/\/www.mysexualfantasy.eu\/en\/wp-json\/wp\/v2\/product_brand?post=28563"},{"taxonomy":"product_cat","embeddable":true,"href":"https:\/\/www.mysexualfantasy.eu\/en\/wp-json\/wp\/v2\/product_cat?post=28563"},{"taxonomy":"product_tag","embeddable":true,"href":"https:\/\/www.mysexualfantasy.eu\/en\/wp-json\/wp\/v2\/product_tag?post=28563"}],"curies":[{"name":"wp","href":"https:\/\/api.w.org\/{rel}","templated":true}]}}