{"id":28574,"date":"2023-01-13T13:30:49","date_gmt":"2023-01-13T13:30:49","guid":{"rendered":"https:\/\/www.mysexualfantasy.eu\/?post_type=product&#038;p=28574"},"modified":"2023-12-06T16:03:03","modified_gmt":"2023-12-06T16:03:03","slug":"bvibe-cinco-anal-beads-control-remoto","status":"publish","type":"product","link":"https:\/\/www.mysexualfantasy.eu\/en\/product\/bvibe-cinco-anal-beads-control-remoto\/","title":{"rendered":"BVIBE CINCO ANAL BEADS CONTROL REMOTO"},"content":{"rendered":"<p>Derrumbate de placer con este plug anal con cinco niveles flexibles en los que se encuentran 3 potentes motores. Experimenta con las sensaciones y disfruta del m\u00e1ximo placer garantizado que proporcionan los 6 niveles de vibraci\u00f3n y sus 15 patrones distintos de vibraci\u00f3n para que escojas en cualquier momento con su mando a distancia que funciona a m\u00e1s de 9 metros de distancia.\u00a0<\/p>\n<p>Es perfecto para los m\u00e1s entusiastas de la estimulaci\u00f3n anal y aquellos que les guste disfrutar de profundas y potentes sensaciones. adem\u00e1s incluye un sistema de bloqueo de viaje para que no se encienda de forma accidental y una bolsa para transportarlo de forma discreta y guardar cuando no est\u00e9 us\u00e1ndose.\u00a0<\/p>\n<p>Caracter\u00edsticas:\u00a0<\/p>\n<ul>\n<li>6 intensidades de vibraci\u00f3n\u00a0<\/li>\n<li>15 modos de vibraci\u00f3n<\/li>\n<li>Vibraciones silenciosas<\/li>\n<li>Silicona ultra suave\u00a0<\/li>\n<li>Hipoalerg\u00e9nico y bodysafe\u00a0<\/li>\n<li>Puede usarse con o sin mando<\/li>\n<li>El mando funciona a m\u00e1s de 9 metros de distancia\u00a0<\/li>\n<li>Resistente a salpicaduras.\u00a0<\/li>\n<li>3 motores<\/li>\n<li>USB recargable. Carga magn\u00e9tica.\u00a0<\/li>\n<li>Punta redondeada para una f\u00e1cil y c\u00f3moda inserci\u00f3n.\u00a0<\/li>\n<li>Sistema de bloqueo<\/li>\n<li>Bolsa incluida\u00a0<\/li>\n<\/ul>\n<p>\u00a0<\/p>","protected":false},"excerpt":{"rendered":"<p>BVIBE CINCO ANAL BEADS<\/p>","protected":false},"featured_media":60177,"comment_status":"open","ping_status":"closed","template":"","meta":{"_monsterinsights_skip_tracking":false,"_monsterinsights_sitenote_active":false,"_monsterinsights_sitenote_note":"","_monsterinsights_sitenote_category":0,"_joinchat":[]},"product_brand":[],"product_cat":[1193,1162,1306,1152,1155,1165,1189,1309,1153,1154],"product_tag":[],"class_list":{"0":"post-28574","1":"product","2":"type-product","3":"status-publish","4":"has-post-thumbnail","6":"product_cat-juguetes-bienestar-vibradores100-sumergible","7":"product_cat-juguetes-bienestar-anal","8":"product_cat-juguetes-bienestar-analdildos-anales","9":"product_cat-juguetes-bienestar","10":"product_cat-juguetes-bienestar-juguetes-para-mujeres","11":"product_cat-juguetes-bienestar-juguetes-para-mujeresmasturbadores-para-ellas","12":"product_cat-juguetes-bienestar-analplugs-anales","13":"product_cat-juguetes-bienestar-juguetes-para-mujerespunto-g","14":"product_cat-juguetes-bienestar-vibradores","15":"product_cat-juguetes-bienestar-vibradoresvibradores-control-remoto","16":"yith_product_brand-b-vibe","18":"first","19":"instock","20":"taxable","21":"shipping-taxable","22":"purchasable","23":"product-type-simple"},"aioseo_notices":[],"_links":{"self":[{"href":"https:\/\/www.mysexualfantasy.eu\/en\/wp-json\/wp\/v2\/product\/28574","targetHints":{"allow":["GET"]}}],"collection":[{"href":"https:\/\/www.mysexualfantasy.eu\/en\/wp-json\/wp\/v2\/product"}],"about":[{"href":"https:\/\/www.mysexualfantasy.eu\/en\/wp-json\/wp\/v2\/types\/product"}],"replies":[{"embeddable":true,"href":"https:\/\/www.mysexualfantasy.eu\/en\/wp-json\/wp\/v2\/comments?post=28574"}],"wp:featuredmedia":[{"embeddable":true,"href":"https:\/\/www.mysexualfantasy.eu\/en\/wp-json\/wp\/v2\/media\/60177"}],"wp:attachment":[{"href":"https:\/\/www.mysexualfantasy.eu\/en\/wp-json\/wp\/v2\/media?parent=28574"}],"wp:term":[{"taxonomy":"product_brand","embeddable":true,"href":"https:\/\/www.mysexualfantasy.eu\/en\/wp-json\/wp\/v2\/product_brand?post=28574"},{"taxonomy":"product_cat","embeddable":true,"href":"https:\/\/www.mysexualfantasy.eu\/en\/wp-json\/wp\/v2\/product_cat?post=28574"},{"taxonomy":"product_tag","embeddable":true,"href":"https:\/\/www.mysexualfantasy.eu\/en\/wp-json\/wp\/v2\/product_tag?post=28574"}],"curies":[{"name":"wp","href":"https:\/\/api.w.org\/{rel}","templated":true}]}}