{"id":28599,"date":"2023-01-13T14:36:22","date_gmt":"2023-01-13T14:36:22","guid":{"rendered":"https:\/\/www.mysexualfantasy.eu\/?post_type=product&#038;p=28599"},"modified":"2023-12-06T16:03:04","modified_gmt":"2023-12-06T16:03:04","slug":"satisfyer-anillo-vibrador-2","status":"publish","type":"product","link":"https:\/\/www.mysexualfantasy.eu\/en\/product\/satisfyer-anillo-vibrador-2\/","title":{"rendered":"SATISFYER ANILLO VIBRADOR 2"},"content":{"rendered":"<p>UN PEQUE\u00d1O ANILLO CON UN GRAN EFECTO Esta corona de santidad acaricia amorosamente a tu mejor amigo, \u00a1aunque lo que hag\u00e1is despu\u00e9s ser\u00e1 cualquier cosa menos inocente!<\/p>\n<p>El anillo Satisfyer es todo un complemento para tu sable del amor y os regalar\u00e1 a ti y a tu pareja un est\u00edmulo chispeante y duradero. \u00a1Este peque\u00f1o juguete er\u00f3tico disfruta compartiendo vuestros juegos y a cambio os regala momentos de aut\u00e9ntico placer!<\/p>\n<p>Adem\u00e1s, el estimulador del cl\u00edtoris estimula su bot\u00f3n del amor con 10 intensos modos de vibraci\u00f3n simplemente pulsando un bot\u00f3n. Pero sus intensas vibraciones tambi\u00e9n cuidan de tus cascabeles durante tus t\u00f3rridas andanzas en solitario y te catapultan hacia el inevitable orgasmo.<\/p>\n<p>Con su suave y delicada superficie azul profundo de silicona m\u00e9dica, este juguete sexual te arrastra a un \u00e9xtasis celestial con solo pon\u00e9rtelo. Adem\u00e1s el anillo es agradablemente flexible, lo que le permite adaptarse a cualquier tama\u00f1o con el \u00fanico objetivo de apretarse contra tu pene en un c\u00e1lido abrazo.<\/p>\n<p>Su agridulce efecto de retenci\u00f3n sangu\u00ednea retrasa con eficacia tu orgasmo y te regala no solo una fant\u00e1stica erecci\u00f3n, sino tambi\u00e9n una m\u00e1xima resistencia, \u00a1algo que no solo te har\u00e1 feliz a ti!<\/p>\n<ul>\n<li>Impermeable.<\/li>\n<li>Resistencia definitiva<\/li>\n<li>Para juegos en solitario y en pareja<\/li>\n<li>Silicona m\u00e9dica 10 programas de vibraci\u00f3n<\/li>\n<li>Recargable, incluye cable de carga USB<\/li>\n<\/ul>\n<p>\u00a1Su acabado impermeable te permite disfrutar sin l\u00edmites incluso en la ducha! Y qu\u00e9 tal disfrutar de un ronroneante concierto er\u00f3tico en la ba\u00f1era junto a tu pareja&#8230;?<\/p>","protected":false},"excerpt":{"rendered":"<p>SATISFYER VIBRATING RING 2<\/p>","protected":false},"featured_media":69443,"comment_status":"open","ping_status":"closed","template":"","meta":{"_monsterinsights_skip_tracking":false,"_monsterinsights_sitenote_active":false,"_monsterinsights_sitenote_note":"","_monsterinsights_sitenote_category":0,"_joinchat":[]},"product_brand":[],"product_cat":[1170,1172,1171,1156,1152,1160,1155,1163],"product_tag":[],"class_list":{"0":"post-28599","1":"product","2":"type-product","3":"status-publish","4":"has-post-thumbnail","6":"product_cat-juguetes-bienestar-juguetes-para-hombresaccesorios-para-el-pene","7":"product_cat-juguetes-bienestar-juguetes-para-hombresaccesorios-para-el-peneanillos-peneanillos-con-vibracion","8":"product_cat-juguetes-bienestar-juguetes-para-hombresaccesorios-para-el-peneanillos-pene","9":"product_cat-juguetes-bienestar-juguetes-para-mujeresestimuladores","10":"product_cat-juguetes-bienestar","11":"product_cat-juguetes-bienestar-juguetes-para-hombres","12":"product_cat-juguetes-bienestar-juguetes-para-mujeres","13":"product_cat-juguetes-bienestar-juguetes-para-mujeresestimuladorespara-clitoris","14":"yith_product_brand-satisfyer","15":"yith_product_brand-satisfyer-satisfyer-ring","17":"first","18":"instock","19":"taxable","20":"shipping-taxable","21":"purchasable","22":"product-type-simple"},"aioseo_notices":[],"_links":{"self":[{"href":"https:\/\/www.mysexualfantasy.eu\/en\/wp-json\/wp\/v2\/product\/28599","targetHints":{"allow":["GET"]}}],"collection":[{"href":"https:\/\/www.mysexualfantasy.eu\/en\/wp-json\/wp\/v2\/product"}],"about":[{"href":"https:\/\/www.mysexualfantasy.eu\/en\/wp-json\/wp\/v2\/types\/product"}],"replies":[{"embeddable":true,"href":"https:\/\/www.mysexualfantasy.eu\/en\/wp-json\/wp\/v2\/comments?post=28599"}],"wp:featuredmedia":[{"embeddable":true,"href":"https:\/\/www.mysexualfantasy.eu\/en\/wp-json\/wp\/v2\/media\/69443"}],"wp:attachment":[{"href":"https:\/\/www.mysexualfantasy.eu\/en\/wp-json\/wp\/v2\/media?parent=28599"}],"wp:term":[{"taxonomy":"product_brand","embeddable":true,"href":"https:\/\/www.mysexualfantasy.eu\/en\/wp-json\/wp\/v2\/product_brand?post=28599"},{"taxonomy":"product_cat","embeddable":true,"href":"https:\/\/www.mysexualfantasy.eu\/en\/wp-json\/wp\/v2\/product_cat?post=28599"},{"taxonomy":"product_tag","embeddable":true,"href":"https:\/\/www.mysexualfantasy.eu\/en\/wp-json\/wp\/v2\/product_tag?post=28599"}],"curies":[{"name":"wp","href":"https:\/\/api.w.org\/{rel}","templated":true}]}}