{"id":28600,"date":"2023-01-13T14:36:24","date_gmt":"2023-01-13T14:36:24","guid":{"rendered":"https:\/\/www.mysexualfantasy.eu\/?post_type=product&#038;p=28600"},"modified":"2023-12-06T16:03:05","modified_gmt":"2023-12-06T16:03:05","slug":"satisfyer-anillo-vibrador-1","status":"publish","type":"product","link":"https:\/\/www.mysexualfantasy.eu\/en\/product\/satisfyer-anillo-vibrador-1\/","title":{"rendered":"SATISFYER ANILLO VIBRADOR 1"},"content":{"rendered":"<p>M\u00c1S RESISTENCIA Este d\u00f3nut camuflado como anillo para el pene solo quiere endulzar vuestros momentos m\u00e1s c\u00e1lidos.<\/p>\n<p>Equipa bien tu espada del amor con el anillo Satisfyer para que tanto t\u00fa como tu pareja disfrut\u00e9is de un est\u00edmulo chispeante. El estimulador del cl\u00edtoris abarca una gran superficie y estimula su bot\u00f3n del amor con 10 intensos modos de vibraci\u00f3n simplemente pulsando un bot\u00f3n. Pero sus intensas vibraciones tambi\u00e9n cuidan de tus cascabeles durante tus t\u00f3rridas andanzas en solitario y te catapultan hacia el inevitable orgasmo.<\/p>\n<p>Con su suave y delicada superficie azul profundo de silicona m\u00e9dica, este juguete sexual te arrastra a un \u00e9xtasis celestial con solo pon\u00e9rtelo.<\/p>\n<p>Adem\u00e1s el anillo es agradablemente flexible, lo que le permite adaptarse a cualquier tama\u00f1o con el \u00fanico objetivo de apretarse contra tu pene en un c\u00e1lido abrazo. Su agridulce efecto de retenci\u00f3n sangu\u00ednea retrasa con eficacia tu orgasmo y te regala no solo una fant\u00e1stica erecci\u00f3n, sino tambi\u00e9n una m\u00e1xima resistencia, \u00a1algo que no solo te har\u00e1 feliz a ti!<\/p>\n<ul>\n<li>Impermeable.<\/li>\n<li>Resistencia definitiva<\/li>\n<li>Para juegos en solitario y en pareja<\/li>\n<li>Silicona m\u00e9dica 10 programas de vibraci\u00f3n<\/li>\n<li>Recargable, incluye cable de carga USB<\/li>\n<\/ul>\n<p>\u00a1Su acabado impermeable te permite disfrutar sin l\u00edmites incluso en la ducha! Y qu\u00e9 tal disfrutar de un ronroneante concierto er\u00f3tico en la ba\u00f1era junto a tu pareja&#8230;?<\/p>","protected":false},"excerpt":{"rendered":"<p>SATISFYER VIBRATING RING 1<\/p>","protected":false},"featured_media":69448,"comment_status":"open","ping_status":"closed","template":"","meta":{"_monsterinsights_skip_tracking":false,"_monsterinsights_sitenote_active":false,"_monsterinsights_sitenote_note":"","_monsterinsights_sitenote_category":0,"_joinchat":[]},"product_brand":[],"product_cat":[1170,1172,1171,1156,1152,1160,1155,1163],"product_tag":[],"class_list":{"0":"post-28600","1":"product","2":"type-product","3":"status-publish","4":"has-post-thumbnail","6":"product_cat-juguetes-bienestar-juguetes-para-hombresaccesorios-para-el-pene","7":"product_cat-juguetes-bienestar-juguetes-para-hombresaccesorios-para-el-peneanillos-peneanillos-con-vibracion","8":"product_cat-juguetes-bienestar-juguetes-para-hombresaccesorios-para-el-peneanillos-pene","9":"product_cat-juguetes-bienestar-juguetes-para-mujeresestimuladores","10":"product_cat-juguetes-bienestar","11":"product_cat-juguetes-bienestar-juguetes-para-hombres","12":"product_cat-juguetes-bienestar-juguetes-para-mujeres","13":"product_cat-juguetes-bienestar-juguetes-para-mujeresestimuladorespara-clitoris","14":"yith_product_brand-satisfyer","15":"yith_product_brand-satisfyer-satisfyer-ring","17":"first","18":"instock","19":"taxable","20":"shipping-taxable","21":"purchasable","22":"product-type-simple"},"aioseo_notices":[],"_links":{"self":[{"href":"https:\/\/www.mysexualfantasy.eu\/en\/wp-json\/wp\/v2\/product\/28600","targetHints":{"allow":["GET"]}}],"collection":[{"href":"https:\/\/www.mysexualfantasy.eu\/en\/wp-json\/wp\/v2\/product"}],"about":[{"href":"https:\/\/www.mysexualfantasy.eu\/en\/wp-json\/wp\/v2\/types\/product"}],"replies":[{"embeddable":true,"href":"https:\/\/www.mysexualfantasy.eu\/en\/wp-json\/wp\/v2\/comments?post=28600"}],"wp:featuredmedia":[{"embeddable":true,"href":"https:\/\/www.mysexualfantasy.eu\/en\/wp-json\/wp\/v2\/media\/69448"}],"wp:attachment":[{"href":"https:\/\/www.mysexualfantasy.eu\/en\/wp-json\/wp\/v2\/media?parent=28600"}],"wp:term":[{"taxonomy":"product_brand","embeddable":true,"href":"https:\/\/www.mysexualfantasy.eu\/en\/wp-json\/wp\/v2\/product_brand?post=28600"},{"taxonomy":"product_cat","embeddable":true,"href":"https:\/\/www.mysexualfantasy.eu\/en\/wp-json\/wp\/v2\/product_cat?post=28600"},{"taxonomy":"product_tag","embeddable":true,"href":"https:\/\/www.mysexualfantasy.eu\/en\/wp-json\/wp\/v2\/product_tag?post=28600"}],"curies":[{"name":"wp","href":"https:\/\/api.w.org\/{rel}","templated":true}]}}