{"id":28624,"date":"2023-01-13T14:43:15","date_gmt":"2023-01-13T14:43:15","guid":{"rendered":"https:\/\/www.mysexualfantasy.eu\/?post_type=product&#038;p=28624"},"modified":"2023-12-06T17:25:45","modified_gmt":"2023-12-06T17:25:45","slug":"obsessive-giftella-set-dos-piezas-s-m","status":"publish","type":"product","link":"https:\/\/www.mysexualfantasy.eu\/en\/product\/obsessive-giftella-set-dos-piezas-s-m\/","title":{"rendered":"OBSESSIVE &#8211; GIFTELLA SET DOS PIEZAS S\/M"},"content":{"rendered":"<p>Te gustar\u00eda comprarte algo super sexy? O quiz\u00e1s prepararle un regalo especial a tu pareja? Muestrate con el set Giftella y no dudar\u00e1 ni un segundo nada mas te vea\u00a0<\/p>\n<p>Caracter\u00edsticas:\u00a0<\/p>\n<ul>\n<li>Set dos piezas Giftella<\/li>\n<li>Sujetador de halter neck con lazada en la espelada\u00a0<\/li>\n<li>Tanga de tirantas<\/li>\n<li>Corte muy picante con los pechos casi descubiertos en su totalidad<\/li>\n<li>Con tres lacitos\u00a0<\/li>\n<li>Compuesto por sujetador y tanga<\/li>\n<li>Medias no incluidas. Recomendamos las S808 de Obsessive\u00a0<\/li>\n<li>Suave mallita y tiras el\u00e1sticas<\/li>\n<li>Composici\u00f3n: 94% poliamida \/ 6% el\u00e1stano.\u00a0<\/li>\n<li>Talla: S\/M<\/li>\n<\/ul>\n<p>Obsessive significa inspiraci\u00f3n en la mujer!\u00a0 Elegancia, sensualidad, amor a la costura&#8230;.significa mucho para la mujer, pocos son los adjetivos que pueden calificar a Obsessive, donde una labor de a\u00f1os han conseguido unir la mejor relaci\u00f3n calidad-precio.<\/p>\n<p 1.5=\"\" roboto=\"\" style=\"box-sizing: border-box;\">\u00a1L\u00edderes mundiales en lencer\u00eda, nadie lo hace mejor!<\/p>\n<p 1.5=\"\" roboto=\"\" style=\"box-sizing: border-box; text-align: center;\"><img decoding=\"async\" src=\"https:\/\/store.dreamlove.es\/UserFiles\/images\/SIZES.png\" \/><\/p>","protected":false},"excerpt":{"rendered":"<p>OBSESSIVE &#8211; GIFTELLA TWO PIECES SET S\/M<\/p>","protected":false},"featured_media":70541,"comment_status":"open","ping_status":"closed","template":"","meta":{"_monsterinsights_skip_tracking":false,"_monsterinsights_sitenote_active":false,"_monsterinsights_sitenote_note":"","_monsterinsights_sitenote_category":0,"_joinchat":[]},"product_brand":[],"product_cat":[1196,1199,1166,1200],"product_tag":[],"class_list":{"0":"post-28624","1":"product","2":"type-product","3":"status-publish","4":"has-post-thumbnail","6":"product_cat-moda-lencerialenceria-mujer","7":"product_cat-moda-lencerialenceria-mujerlenceria-sexy","8":"product_cat-moda-lenceria","9":"product_cat-moda-lencerialenceria-mujerlenceria-sexysujetador-y-parte-inferior","10":"yith_product_brand-obsessive","11":"yith_product_brand-obsessiveobsessive-sets","13":"first","14":"instock","15":"taxable","16":"shipping-taxable","17":"purchasable","18":"product-type-variable"},"aioseo_notices":[],"_links":{"self":[{"href":"https:\/\/www.mysexualfantasy.eu\/en\/wp-json\/wp\/v2\/product\/28624","targetHints":{"allow":["GET"]}}],"collection":[{"href":"https:\/\/www.mysexualfantasy.eu\/en\/wp-json\/wp\/v2\/product"}],"about":[{"href":"https:\/\/www.mysexualfantasy.eu\/en\/wp-json\/wp\/v2\/types\/product"}],"replies":[{"embeddable":true,"href":"https:\/\/www.mysexualfantasy.eu\/en\/wp-json\/wp\/v2\/comments?post=28624"}],"wp:featuredmedia":[{"embeddable":true,"href":"https:\/\/www.mysexualfantasy.eu\/en\/wp-json\/wp\/v2\/media\/70541"}],"wp:attachment":[{"href":"https:\/\/www.mysexualfantasy.eu\/en\/wp-json\/wp\/v2\/media?parent=28624"}],"wp:term":[{"taxonomy":"product_brand","embeddable":true,"href":"https:\/\/www.mysexualfantasy.eu\/en\/wp-json\/wp\/v2\/product_brand?post=28624"},{"taxonomy":"product_cat","embeddable":true,"href":"https:\/\/www.mysexualfantasy.eu\/en\/wp-json\/wp\/v2\/product_cat?post=28624"},{"taxonomy":"product_tag","embeddable":true,"href":"https:\/\/www.mysexualfantasy.eu\/en\/wp-json\/wp\/v2\/product_tag?post=28624"}],"curies":[{"name":"wp","href":"https:\/\/api.w.org\/{rel}","templated":true}]}}