{"id":28681,"date":"2023-01-13T12:03:57","date_gmt":"2023-01-13T12:03:57","guid":{"rendered":"https:\/\/www.mysexualfantasy.eu\/?post_type=product&#038;p=28681"},"modified":"2023-12-06T15:33:29","modified_gmt":"2023-12-06T15:33:29","slug":"sevencreations-mini-conejito-rampante","status":"publish","type":"product","link":"https:\/\/www.mysexualfantasy.eu\/en\/product\/sevencreations-mini-conejito-rampante\/","title":{"rendered":"SEVENCREATIONS MINI CONEJITO RAMPANTE"},"content":{"rendered":"<p>Vibrador rotador \u00a0de alta tecnolog\u00eda fabricado en suave GELATINA con m\u00faltiples capacidades de utilizaci\u00f3n.<\/p>\n<ul>\n<li>Es resistente al agua, con lo cual puedes usarlo tambi\u00e9n en la ducha.<\/li>\n<li>Debido a su tama\u00f1o, es ideal para utilizar tanto en penetraciones vaginales como anales.<\/li>\n<li>Incorpora un vibrador con\u00a0control electr\u00f3nico\u00a0tanto de velocidad como de oscilaci\u00f3n y rotaci\u00f3n.<\/li>\n<li>Diferentes posibilidades de utilizaci\u00f3n:\u00a0Velocidad baja, media, alta, en combinaci\u00f3n con las\u00a0perlas giratorias\u00a0internas que te har\u00e1n enloquecer de placer.<\/li>\n<li>Como novedad, la parte superior del vibrador oscila sobre si misma, consiguiendo un aut\u00e9ntica sensaci\u00f3n de penetraci\u00f3n real.<\/li>\n<\/ul>\n<p>Adem\u00e1s tambi\u00e9n incorpora otro vibrador espec\u00edficamente indicado para estimular el cl\u00edtoris mediante un dise\u00f1o que simula una suave lengua.<\/p>\n<p>Funciona con 3 pilas\u00a0LR03\/AAA\u00a0que puedes encontrar en la secci\u00f3n\u00a0Pilas.<\/p>\n<ul>\n<li>Di\u00e1metro Exterior: 4 cm<\/li>\n<li>Longitud del Eje: 17 cm<\/li>\n<li>Longitud Insertable: 10 cm<\/li>\n<li>Muy \u00fatil para la iniciaci\u00f3n anal, puesto que no hay nada m\u00e1s sensible que tu propio dedo.<\/li>\n<\/ul>\n<p>Sevencreations naci\u00f3 en el a\u00f1o 2002 para satisfacer a millones de personas en el mundo, la marca establecida como una empresa solida fabrica casi 1 mill\u00f3n de juguetes al d\u00eda con un precio adaptado a p\u00fablicos de todos los poderes adquisitivos y personas que se inician en el mundo del juguete sexual.<\/p>","protected":false},"excerpt":{"rendered":"<p>SEVENCREATIONS MINI RABBIT ROTATING VIBRATOR<\/p>","protected":false},"featured_media":45326,"comment_status":"open","ping_status":"closed","template":"","meta":{"_monsterinsights_skip_tracking":false,"_monsterinsights_sitenote_active":false,"_monsterinsights_sitenote_note":"","_monsterinsights_sitenote_category":0,"_joinchat":[]},"product_brand":[],"product_cat":[1193,1152,1194,1153,1195],"product_tag":[],"class_list":{"0":"post-28681","1":"product","2":"type-product","3":"status-publish","4":"has-post-thumbnail","6":"product_cat-juguetes-bienestar-vibradores100-sumergible","7":"product_cat-juguetes-bienestar","8":"product_cat-juguetes-bienestar-vibradoresrotadores-y-vibradores","9":"product_cat-juguetes-bienestar-vibradores","10":"product_cat-juguetes-bienestar-vibradoresvibradores-rabbit","11":"yith_product_brand-seven-creations","13":"first","14":"instock","15":"taxable","16":"shipping-taxable","17":"purchasable","18":"product-type-simple"},"aioseo_notices":[],"_links":{"self":[{"href":"https:\/\/www.mysexualfantasy.eu\/en\/wp-json\/wp\/v2\/product\/28681","targetHints":{"allow":["GET"]}}],"collection":[{"href":"https:\/\/www.mysexualfantasy.eu\/en\/wp-json\/wp\/v2\/product"}],"about":[{"href":"https:\/\/www.mysexualfantasy.eu\/en\/wp-json\/wp\/v2\/types\/product"}],"replies":[{"embeddable":true,"href":"https:\/\/www.mysexualfantasy.eu\/en\/wp-json\/wp\/v2\/comments?post=28681"}],"wp:featuredmedia":[{"embeddable":true,"href":"https:\/\/www.mysexualfantasy.eu\/en\/wp-json\/wp\/v2\/media\/45326"}],"wp:attachment":[{"href":"https:\/\/www.mysexualfantasy.eu\/en\/wp-json\/wp\/v2\/media?parent=28681"}],"wp:term":[{"taxonomy":"product_brand","embeddable":true,"href":"https:\/\/www.mysexualfantasy.eu\/en\/wp-json\/wp\/v2\/product_brand?post=28681"},{"taxonomy":"product_cat","embeddable":true,"href":"https:\/\/www.mysexualfantasy.eu\/en\/wp-json\/wp\/v2\/product_cat?post=28681"},{"taxonomy":"product_tag","embeddable":true,"href":"https:\/\/www.mysexualfantasy.eu\/en\/wp-json\/wp\/v2\/product_tag?post=28681"}],"curies":[{"name":"wp","href":"https:\/\/api.w.org\/{rel}","templated":true}]}}