{"id":28725,"date":"2023-01-13T12:42:56","date_gmt":"2023-01-13T12:42:56","guid":{"rendered":"https:\/\/www.mysexualfantasy.eu\/?post_type=product&#038;p=28725"},"modified":"2023-12-06T15:09:18","modified_gmt":"2023-12-06T15:09:18","slug":"kit-sala-secreta-oro-nivel-1-presentacion-regalo","status":"publish","type":"product","link":"https:\/\/www.mysexualfantasy.eu\/en\/product\/kit-sala-secreta-oro-nivel-1-presentacion-regalo\/","title":{"rendered":"KIT SALA SECRETA ORO NIVEL 1 PRESENTACION REGALO"},"content":{"rendered":"<p align=\"center\"> Perfectos kits dise\u00f1ados para parejas que desean hacer una escapada rom\u00e1ntica, un apasionado viaje fin de semana o para una noche fuera de la ciudad. <\/p>\n<p> Los Kits Secretroom tienen un tama\u00f1o perfecto para llevar en el bolso, de viaje, en la maleta o en cualquier objeto de transporte de un amante activo siendo su tama\u00f1o discreto, elegante y una caja de sorpresas en su interior. <\/p>\n<p> Qu\u00e9 vas a encontrar en los kits Secretroom? <\/p>\n<p> El nivel Gold, parejas donde ya conocen los juegos sexuales a un nivel intermedio, aquellos jugadores que quieren subir a un siguiente nivel superior o bien parejas con ganas de pasarlo bien pero que ya han utilizado alg\u00fan tipo de juguete sexual o estimulante en alguna ocasi\u00f3n, para ello presentamos a Gold un completo kit que ser\u00e1 perfecto para estimular todos los sentidos. <\/p>\n<p> Secret Room Gold nivel 1 <\/p>\n<ul>\n<li> Antifaz confeccionado a mano <\/li>\n<li> Pezoneras bordadas color negro <\/li>\n<li> Esposas tela y metal exclusivas <\/li>\n<li> Dado posturas Kamasutra <\/li>\n<li> Temporizador <\/li>\n<li> Pluma para masajes <\/li>\n<li> Anillo vibrador <\/li>\n<li> Estimulador vibrador <\/li>\n<li> Spartan couple gel, un estimulador para parejas basado en una crema potenciadora del orgasmo. <\/li>\n<li> Olympia vibrador l\u00edquido para parejas, un perfecto estimulante que har\u00e1 vibrar a ambos. <\/li>\n<li> Nina Kik\u00ed lubricante sabor nubes de algod\u00f3n, perfecto para usar en las relaciones sexuales y adem\u00e1s es comestible. <\/li>\n<li> Estimulante Nina Kik\u00ed womanfly especial para mujer <\/li>\n<\/ul>\n<p> <span style=\"text-align: -webkit-center;\">Los nuevos Kits Secretroom tienen dos niveles en las gamas Silver, Gold y Bronze. Un reto sexual que ser\u00e1 un regalo seguro.<\/span> <\/p>\n<p style=\"text-align: center;\"><iframe allow=\"accelerometer; autoplay; encrypted-media; gyroscope; picture-in-picture\" allowfullscreen=\"\" frameborder=\"0\" height=\"400\" scrolling=\"no\" src=\"https:\/\/www.youtube.com\/embed\/OCkjM3Lzdo4?controls=0\" width=\"600\"><\/iframe><\/p>","protected":false},"excerpt":{"rendered":"<p>KIT DE PLACER SALA SECRETA ORO NIVEL 1<\/p>","protected":false},"featured_media":52868,"comment_status":"open","ping_status":"closed","template":"","meta":{"_monsterinsights_skip_tracking":false,"_monsterinsights_sitenote_active":false,"_monsterinsights_sitenote_note":"","_monsterinsights_sitenote_category":0,"_joinchat":[]},"product_brand":[],"product_cat":[1203,1152,1220,1185,1216],"product_tag":[],"class_list":{"0":"post-28725","1":"product","2":"type-product","3":"status-publish","4":"has-post-thumbnail","6":"product_cat-drogueria","7":"product_cat-juguetes-bienestar","8":"product_cat-drogueria-para-masajeskits-de-masaje","9":"product_cat-juguetes-bienestar-kits-juguetes-sexuales","10":"product_cat-drogueria-para-masajes","11":"yith_product_brand-secret-room","13":"first","14":"instock","15":"taxable","16":"shipping-taxable","17":"purchasable","18":"product-type-simple"},"aioseo_notices":[],"_links":{"self":[{"href":"https:\/\/www.mysexualfantasy.eu\/en\/wp-json\/wp\/v2\/product\/28725","targetHints":{"allow":["GET"]}}],"collection":[{"href":"https:\/\/www.mysexualfantasy.eu\/en\/wp-json\/wp\/v2\/product"}],"about":[{"href":"https:\/\/www.mysexualfantasy.eu\/en\/wp-json\/wp\/v2\/types\/product"}],"replies":[{"embeddable":true,"href":"https:\/\/www.mysexualfantasy.eu\/en\/wp-json\/wp\/v2\/comments?post=28725"}],"wp:featuredmedia":[{"embeddable":true,"href":"https:\/\/www.mysexualfantasy.eu\/en\/wp-json\/wp\/v2\/media\/52868"}],"wp:attachment":[{"href":"https:\/\/www.mysexualfantasy.eu\/en\/wp-json\/wp\/v2\/media?parent=28725"}],"wp:term":[{"taxonomy":"product_brand","embeddable":true,"href":"https:\/\/www.mysexualfantasy.eu\/en\/wp-json\/wp\/v2\/product_brand?post=28725"},{"taxonomy":"product_cat","embeddable":true,"href":"https:\/\/www.mysexualfantasy.eu\/en\/wp-json\/wp\/v2\/product_cat?post=28725"},{"taxonomy":"product_tag","embeddable":true,"href":"https:\/\/www.mysexualfantasy.eu\/en\/wp-json\/wp\/v2\/product_tag?post=28725"}],"curies":[{"name":"wp","href":"https:\/\/api.w.org\/{rel}","templated":true}]}}