{"id":28744,"date":"2023-01-13T11:41:41","date_gmt":"2023-01-13T11:41:41","guid":{"rendered":"https:\/\/www.mysexualfantasy.eu\/?post_type=product&#038;p=28744"},"modified":"2023-12-06T15:55:08","modified_gmt":"2023-12-06T15:55:08","slug":"sevencreations-pera-limpieza-rectal","status":"publish","type":"product","link":"https:\/\/www.mysexualfantasy.eu\/en\/product\/sevencreations-pera-limpieza-rectal\/","title":{"rendered":"SEVENCREATIONS PERA LIMPIEZA RECTAL"},"content":{"rendered":"<p>Consigue unas relaciones sexuales m\u00e1s higi\u00e9nicas con RECTAL SYRINGE.<\/p>\n<ul>\n<li>Su exclusivo sistema de limpieza a trav\u00e9s de Spray, garantiza la limpieza m\u00e1s completa.<\/li>\n<\/ul>\n<p>Para mayor higiene, dispone de dos boquillas que permiten un doble uso, una para ser utilizada v\u00eda anal y la otra v\u00eda vaginal.<\/p>\n<p>Sevencreations naci\u00f3 en el a\u00f1o 2002 para satisfacer a millones de personas en el mundo, la marca establecida como una empresa solida fabrica casi 1 mill\u00f3n de juguetes al d\u00eda con un precio adaptado a p\u00fablicos de todos los poderes adquisitivos y personas que se inician en el mundo del juguete sexual.<\/p>","protected":false},"excerpt":{"rendered":"<p>SEVENCREATIONS RECTAL SYRINGE.<\/p>","protected":false},"featured_media":41291,"comment_status":"open","ping_status":"closed","template":"","meta":{"_monsterinsights_skip_tracking":false,"_monsterinsights_sitenote_active":false,"_monsterinsights_sitenote_note":"","_monsterinsights_sitenote_category":0,"_joinchat":[]},"product_brand":[],"product_cat":[1162,1258,1203,1307,1152,1259],"product_tag":[],"class_list":{"0":"post-28744","1":"product","2":"type-product","3":"status-publish","4":"has-post-thumbnail","6":"product_cat-juguetes-bienestar-anal","7":"product_cat-drogueria-desinfeccion-y-mantenimiento","8":"product_cat-drogueria","9":"product_cat-juguetes-bienestar-analducha-anal","10":"product_cat-juguetes-bienestar","11":"product_cat-drogueria-desinfeccion-y-mantenimiento-limpieza-intima","12":"yith_product_brand-seven-creations","14":"first","15":"instock","16":"taxable","17":"shipping-taxable","18":"purchasable","19":"product-type-simple"},"aioseo_notices":[],"_links":{"self":[{"href":"https:\/\/www.mysexualfantasy.eu\/en\/wp-json\/wp\/v2\/product\/28744","targetHints":{"allow":["GET"]}}],"collection":[{"href":"https:\/\/www.mysexualfantasy.eu\/en\/wp-json\/wp\/v2\/product"}],"about":[{"href":"https:\/\/www.mysexualfantasy.eu\/en\/wp-json\/wp\/v2\/types\/product"}],"replies":[{"embeddable":true,"href":"https:\/\/www.mysexualfantasy.eu\/en\/wp-json\/wp\/v2\/comments?post=28744"}],"wp:featuredmedia":[{"embeddable":true,"href":"https:\/\/www.mysexualfantasy.eu\/en\/wp-json\/wp\/v2\/media\/41291"}],"wp:attachment":[{"href":"https:\/\/www.mysexualfantasy.eu\/en\/wp-json\/wp\/v2\/media?parent=28744"}],"wp:term":[{"taxonomy":"product_brand","embeddable":true,"href":"https:\/\/www.mysexualfantasy.eu\/en\/wp-json\/wp\/v2\/product_brand?post=28744"},{"taxonomy":"product_cat","embeddable":true,"href":"https:\/\/www.mysexualfantasy.eu\/en\/wp-json\/wp\/v2\/product_cat?post=28744"},{"taxonomy":"product_tag","embeddable":true,"href":"https:\/\/www.mysexualfantasy.eu\/en\/wp-json\/wp\/v2\/product_tag?post=28744"}],"curies":[{"name":"wp","href":"https:\/\/api.w.org\/{rel}","templated":true}]}}