{"id":28750,"date":"2023-01-13T11:41:41","date_gmt":"2023-01-13T11:41:41","guid":{"rendered":"https:\/\/www.mysexualfantasy.eu\/?post_type=product&#038;p=28750"},"modified":"2023-12-06T15:55:08","modified_gmt":"2023-12-06T15:55:08","slug":"sevencreations-set-de-limpieza-anal-unisex","status":"publish","type":"product","link":"https:\/\/www.mysexualfantasy.eu\/en\/product\/sevencreations-set-de-limpieza-anal-unisex\/","title":{"rendered":"SEVENCREATIONS SET DE LIMPIEZA ANAL UNISEX"},"content":{"rendered":"<div>Consigue unas relaciones sexuales m\u00e1s higi\u00e9nicas con este kit limpieza vaginal o anal.<\/div>\n<ul>\n<li>\u2022<span style=\"white-space:pre\"> <\/span>Su exclusivo sistema de limpieza, le servir\u00e1 tanto para \u00e9l como para ella.<\/li>\n<li>\u2022<span style=\"white-space:pre\"> <\/span>Dispone de tres boquillas adaptables diferentes, para llegar a todos los rincones.<\/li>\n<li>Fabricado con material muy resistente que le confiere una larga durabilidad.<\/li>\n<\/ul>\n<div>Sevencreations naci\u00f3 en el a\u00f1o 2002 para satisfacer a millones de personas en el mundo, la marca establecida como una empresa solida fabrica casi 1 mill\u00f3n de juguetes al d\u00eda con un precio adaptado a p\u00fablicos de todos los poderes adquisitivos y personas que se inician en el mundo del juguete sexual.<\/div>\n<p class=\"MsoNormal\"><o:p><\/o:p><\/p>","protected":false},"excerpt":{"rendered":"<p>SEVENCREATIONS EASY TO USE DOUCHE<\/p>","protected":false},"featured_media":41293,"comment_status":"open","ping_status":"closed","template":"","meta":{"_monsterinsights_skip_tracking":false,"_monsterinsights_sitenote_active":false,"_monsterinsights_sitenote_note":"","_monsterinsights_sitenote_category":0,"_joinchat":[]},"product_brand":[],"product_cat":[1162,1258,1203,1307,1152,1259],"product_tag":[],"class_list":{"0":"post-28750","1":"product","2":"type-product","3":"status-publish","4":"has-post-thumbnail","6":"product_cat-juguetes-bienestar-anal","7":"product_cat-drogueria-desinfeccion-y-mantenimiento","8":"product_cat-drogueria","9":"product_cat-juguetes-bienestar-analducha-anal","10":"product_cat-juguetes-bienestar","11":"product_cat-drogueria-desinfeccion-y-mantenimiento-limpieza-intima","12":"yith_product_brand-seven-creations","14":"first","15":"instock","16":"taxable","17":"shipping-taxable","18":"purchasable","19":"product-type-simple"},"aioseo_notices":[],"_links":{"self":[{"href":"https:\/\/www.mysexualfantasy.eu\/en\/wp-json\/wp\/v2\/product\/28750","targetHints":{"allow":["GET"]}}],"collection":[{"href":"https:\/\/www.mysexualfantasy.eu\/en\/wp-json\/wp\/v2\/product"}],"about":[{"href":"https:\/\/www.mysexualfantasy.eu\/en\/wp-json\/wp\/v2\/types\/product"}],"replies":[{"embeddable":true,"href":"https:\/\/www.mysexualfantasy.eu\/en\/wp-json\/wp\/v2\/comments?post=28750"}],"wp:featuredmedia":[{"embeddable":true,"href":"https:\/\/www.mysexualfantasy.eu\/en\/wp-json\/wp\/v2\/media\/41293"}],"wp:attachment":[{"href":"https:\/\/www.mysexualfantasy.eu\/en\/wp-json\/wp\/v2\/media?parent=28750"}],"wp:term":[{"taxonomy":"product_brand","embeddable":true,"href":"https:\/\/www.mysexualfantasy.eu\/en\/wp-json\/wp\/v2\/product_brand?post=28750"},{"taxonomy":"product_cat","embeddable":true,"href":"https:\/\/www.mysexualfantasy.eu\/en\/wp-json\/wp\/v2\/product_cat?post=28750"},{"taxonomy":"product_tag","embeddable":true,"href":"https:\/\/www.mysexualfantasy.eu\/en\/wp-json\/wp\/v2\/product_tag?post=28750"}],"curies":[{"name":"wp","href":"https:\/\/api.w.org\/{rel}","templated":true}]}}