{"id":28756,"date":"2023-01-13T11:43:26","date_gmt":"2023-01-13T11:43:26","guid":{"rendered":"https:\/\/www.mysexualfantasy.eu\/?post_type=product&#038;p=28756"},"modified":"2023-12-06T14:52:31","modified_gmt":"2023-12-06T14:52:31","slug":"sevencreations-especulo-anal","status":"publish","type":"product","link":"https:\/\/www.mysexualfantasy.eu\/en\/product\/sevencreations-especulo-anal\/","title":{"rendered":"SEVENCREATIONS ESPECULO ANAL"},"content":{"rendered":"<p>Especulo graduable fabricado en metal.<\/p>\n<ul>\n<li>Permite dilatar la entrada del ano, manteniendo separadas sus paredes, con el objeto de explorar su interior.<\/li>\n<li>Utiliz\u00e1ndolo como dilatador previo, evitar\u00e1s malas experiencias y facilitar\u00e1s la penetraci\u00f3n posterior.<\/li>\n<li>Se introduce en el ano totalmente cerrado y con la ayuda de su apertura graduable, podr\u00e1s obtener la dilataci\u00f3n deseada<\/li>\n<\/ul>\n<p>.Sevencreations naci\u00f3 en el a\u00f1o 2002 para satisfacer a millones de personas en el mundo, la marca establecida como una empresa solida fabrica casi 1 mill\u00f3n de juguetes al d\u00eda con un precio adaptado a p\u00fablicos de todos los poderes adquisitivos y personas que se inician en el mundo del juguete sexual.<\/p>","protected":false},"excerpt":{"rendered":"<p>SEVENCREATIONS ANAL SPECULUM<\/p>","protected":false},"featured_media":41895,"comment_status":"open","ping_status":"closed","template":"","meta":{"_monsterinsights_skip_tracking":false,"_monsterinsights_sitenote_active":false,"_monsterinsights_sitenote_note":"","_monsterinsights_sitenote_category":0,"_joinchat":[]},"product_brand":[],"product_cat":[1162,1186,1152],"product_tag":[],"class_list":{"0":"post-28756","1":"product","2":"type-product","3":"status-publish","4":"has-post-thumbnail","6":"product_cat-juguetes-bienestar-anal","7":"product_cat-juguetes-bienestar-fabricado-con-metal","8":"product_cat-juguetes-bienestar","9":"yith_product_brand-seven-creations","11":"first","12":"instock","13":"taxable","14":"shipping-taxable","15":"purchasable","16":"product-type-simple"},"aioseo_notices":[],"_links":{"self":[{"href":"https:\/\/www.mysexualfantasy.eu\/en\/wp-json\/wp\/v2\/product\/28756","targetHints":{"allow":["GET"]}}],"collection":[{"href":"https:\/\/www.mysexualfantasy.eu\/en\/wp-json\/wp\/v2\/product"}],"about":[{"href":"https:\/\/www.mysexualfantasy.eu\/en\/wp-json\/wp\/v2\/types\/product"}],"replies":[{"embeddable":true,"href":"https:\/\/www.mysexualfantasy.eu\/en\/wp-json\/wp\/v2\/comments?post=28756"}],"wp:featuredmedia":[{"embeddable":true,"href":"https:\/\/www.mysexualfantasy.eu\/en\/wp-json\/wp\/v2\/media\/41895"}],"wp:attachment":[{"href":"https:\/\/www.mysexualfantasy.eu\/en\/wp-json\/wp\/v2\/media?parent=28756"}],"wp:term":[{"taxonomy":"product_brand","embeddable":true,"href":"https:\/\/www.mysexualfantasy.eu\/en\/wp-json\/wp\/v2\/product_brand?post=28756"},{"taxonomy":"product_cat","embeddable":true,"href":"https:\/\/www.mysexualfantasy.eu\/en\/wp-json\/wp\/v2\/product_cat?post=28756"},{"taxonomy":"product_tag","embeddable":true,"href":"https:\/\/www.mysexualfantasy.eu\/en\/wp-json\/wp\/v2\/product_tag?post=28756"}],"curies":[{"name":"wp","href":"https:\/\/api.w.org\/{rel}","templated":true}]}}