{"id":28774,"date":"2023-01-13T13:54:33","date_gmt":"2023-01-13T13:54:33","guid":{"rendered":"https:\/\/www.mysexualfantasy.eu\/?post_type=product&#038;p=28774"},"modified":"2023-12-06T14:54:30","modified_gmt":"2023-12-06T14:54:30","slug":"sevencreations-doble-pene-de-30-cm-morado","status":"publish","type":"product","link":"https:\/\/www.mysexualfantasy.eu\/en\/product\/sevencreations-doble-pene-de-30-cm-morado\/","title":{"rendered":"SEVENCREATIONS DOBLE PENE DE 30 CM MORADO"},"content":{"rendered":"<div>Doble pene fabricado en PVC de primera calidad para proporcionar el m\u00e1ximo placer y satisfacci\u00f3n. Este art\u00edculo libre de ftalatos, cuenta con doble cabeza de posici\u00f3n que se puede utilizar de m\u00faltiples maneras.<\/div>\n<ul>\n<li>\u2022<span style=\"white-space:pre\"> <\/span>Perfecto para citas dobles.<\/li>\n<li>\u2022<span style=\"white-space:pre\"> <\/span>Medidas Insertables: 32 cm x 3,5 cm.<\/li>\n<\/ul>\n<div>Sevencreations naci\u00f3 en el a\u00f1o 2002 para satisfacer a millones de personas en el mundo, la marca establecida como una empresa solida fabrica casi 1 mill\u00f3n de juguetes al d\u00eda con un precio adaptado a p\u00fablicos de todos los poderes adquisitivos y personas que se inician en el mundo del juguete sexual.<\/div>","protected":false},"excerpt":{"rendered":"<p>SEVENCREATIONS TWINZER 12 DOUBLE DONG PURPLE<\/p>","protected":false},"featured_media":63023,"comment_status":"open","ping_status":"closed","template":"","meta":{"_monsterinsights_skip_tracking":false,"_monsterinsights_sitenote_active":false,"_monsterinsights_sitenote_note":"","_monsterinsights_sitenote_category":0,"_joinchat":[]},"product_brand":[],"product_cat":[1182,1152,1183],"product_tag":[],"class_list":{"0":"post-28774","1":"product","2":"type-product","3":"status-publish","4":"has-post-thumbnail","6":"product_cat-juguetes-bienestar-dildos","7":"product_cat-juguetes-bienestar","8":"product_cat-juguetes-bienestar-dildospenes-dobles","9":"yith_product_brand-seven-creations","11":"first","12":"instock","13":"taxable","14":"shipping-taxable","15":"purchasable","16":"product-type-simple"},"aioseo_notices":[],"_links":{"self":[{"href":"https:\/\/www.mysexualfantasy.eu\/en\/wp-json\/wp\/v2\/product\/28774","targetHints":{"allow":["GET"]}}],"collection":[{"href":"https:\/\/www.mysexualfantasy.eu\/en\/wp-json\/wp\/v2\/product"}],"about":[{"href":"https:\/\/www.mysexualfantasy.eu\/en\/wp-json\/wp\/v2\/types\/product"}],"replies":[{"embeddable":true,"href":"https:\/\/www.mysexualfantasy.eu\/en\/wp-json\/wp\/v2\/comments?post=28774"}],"wp:featuredmedia":[{"embeddable":true,"href":"https:\/\/www.mysexualfantasy.eu\/en\/wp-json\/wp\/v2\/media\/63023"}],"wp:attachment":[{"href":"https:\/\/www.mysexualfantasy.eu\/en\/wp-json\/wp\/v2\/media?parent=28774"}],"wp:term":[{"taxonomy":"product_brand","embeddable":true,"href":"https:\/\/www.mysexualfantasy.eu\/en\/wp-json\/wp\/v2\/product_brand?post=28774"},{"taxonomy":"product_cat","embeddable":true,"href":"https:\/\/www.mysexualfantasy.eu\/en\/wp-json\/wp\/v2\/product_cat?post=28774"},{"taxonomy":"product_tag","embeddable":true,"href":"https:\/\/www.mysexualfantasy.eu\/en\/wp-json\/wp\/v2\/product_tag?post=28774"}],"curies":[{"name":"wp","href":"https:\/\/api.w.org\/{rel}","templated":true}]}}