{"id":28782,"date":"2023-01-13T12:55:38","date_gmt":"2023-01-13T12:55:38","guid":{"rendered":"https:\/\/www.mysexualfantasy.eu\/?post_type=product&#038;p=28782"},"modified":"2023-12-06T15:55:52","modified_gmt":"2023-12-06T15:55:52","slug":"the-perfect-bomba-de-ereccion-para-el-pene","status":"publish","type":"product","link":"https:\/\/www.mysexualfantasy.eu\/en\/product\/the-perfect-bomba-de-ereccion-para-el-pene\/","title":{"rendered":"THE PERFECT BOMBA DE ERECCION PARA EL PENE"},"content":{"rendered":"<p>Bomba de succi\u00f3n con la que conseguir\u00e1s r\u00e1pidas erecciones en tu pene.<\/p>\n<ul>\n<li>Tambi\u00e9n se puede utilizar como un completo desarrollador, capaz de fortalecer y desarrollar el pene.<\/li>\n<li>Dispone de una junta de silicona de primera calidad, para adaptar tu pene a la perfecci\u00f3n.<\/li>\n<li>Medidas: 19 cm x 5.5 cm.<\/li>\n<li>Contiene 3 anillos para el pene de distintos tama\u00f1os.<\/li>\n<\/ul>\n<p>Sevencreations naci\u00f3 en el a\u00f1o 2002 para satisfacer a millones de personas en el mundo, la marca establecida como una empresa solida fabrica casi 1 mill\u00f3n de juguetes al d\u00eda con un precio adaptado a p\u00fablicos de todos los poderes adquisitivos y personas que se inician en el mundo del juguete sexual.<\/p>","protected":false},"excerpt":{"rendered":"<p>SEVENCREATIONS THE PERFECT PUMP<\/p>","protected":false},"featured_media":54499,"comment_status":"open","ping_status":"closed","template":"","meta":{"_monsterinsights_skip_tracking":false,"_monsterinsights_sitenote_active":false,"_monsterinsights_sitenote_note":"","_monsterinsights_sitenote_category":0,"_joinchat":[]},"product_brand":[],"product_cat":[1161,1152,1160,1245],"product_tag":[],"class_list":{"0":"post-28782","1":"product","2":"type-product","3":"status-publish","4":"has-post-thumbnail","6":"product_cat-juguetes-bienestar-juguetes-para-hombresbomba-alargadora-pene","7":"product_cat-juguetes-bienestar","8":"product_cat-juguetes-bienestar-juguetes-para-hombres","9":"product_cat-juguetes-bienestar-sistemas-alargamiento-pene","10":"yith_product_brand-seven-creations","12":"first","13":"instock","14":"taxable","15":"shipping-taxable","16":"purchasable","17":"product-type-simple"},"aioseo_notices":[],"_links":{"self":[{"href":"https:\/\/www.mysexualfantasy.eu\/en\/wp-json\/wp\/v2\/product\/28782","targetHints":{"allow":["GET"]}}],"collection":[{"href":"https:\/\/www.mysexualfantasy.eu\/en\/wp-json\/wp\/v2\/product"}],"about":[{"href":"https:\/\/www.mysexualfantasy.eu\/en\/wp-json\/wp\/v2\/types\/product"}],"replies":[{"embeddable":true,"href":"https:\/\/www.mysexualfantasy.eu\/en\/wp-json\/wp\/v2\/comments?post=28782"}],"wp:featuredmedia":[{"embeddable":true,"href":"https:\/\/www.mysexualfantasy.eu\/en\/wp-json\/wp\/v2\/media\/54499"}],"wp:attachment":[{"href":"https:\/\/www.mysexualfantasy.eu\/en\/wp-json\/wp\/v2\/media?parent=28782"}],"wp:term":[{"taxonomy":"product_brand","embeddable":true,"href":"https:\/\/www.mysexualfantasy.eu\/en\/wp-json\/wp\/v2\/product_brand?post=28782"},{"taxonomy":"product_cat","embeddable":true,"href":"https:\/\/www.mysexualfantasy.eu\/en\/wp-json\/wp\/v2\/product_cat?post=28782"},{"taxonomy":"product_tag","embeddable":true,"href":"https:\/\/www.mysexualfantasy.eu\/en\/wp-json\/wp\/v2\/product_tag?post=28782"}],"curies":[{"name":"wp","href":"https:\/\/api.w.org\/{rel}","templated":true}]}}