{"id":28793,"date":"2023-01-13T12:04:55","date_gmt":"2023-01-13T12:04:55","guid":{"rendered":"https:\/\/www.mysexualfantasy.eu\/?post_type=product&#038;p=28793"},"modified":"2023-12-06T16:04:39","modified_gmt":"2023-12-06T16:04:39","slug":"sevencreations-silla-del-amor-ecstasy-lounge","status":"publish","type":"product","link":"https:\/\/www.mysexualfantasy.eu\/en\/product\/sevencreations-silla-del-amor-ecstasy-lounge\/","title":{"rendered":"SEVENCREATIONS SILLA DEL AMOR ECSTASY LOUNGE"},"content":{"rendered":"<p>Experimenta sensaciones fuertes con esta silla y su vibrador incorporado.<\/p>\n<p>Si\u00e9ntate c\u00f3modamente encima, de la silla hinchable mientras disfrutas del placer del vibrador dentro de ti.<\/p>\n<p>Su vibraci\u00f3n se extender\u00e1 por toda la base de la silla y potenciar\u00e1 tu placer. Color: rosa y con asas en los lados.<\/p>\n<ul>\n<li>Di\u00e1metro coj\u00edn: 46 cm aprox.<\/li>\n<li>Altura: 19 cm.<\/li>\n<li>Longitud vibradora: 15,5 cm.<\/li>\n<li>Di\u00e1metro: 4 cm.<\/li>\n<\/ul>\n<p>Con regulador de intensidad.Sevencreations naci\u00f3 en el a\u00f1o 2002 para satisfacer a millones de personas en el mundo, la marca establecida como una empresa solida fabrica casi 1 mill\u00f3n de juguetes al d\u00eda con un precio adaptado a p\u00fablicos de todos los poderes adquisitivos y personas que se inician en el mundo del juguete sexual.<\/p>","protected":false},"excerpt":{"rendered":"<p>SEVENCREATIONS VIBRATING ECSTASY LOUNGE<\/p>","protected":false},"featured_media":45562,"comment_status":"open","ping_status":"closed","template":"","meta":{"_monsterinsights_skip_tracking":false,"_monsterinsights_sitenote_active":false,"_monsterinsights_sitenote_note":"","_monsterinsights_sitenote_category":0,"_joinchat":[]},"product_brand":[],"product_cat":[1152,1155,1165,1153],"product_tag":[],"class_list":{"0":"post-28793","1":"product","2":"type-product","3":"status-publish","4":"has-post-thumbnail","6":"product_cat-juguetes-bienestar","7":"product_cat-juguetes-bienestar-juguetes-para-mujeres","8":"product_cat-juguetes-bienestar-juguetes-para-mujeresmasturbadores-para-ellas","9":"product_cat-juguetes-bienestar-vibradores","10":"yith_product_brand-seven-creations","12":"first","13":"instock","14":"taxable","15":"shipping-taxable","16":"purchasable","17":"product-type-simple"},"aioseo_notices":[],"_links":{"self":[{"href":"https:\/\/www.mysexualfantasy.eu\/en\/wp-json\/wp\/v2\/product\/28793","targetHints":{"allow":["GET"]}}],"collection":[{"href":"https:\/\/www.mysexualfantasy.eu\/en\/wp-json\/wp\/v2\/product"}],"about":[{"href":"https:\/\/www.mysexualfantasy.eu\/en\/wp-json\/wp\/v2\/types\/product"}],"replies":[{"embeddable":true,"href":"https:\/\/www.mysexualfantasy.eu\/en\/wp-json\/wp\/v2\/comments?post=28793"}],"wp:featuredmedia":[{"embeddable":true,"href":"https:\/\/www.mysexualfantasy.eu\/en\/wp-json\/wp\/v2\/media\/45562"}],"wp:attachment":[{"href":"https:\/\/www.mysexualfantasy.eu\/en\/wp-json\/wp\/v2\/media?parent=28793"}],"wp:term":[{"taxonomy":"product_brand","embeddable":true,"href":"https:\/\/www.mysexualfantasy.eu\/en\/wp-json\/wp\/v2\/product_brand?post=28793"},{"taxonomy":"product_cat","embeddable":true,"href":"https:\/\/www.mysexualfantasy.eu\/en\/wp-json\/wp\/v2\/product_cat?post=28793"},{"taxonomy":"product_tag","embeddable":true,"href":"https:\/\/www.mysexualfantasy.eu\/en\/wp-json\/wp\/v2\/product_tag?post=28793"}],"curies":[{"name":"wp","href":"https:\/\/api.w.org\/{rel}","templated":true}]}}