{"id":28794,"date":"2023-01-13T11:46:15","date_gmt":"2023-01-13T11:46:15","guid":{"rendered":"https:\/\/www.mysexualfantasy.eu\/?post_type=product&#038;p=28794"},"modified":"2023-12-06T16:04:40","modified_gmt":"2023-12-06T16:04:40","slug":"sevencreations-conejito-placer-dual-rosa","status":"publish","type":"product","link":"https:\/\/www.mysexualfantasy.eu\/en\/product\/sevencreations-conejito-placer-dual-rosa\/","title":{"rendered":"SEVENCREATIONS CONEJITO PLACER DUAL ROSA"},"content":{"rendered":"<p>Vibrador dual con estimulador vaginal y anal. Dispone de m\u00faltiples funciones de vibraci\u00f3n, pulsaci\u00f3n y escalado.<\/p>\n<ul>\n<li>Resistente al agua.<\/li>\n<li>Material: TPE<\/li>\n<li>Di\u00e1metro Exterior: 3 cm<\/li>\n<li>Longitud Total: 22 cm<\/li>\n<li>Longitud del Eje: 10.5 cm<\/li>\n<li>Tipo de Pila: 3 pilas AAA (no incluidas) Con regulador de intensidad<\/li>\n<\/ul>\n<p>Sevencreations naci\u00f3 en el a\u00f1o 2002 para satisfacer a millones de personas en el mundo, la marca establecida como una empresa solida fabrica casi 1 mill\u00f3n de juguetes al d\u00eda con un precio adaptado a p\u00fablicos de todos los poderes adquisitivos y personas que se inician en el mundo del juguete sexual.<\/p>","protected":false},"excerpt":{"rendered":"<p>SEVENCREATIONS RABBIT DUAL PLEASURE PINK<\/p>","protected":false},"featured_media":42705,"comment_status":"open","ping_status":"closed","template":"","meta":{"_monsterinsights_skip_tracking":false,"_monsterinsights_sitenote_active":false,"_monsterinsights_sitenote_note":"","_monsterinsights_sitenote_category":0,"_joinchat":[]},"product_brand":[],"product_cat":[1193,1152,1155,1165,1194,1153],"product_tag":[],"class_list":{"0":"post-28794","1":"product","2":"type-product","3":"status-publish","4":"has-post-thumbnail","6":"product_cat-juguetes-bienestar-vibradores100-sumergible","7":"product_cat-juguetes-bienestar","8":"product_cat-juguetes-bienestar-juguetes-para-mujeres","9":"product_cat-juguetes-bienestar-juguetes-para-mujeresmasturbadores-para-ellas","10":"product_cat-juguetes-bienestar-vibradoresrotadores-y-vibradores","11":"product_cat-juguetes-bienestar-vibradores","12":"yith_product_brand-seven-creations","14":"first","15":"instock","16":"taxable","17":"shipping-taxable","18":"purchasable","19":"product-type-simple"},"aioseo_notices":[],"_links":{"self":[{"href":"https:\/\/www.mysexualfantasy.eu\/en\/wp-json\/wp\/v2\/product\/28794","targetHints":{"allow":["GET"]}}],"collection":[{"href":"https:\/\/www.mysexualfantasy.eu\/en\/wp-json\/wp\/v2\/product"}],"about":[{"href":"https:\/\/www.mysexualfantasy.eu\/en\/wp-json\/wp\/v2\/types\/product"}],"replies":[{"embeddable":true,"href":"https:\/\/www.mysexualfantasy.eu\/en\/wp-json\/wp\/v2\/comments?post=28794"}],"wp:featuredmedia":[{"embeddable":true,"href":"https:\/\/www.mysexualfantasy.eu\/en\/wp-json\/wp\/v2\/media\/42705"}],"wp:attachment":[{"href":"https:\/\/www.mysexualfantasy.eu\/en\/wp-json\/wp\/v2\/media?parent=28794"}],"wp:term":[{"taxonomy":"product_brand","embeddable":true,"href":"https:\/\/www.mysexualfantasy.eu\/en\/wp-json\/wp\/v2\/product_brand?post=28794"},{"taxonomy":"product_cat","embeddable":true,"href":"https:\/\/www.mysexualfantasy.eu\/en\/wp-json\/wp\/v2\/product_cat?post=28794"},{"taxonomy":"product_tag","embeddable":true,"href":"https:\/\/www.mysexualfantasy.eu\/en\/wp-json\/wp\/v2\/product_tag?post=28794"}],"curies":[{"name":"wp","href":"https:\/\/api.w.org\/{rel}","templated":true}]}}