{"id":28796,"date":"2023-01-13T14:24:05","date_gmt":"2023-01-13T14:24:05","guid":{"rendered":"https:\/\/www.mysexualfantasy.eu\/?post_type=product&#038;p=28796"},"modified":"2023-12-06T15:54:22","modified_gmt":"2023-12-06T15:54:22","slug":"addicted-toys-anal-beads-29cm-negro","status":"publish","type":"product","link":"https:\/\/www.mysexualfantasy.eu\/en\/product\/addicted-toys-anal-beads-29cm-negro\/","title":{"rendered":"ADDICTED TOYS ANAL BEADS 29CM NEGRO"},"content":{"rendered":"<p>Est\u00e1s preparado para disfrutar del sexo anal? Ahora Addicted toys te lo pone f\u00e1cil con esta cadena de bolas anales para que puedas disfrutar c\u00f3mo nunca.<\/p>\n<p>Cuentan con 8 bolas que van aumentando de tama\u00f1o seg\u00fan se van adentrando en tu interior, de tacto suave y con anilla para facilitar su extracci\u00f3n y jugar de forma segura.<\/p>\n<p>En una de las cadenas las bolas son redondeadas, para una mejor inserci\u00f3n para principiantes.<\/p>\n<p>Caracter\u00edsticas:<\/p>\n<ul>\n<li>Cadena de bolas anales perfecta para principiantes<\/li>\n<li>Material: tpr suave y sedoso<\/li>\n<li>Ideal para principiantes y avanzados<\/li>\n<li>F\u00e1cil de limpiar<\/li>\n<li>Anillas de extracci\u00f3n f\u00e1cil<\/li>\n<li>Longitud total: 29 cm<\/li>\n<\/ul>\n<p>*Para conseguir una experiencia \u00f3ptima y poder disfrutar de manera placentera y sin sentir dolor, Addicted toys recomienda el uso de los lubricantes de la marca Black Hole<\/p>","protected":false},"excerpt":{"rendered":"<p>ADDICTED TOYS ANAL BEADS 29CM BLACK<\/p>","protected":false},"featured_media":67223,"comment_status":"open","ping_status":"closed","template":"","meta":{"_monsterinsights_skip_tracking":false,"_monsterinsights_sitenote_active":false,"_monsterinsights_sitenote_note":"","_monsterinsights_sitenote_category":0,"_joinchat":[]},"product_brand":[],"product_cat":[1162,1158,1159,1306,1152],"product_tag":[],"class_list":{"0":"post-28796","1":"product","2":"type-product","3":"status-publish","4":"has-post-thumbnail","6":"product_cat-juguetes-bienestar-anal","7":"product_cat-juguetes-bienestar-bolas","8":"product_cat-juguetes-bienestar-bolasbolas-anales","9":"product_cat-juguetes-bienestar-analdildos-anales","10":"product_cat-juguetes-bienestar","11":"yith_product_brand-addicted-toys","13":"first","14":"instock","15":"taxable","16":"shipping-taxable","17":"purchasable","18":"product-type-simple"},"aioseo_notices":[],"_links":{"self":[{"href":"https:\/\/www.mysexualfantasy.eu\/en\/wp-json\/wp\/v2\/product\/28796","targetHints":{"allow":["GET"]}}],"collection":[{"href":"https:\/\/www.mysexualfantasy.eu\/en\/wp-json\/wp\/v2\/product"}],"about":[{"href":"https:\/\/www.mysexualfantasy.eu\/en\/wp-json\/wp\/v2\/types\/product"}],"replies":[{"embeddable":true,"href":"https:\/\/www.mysexualfantasy.eu\/en\/wp-json\/wp\/v2\/comments?post=28796"}],"wp:featuredmedia":[{"embeddable":true,"href":"https:\/\/www.mysexualfantasy.eu\/en\/wp-json\/wp\/v2\/media\/67223"}],"wp:attachment":[{"href":"https:\/\/www.mysexualfantasy.eu\/en\/wp-json\/wp\/v2\/media?parent=28796"}],"wp:term":[{"taxonomy":"product_brand","embeddable":true,"href":"https:\/\/www.mysexualfantasy.eu\/en\/wp-json\/wp\/v2\/product_brand?post=28796"},{"taxonomy":"product_cat","embeddable":true,"href":"https:\/\/www.mysexualfantasy.eu\/en\/wp-json\/wp\/v2\/product_cat?post=28796"},{"taxonomy":"product_tag","embeddable":true,"href":"https:\/\/www.mysexualfantasy.eu\/en\/wp-json\/wp\/v2\/product_tag?post=28796"}],"curies":[{"name":"wp","href":"https:\/\/api.w.org\/{rel}","templated":true}]}}