{"id":28799,"date":"2023-01-13T11:44:32","date_gmt":"2023-01-13T11:44:32","guid":{"rendered":"https:\/\/www.mysexualfantasy.eu\/?post_type=product&#038;p=28799"},"modified":"2023-12-06T15:54:23","modified_gmt":"2023-12-06T15:54:23","slug":"addicted-toys-anal-plug-6-5cm","status":"publish","type":"product","link":"https:\/\/www.mysexualfantasy.eu\/en\/product\/addicted-toys-anal-plug-6-5cm\/","title":{"rendered":"ADDICTED TOYS ANAL PLUG 6.5CM"},"content":{"rendered":"<p>Addicted toys ofrece una gama de plugs anales \u00a0con una piel de silicona s\u00faper suave de alta calidad con doble densidad y un interior 100% de silicona, para una textura y tacto extremadamente real\u00edstico y una experiencia de placer incomparable.<\/p>\n<p>Addicted toys ofrece una gama de plugs anales \u00a0en tpr tacto suave. \u00a0\u00a0Tiene forma de cono para la f\u00e1cil inserci\u00f3n, el bulbo proporciona un extra-sensaci\u00f3n, y su cuello estrecho permite a tus m\u00fasculos envolverlo y sostenerlo. El dise\u00f1o ergon\u00f3mico en la base asegura la divisi\u00f3n de forma fija para que te sientas confortable.<\/p>\n<p>El Tpr libre de Phatalatos e hipoalerg\u00e9nica, se puede utilizar durante un periodo largo.<\/p>\n<p>Sus caracter\u00edsticas principales son;<\/p>\n<ul>\n<li>Flexible<\/li>\n<li>Medidas; 6.5\u00a0longitud total y 3.5 cm de di\u00e1metro total.<\/li>\n<li>Ergon\u00f3mico<\/li>\n<li>Resistente al agua<\/li>\n<li>Tpr seguro para el cuerpo<\/li>\n<\/ul>","protected":false},"excerpt":{"rendered":"<p>ADDICTED TOYS ANAL PLUG 6.5CM<\/p>","protected":false},"featured_media":42268,"comment_status":"open","ping_status":"closed","template":"","meta":{"_monsterinsights_skip_tracking":false,"_monsterinsights_sitenote_active":false,"_monsterinsights_sitenote_note":"","_monsterinsights_sitenote_category":0,"_joinchat":[]},"product_brand":[],"product_cat":[1162,1306,1152,1189],"product_tag":[],"class_list":{"0":"post-28799","1":"product","2":"type-product","3":"status-publish","4":"has-post-thumbnail","6":"product_cat-juguetes-bienestar-anal","7":"product_cat-juguetes-bienestar-analdildos-anales","8":"product_cat-juguetes-bienestar","9":"product_cat-juguetes-bienestar-analplugs-anales","10":"yith_product_brand-addicted-toys","12":"first","13":"instock","14":"taxable","15":"shipping-taxable","16":"purchasable","17":"product-type-simple"},"aioseo_notices":[],"_links":{"self":[{"href":"https:\/\/www.mysexualfantasy.eu\/en\/wp-json\/wp\/v2\/product\/28799","targetHints":{"allow":["GET"]}}],"collection":[{"href":"https:\/\/www.mysexualfantasy.eu\/en\/wp-json\/wp\/v2\/product"}],"about":[{"href":"https:\/\/www.mysexualfantasy.eu\/en\/wp-json\/wp\/v2\/types\/product"}],"replies":[{"embeddable":true,"href":"https:\/\/www.mysexualfantasy.eu\/en\/wp-json\/wp\/v2\/comments?post=28799"}],"wp:featuredmedia":[{"embeddable":true,"href":"https:\/\/www.mysexualfantasy.eu\/en\/wp-json\/wp\/v2\/media\/42268"}],"wp:attachment":[{"href":"https:\/\/www.mysexualfantasy.eu\/en\/wp-json\/wp\/v2\/media?parent=28799"}],"wp:term":[{"taxonomy":"product_brand","embeddable":true,"href":"https:\/\/www.mysexualfantasy.eu\/en\/wp-json\/wp\/v2\/product_brand?post=28799"},{"taxonomy":"product_cat","embeddable":true,"href":"https:\/\/www.mysexualfantasy.eu\/en\/wp-json\/wp\/v2\/product_cat?post=28799"},{"taxonomy":"product_tag","embeddable":true,"href":"https:\/\/www.mysexualfantasy.eu\/en\/wp-json\/wp\/v2\/product_tag?post=28799"}],"curies":[{"name":"wp","href":"https:\/\/api.w.org\/{rel}","templated":true}]}}