{"id":28806,"date":"2023-01-13T11:40:12","date_gmt":"2023-01-13T11:40:12","guid":{"rendered":"https:\/\/www.mysexualfantasy.eu\/?post_type=product&#038;p=28806"},"modified":"2023-12-06T15:38:26","modified_gmt":"2023-12-06T15:38:26","slug":"addicted-toys-extensor-para-el-pene-negro","status":"publish","type":"product","link":"https:\/\/www.mysexualfantasy.eu\/en\/product\/addicted-toys-extensor-para-el-pene-negro\/","title":{"rendered":"ADDICTED TOYS EXTENSOR PARA EL PENE NEGRO"},"content":{"rendered":"<p>Deseas un poco m\u00e1s de grosor de la forma m\u00e1s c\u00f3moda posible? \u00a1Entonces esto es exactamente lo que necesitas!<\/p>\n<p>La funda est\u00e1 dise\u00f1ada para alargar el pene 2,5 cm y a\u00f1adir 0,4 cm de circunferencia.<\/p>\n<p>Tiene un contorno que proporciona una estimulaci\u00f3n \u00f3ptima y gracias a la anilla para test\u00edculos se mantendr\u00e1 en su lugar. \u00a1Ni siquiera sus mejores movimientos podr\u00e1n hacer que se suelte! Se ha dise\u00f1ado a partir de suaves elast\u00f3meros termopl\u00e1sticos de la mejor calidad y est\u00e1 disponible en color negro, gris y transparente.<\/p>\n<ul>\n<li>Longitud Total: 20\u00a0cm<\/li>\n<li>Di\u00e1metro de la Funda: 4.5 cm<\/li>\n<\/ul>\n<p>Preparado para la accion?\u00a0<\/p>","protected":false},"excerpt":{"rendered":"<p>ADDICTED TOYS  DONG EXTENSION BLACK<\/p>","protected":false},"featured_media":40795,"comment_status":"open","ping_status":"closed","template":"","meta":{"_monsterinsights_skip_tracking":false,"_monsterinsights_sitenote_active":false,"_monsterinsights_sitenote_note":"","_monsterinsights_sitenote_category":0,"_joinchat":[]},"product_brand":[],"product_cat":[1170,1184,1152,1160],"product_tag":[],"class_list":{"0":"post-28806","1":"product","2":"type-product","3":"status-publish","4":"has-post-thumbnail","6":"product_cat-juguetes-bienestar-juguetes-para-hombresaccesorios-para-el-pene","7":"product_cat-juguetes-bienestar-juguetes-para-hombresaccesorios-para-el-peneextensiones-para-el-pene","8":"product_cat-juguetes-bienestar","9":"product_cat-juguetes-bienestar-juguetes-para-hombres","10":"yith_product_brand-addicted-toys","12":"first","13":"instock","14":"taxable","15":"shipping-taxable","16":"purchasable","17":"product-type-simple"},"aioseo_notices":[],"_links":{"self":[{"href":"https:\/\/www.mysexualfantasy.eu\/en\/wp-json\/wp\/v2\/product\/28806","targetHints":{"allow":["GET"]}}],"collection":[{"href":"https:\/\/www.mysexualfantasy.eu\/en\/wp-json\/wp\/v2\/product"}],"about":[{"href":"https:\/\/www.mysexualfantasy.eu\/en\/wp-json\/wp\/v2\/types\/product"}],"replies":[{"embeddable":true,"href":"https:\/\/www.mysexualfantasy.eu\/en\/wp-json\/wp\/v2\/comments?post=28806"}],"wp:featuredmedia":[{"embeddable":true,"href":"https:\/\/www.mysexualfantasy.eu\/en\/wp-json\/wp\/v2\/media\/40795"}],"wp:attachment":[{"href":"https:\/\/www.mysexualfantasy.eu\/en\/wp-json\/wp\/v2\/media?parent=28806"}],"wp:term":[{"taxonomy":"product_brand","embeddable":true,"href":"https:\/\/www.mysexualfantasy.eu\/en\/wp-json\/wp\/v2\/product_brand?post=28806"},{"taxonomy":"product_cat","embeddable":true,"href":"https:\/\/www.mysexualfantasy.eu\/en\/wp-json\/wp\/v2\/product_cat?post=28806"},{"taxonomy":"product_tag","embeddable":true,"href":"https:\/\/www.mysexualfantasy.eu\/en\/wp-json\/wp\/v2\/product_tag?post=28806"}],"curies":[{"name":"wp","href":"https:\/\/api.w.org\/{rel}","templated":true}]}}