{"id":28809,"date":"2023-01-13T11:36:48","date_gmt":"2023-01-13T11:36:48","guid":{"rendered":"https:\/\/www.mysexualfantasy.eu\/?post_type=product&#038;p=28809"},"modified":"2023-12-06T15:24:19","modified_gmt":"2023-12-06T15:24:19","slug":"addicted-toys-dildo-con-arnes-sin-sujeccion-negro","status":"publish","type":"product","link":"https:\/\/www.mysexualfantasy.eu\/en\/product\/addicted-toys-dildo-con-arnes-sin-sujeccion-negro\/","title":{"rendered":"ADDICTED TOYS DILDO CON ARN\u00c9S SIN SUJECCI\u00d3N NEGRO"},"content":{"rendered":"<p>Este sensacional consolador no requiere arn\u00e9s, por lo que nada se interpondr\u00e1 entre tu amante y t\u00fa, a excepci\u00f3n de vuestro propio placer intenso juntos.<\/p>\n<p>Completamente sin tirantes, se mantiene en su lugar con una sonda curvil\u00ednea, insertable y curvada, que ofrece una deliciosa estimulaci\u00f3n del punto G para el usuario. El extremo acanalado m\u00e1s largo se usa para penetrar a tu pareja masculina o femenina.<\/p>\n<p>Hecho de goma termopl\u00e1stica s\u00faper TPR y silicona\u00a0flexible con un acabado de tacto, este juguete sexual tiene una parte curva de estimulaci\u00f3n del punto G de 6.8 cm mientras que el extremo penetrante mide 18 cm.<\/p>\n<p>Caracter\u00edsticas:<\/p>\n<ul>\n<li>Dimensiones del producto: 26 cm total<\/li>\n<li>Longitud dildo peque\u00f1o:\u00a011.5 cm<\/li>\n<li>Diametro dildo peque\u00f1o: 2\u00a0cm<\/li>\n<li>Longitud dildo grande:\u00a0 18 cm<\/li>\n<li>Diametro dildo grande:\u00a0 3.5\u00a0cm<\/li>\n<li>Resistente al agua.<\/li>\n<li>Silicona y tpr<\/li>\n<li>Sin ftalatos.<\/li>\n<\/ul>\n<p>*Para conseguir una experiencia \u00f3ptima y poder disfrutar de manera placentera y sin sentir dolor, Addicted toys recomienda el uso de los lubricantes de la marca Black Hole<\/p>","protected":false},"excerpt":{"rendered":"<p>ADDICTED TOYS STRAPLESS STRAPON BLACK<\/p>","protected":false},"featured_media":36429,"comment_status":"open","ping_status":"closed","template":"","meta":{"_monsterinsights_skip_tracking":false,"_monsterinsights_sitenote_active":false,"_monsterinsights_sitenote_note":"","_monsterinsights_sitenote_category":0,"_joinchat":[]},"product_brand":[],"product_cat":[1173,1280,1282,1174,1152],"product_tag":[],"class_list":{"0":"post-28809","1":"product","2":"type-product","3":"status-publish","4":"has-post-thumbnail","6":"product_cat-juguetes-bienestar-arneses","7":"product_cat-juguetes-bienestar-arnesesarneses-dobles","8":"product_cat-juguetes-bienestar-arnesesarneses-sin-correas","9":"product_cat-juguetes-bienestar-arnesesarneses-sin-vibracion","10":"product_cat-juguetes-bienestar","11":"yith_product_brand-addicted-toys","13":"first","14":"instock","15":"taxable","16":"shipping-taxable","17":"purchasable","18":"product-type-simple"},"aioseo_notices":[],"_links":{"self":[{"href":"https:\/\/www.mysexualfantasy.eu\/en\/wp-json\/wp\/v2\/product\/28809","targetHints":{"allow":["GET"]}}],"collection":[{"href":"https:\/\/www.mysexualfantasy.eu\/en\/wp-json\/wp\/v2\/product"}],"about":[{"href":"https:\/\/www.mysexualfantasy.eu\/en\/wp-json\/wp\/v2\/types\/product"}],"replies":[{"embeddable":true,"href":"https:\/\/www.mysexualfantasy.eu\/en\/wp-json\/wp\/v2\/comments?post=28809"}],"wp:featuredmedia":[{"embeddable":true,"href":"https:\/\/www.mysexualfantasy.eu\/en\/wp-json\/wp\/v2\/media\/36429"}],"wp:attachment":[{"href":"https:\/\/www.mysexualfantasy.eu\/en\/wp-json\/wp\/v2\/media?parent=28809"}],"wp:term":[{"taxonomy":"product_brand","embeddable":true,"href":"https:\/\/www.mysexualfantasy.eu\/en\/wp-json\/wp\/v2\/product_brand?post=28809"},{"taxonomy":"product_cat","embeddable":true,"href":"https:\/\/www.mysexualfantasy.eu\/en\/wp-json\/wp\/v2\/product_cat?post=28809"},{"taxonomy":"product_tag","embeddable":true,"href":"https:\/\/www.mysexualfantasy.eu\/en\/wp-json\/wp\/v2\/product_tag?post=28809"}],"curies":[{"name":"wp","href":"https:\/\/api.w.org\/{rel}","templated":true}]}}