{"id":28812,"date":"2023-01-13T11:35:42","date_gmt":"2023-01-13T11:35:42","guid":{"rendered":"https:\/\/www.mysexualfantasy.eu\/?post_type=product&#038;p=28812"},"modified":"2023-12-06T15:38:30","modified_gmt":"2023-12-06T15:38:30","slug":"addicted-toys-set-3-anillos-pene-negro","status":"publish","type":"product","link":"https:\/\/www.mysexualfantasy.eu\/en\/product\/addicted-toys-set-3-anillos-pene-negro\/","title":{"rendered":"ADDICTED TOYS  SET 3 ANILLOS PENE NEGRO"},"content":{"rendered":"<p>Le gustar\u00eda experimentar un placer intenso? \u00a1Entonces, tiene que tratar de explorar la posibilidad de usar los anillos de placer para el pene! \u00a1Proporcionar\u00e1 a su pene la solidez de fuerza que tanto desea y evitar\u00e1 la eyaculaci\u00f3n precoz! Le encantar\u00e1 la forma de este anillo para el pene, su dise\u00f1o evita que deslicen hacia arriba o hacia abajo, y gracias a su material se adapta a la temperatura del cuerpo muy r\u00e1pidamente.<\/p>\n<p>Con este set de 3 anillas conseguir\u00e1s el efecto deseado de inmediato.<\/p>\n<p>Medidas:<\/p>\n<ul>\n<li>Anillo grande: Di\u00e1metro Exterior: 35mm<\/li>\n<li>Anillo mediano: Di\u00e1metro Exterior: 33mm<\/li>\n<li>Anillo peque\u00f1o: Di\u00e1metro Exterior: 31 mm<\/li>\n<\/ul>","protected":false},"excerpt":{"rendered":"<p>ADDICTED TOYS  C-RING SET BLACK<\/p>","protected":false},"featured_media":31780,"comment_status":"open","ping_status":"closed","template":"","meta":{"_monsterinsights_skip_tracking":false,"_monsterinsights_sitenote_active":false,"_monsterinsights_sitenote_note":"","_monsterinsights_sitenote_category":0,"_joinchat":[]},"product_brand":[],"product_cat":[1170,1171,1297,1152,1160],"product_tag":[],"class_list":{"0":"post-28812","1":"product","2":"type-product","3":"status-publish","4":"has-post-thumbnail","6":"product_cat-juguetes-bienestar-juguetes-para-hombresaccesorios-para-el-pene","7":"product_cat-juguetes-bienestar-juguetes-para-hombresaccesorios-para-el-peneanillos-pene","8":"product_cat-juguetes-bienestar-juguetes-para-hombresaccesorios-para-el-peneanillos-peneanillos-sin-vibracion","9":"product_cat-juguetes-bienestar","10":"product_cat-juguetes-bienestar-juguetes-para-hombres","11":"yith_product_brand-addicted-toys","13":"first","14":"instock","15":"taxable","16":"shipping-taxable","17":"purchasable","18":"product-type-simple"},"aioseo_notices":[],"_links":{"self":[{"href":"https:\/\/www.mysexualfantasy.eu\/en\/wp-json\/wp\/v2\/product\/28812","targetHints":{"allow":["GET"]}}],"collection":[{"href":"https:\/\/www.mysexualfantasy.eu\/en\/wp-json\/wp\/v2\/product"}],"about":[{"href":"https:\/\/www.mysexualfantasy.eu\/en\/wp-json\/wp\/v2\/types\/product"}],"replies":[{"embeddable":true,"href":"https:\/\/www.mysexualfantasy.eu\/en\/wp-json\/wp\/v2\/comments?post=28812"}],"wp:featuredmedia":[{"embeddable":true,"href":"https:\/\/www.mysexualfantasy.eu\/en\/wp-json\/wp\/v2\/media\/31780"}],"wp:attachment":[{"href":"https:\/\/www.mysexualfantasy.eu\/en\/wp-json\/wp\/v2\/media?parent=28812"}],"wp:term":[{"taxonomy":"product_brand","embeddable":true,"href":"https:\/\/www.mysexualfantasy.eu\/en\/wp-json\/wp\/v2\/product_brand?post=28812"},{"taxonomy":"product_cat","embeddable":true,"href":"https:\/\/www.mysexualfantasy.eu\/en\/wp-json\/wp\/v2\/product_cat?post=28812"},{"taxonomy":"product_tag","embeddable":true,"href":"https:\/\/www.mysexualfantasy.eu\/en\/wp-json\/wp\/v2\/product_tag?post=28812"}],"curies":[{"name":"wp","href":"https:\/\/api.w.org\/{rel}","templated":true}]}}