{"id":28815,"date":"2023-01-13T11:35:44","date_gmt":"2023-01-13T11:35:44","guid":{"rendered":"https:\/\/www.mysexualfantasy.eu\/?post_type=product&#038;p=28815"},"modified":"2023-12-06T15:38:33","modified_gmt":"2023-12-06T15:38:33","slug":"addicted-toys-potenz-set-anillos-pene-clear","status":"publish","type":"product","link":"https:\/\/www.mysexualfantasy.eu\/en\/product\/addicted-toys-potenz-set-anillos-pene-clear\/","title":{"rendered":"ADDICTED TOYS POTENZ SET ANILLOS PENE CLEAR"},"content":{"rendered":"<p>Le gustar\u00eda experimentar un placer intenso? \u00a1Entonces, tiene que tratar de explorar la posibilidad de usar los anillos de addicted toys para el pene! \u00a1Proporcionar\u00e1 a su pene la fuerza solida que tanto desea y evitar\u00e1 la eyaculaci\u00f3n precoz! Le encantar\u00e1 la forma de este anillo para el pene, su dise\u00f1o evita que deslicen hacia arriba o hacia abajo, y gracias a su material de silicona se adapta a la temperatura del cuerpo muy r\u00e1pidamente.<\/p>\n<p>Este set de dos anillas est\u00e1 especialmente dise\u00f1ado para utilizarlo simult\u00e1neamente en la base del pene y en la base de los test\u00edculos.<\/p>\n<p>Medidas:<\/p>\n<ul>\n<li>Anillo grande: Di\u00e1metro Interior: 42mm<\/li>\n<li>Anillo peque\u00f1o: Di\u00e1metro Interior: 20mm<\/li>\n<\/ul>","protected":false},"excerpt":{"rendered":"<p>ADDICTED TOYS POTENZ- C-RING PENIS CLEAR<\/p>","protected":false},"featured_media":31792,"comment_status":"open","ping_status":"closed","template":"","meta":{"_monsterinsights_skip_tracking":false,"_monsterinsights_sitenote_active":false,"_monsterinsights_sitenote_note":"","_monsterinsights_sitenote_category":0,"_joinchat":[]},"product_brand":[],"product_cat":[1170,1171,1297,1152,1160],"product_tag":[],"class_list":{"0":"post-28815","1":"product","2":"type-product","3":"status-publish","4":"has-post-thumbnail","6":"product_cat-juguetes-bienestar-juguetes-para-hombresaccesorios-para-el-pene","7":"product_cat-juguetes-bienestar-juguetes-para-hombresaccesorios-para-el-peneanillos-pene","8":"product_cat-juguetes-bienestar-juguetes-para-hombresaccesorios-para-el-peneanillos-peneanillos-sin-vibracion","9":"product_cat-juguetes-bienestar","10":"product_cat-juguetes-bienestar-juguetes-para-hombres","11":"yith_product_brand-addicted-toys","13":"first","14":"instock","15":"taxable","16":"shipping-taxable","17":"purchasable","18":"product-type-simple"},"aioseo_notices":[],"_links":{"self":[{"href":"https:\/\/www.mysexualfantasy.eu\/en\/wp-json\/wp\/v2\/product\/28815","targetHints":{"allow":["GET"]}}],"collection":[{"href":"https:\/\/www.mysexualfantasy.eu\/en\/wp-json\/wp\/v2\/product"}],"about":[{"href":"https:\/\/www.mysexualfantasy.eu\/en\/wp-json\/wp\/v2\/types\/product"}],"replies":[{"embeddable":true,"href":"https:\/\/www.mysexualfantasy.eu\/en\/wp-json\/wp\/v2\/comments?post=28815"}],"wp:featuredmedia":[{"embeddable":true,"href":"https:\/\/www.mysexualfantasy.eu\/en\/wp-json\/wp\/v2\/media\/31792"}],"wp:attachment":[{"href":"https:\/\/www.mysexualfantasy.eu\/en\/wp-json\/wp\/v2\/media?parent=28815"}],"wp:term":[{"taxonomy":"product_brand","embeddable":true,"href":"https:\/\/www.mysexualfantasy.eu\/en\/wp-json\/wp\/v2\/product_brand?post=28815"},{"taxonomy":"product_cat","embeddable":true,"href":"https:\/\/www.mysexualfantasy.eu\/en\/wp-json\/wp\/v2\/product_cat?post=28815"},{"taxonomy":"product_tag","embeddable":true,"href":"https:\/\/www.mysexualfantasy.eu\/en\/wp-json\/wp\/v2\/product_tag?post=28815"}],"curies":[{"name":"wp","href":"https:\/\/api.w.org\/{rel}","templated":true}]}}