{"id":28819,"date":"2023-01-13T11:41:49","date_gmt":"2023-01-13T11:41:49","guid":{"rendered":"https:\/\/www.mysexualfantasy.eu\/?post_type=product&#038;p=28819"},"modified":"2023-12-06T15:55:03","modified_gmt":"2023-12-06T15:55:03","slug":"addicted-toys-squeeze-pera-limpieza-anal-negro","status":"publish","type":"product","link":"https:\/\/www.mysexualfantasy.eu\/en\/product\/addicted-toys-squeeze-pera-limpieza-anal-negro\/","title":{"rendered":"ADDICTED TOYS SQUEEZE PERA LIMPIEZA ANAL NEGRO"},"content":{"rendered":"<p>Limpiar nunca ha sido tan divertido. Este sistema dise\u00f1ado para ser agradable y pr\u00e1ctico a la vez, este enema de tpr hipoalerg\u00e9nico, es c\u00f3modo, f\u00e1cil de usar y seguro para principiantes. Est\u00e1 libre de ptalatos, libre de l\u00e1tex y no es poroso, \u00a1por lo que lo hace el material de art\u00edculos sexuales m\u00e1s seguro del mercado!<\/p>\n<p>La punta c\u00f3nica y delgada cuenta con cuatro orificios de pulverizaci\u00f3n para distribuir uniformemente el l\u00edquido y se separa de la pera para facilitar la limpieza. Es perfecto para \u00e9l o para ella. \u00a1Rell\u00e9nala con el l\u00edquido que sea seguro con el cuerpo que m\u00e1s te guste y disfrutar de la diversi\u00f3n de una forma limpia!<\/p>\n<p>Antes y despu\u00e9s de la diversi\u00f3n, la limpieza es muy f\u00e1cil tanto para ella como para \u00e9l con un poco de agua tibia y el waterfeel toy cleaner .<\/p>","protected":false},"excerpt":{"rendered":"<p>ADICCTED TOYS SQUEEZE CLEAN BLACK<\/p>","protected":false},"featured_media":41323,"comment_status":"open","ping_status":"closed","template":"","meta":{"_monsterinsights_skip_tracking":false,"_monsterinsights_sitenote_active":false,"_monsterinsights_sitenote_note":"","_monsterinsights_sitenote_category":0,"_joinchat":[]},"product_brand":[],"product_cat":[1162,1258,1203,1307,1152,1259],"product_tag":[],"class_list":{"0":"post-28819","1":"product","2":"type-product","3":"status-publish","4":"has-post-thumbnail","6":"product_cat-juguetes-bienestar-anal","7":"product_cat-drogueria-desinfeccion-y-mantenimiento","8":"product_cat-drogueria","9":"product_cat-juguetes-bienestar-analducha-anal","10":"product_cat-juguetes-bienestar","11":"product_cat-drogueria-desinfeccion-y-mantenimiento-limpieza-intima","12":"yith_product_brand-addicted-toys","14":"first","15":"instock","16":"taxable","17":"shipping-taxable","18":"purchasable","19":"product-type-simple"},"aioseo_notices":[],"_links":{"self":[{"href":"https:\/\/www.mysexualfantasy.eu\/en\/wp-json\/wp\/v2\/product\/28819","targetHints":{"allow":["GET"]}}],"collection":[{"href":"https:\/\/www.mysexualfantasy.eu\/en\/wp-json\/wp\/v2\/product"}],"about":[{"href":"https:\/\/www.mysexualfantasy.eu\/en\/wp-json\/wp\/v2\/types\/product"}],"replies":[{"embeddable":true,"href":"https:\/\/www.mysexualfantasy.eu\/en\/wp-json\/wp\/v2\/comments?post=28819"}],"wp:featuredmedia":[{"embeddable":true,"href":"https:\/\/www.mysexualfantasy.eu\/en\/wp-json\/wp\/v2\/media\/41323"}],"wp:attachment":[{"href":"https:\/\/www.mysexualfantasy.eu\/en\/wp-json\/wp\/v2\/media?parent=28819"}],"wp:term":[{"taxonomy":"product_brand","embeddable":true,"href":"https:\/\/www.mysexualfantasy.eu\/en\/wp-json\/wp\/v2\/product_brand?post=28819"},{"taxonomy":"product_cat","embeddable":true,"href":"https:\/\/www.mysexualfantasy.eu\/en\/wp-json\/wp\/v2\/product_cat?post=28819"},{"taxonomy":"product_tag","embeddable":true,"href":"https:\/\/www.mysexualfantasy.eu\/en\/wp-json\/wp\/v2\/product_tag?post=28819"}],"curies":[{"name":"wp","href":"https:\/\/api.w.org\/{rel}","templated":true}]}}