{"id":28867,"date":"2023-01-13T11:41:28","date_gmt":"2023-01-13T11:41:28","guid":{"rendered":"https:\/\/www.mysexualfantasy.eu\/?post_type=product&#038;p=28867"},"modified":"2023-12-06T14:52:08","modified_gmt":"2023-12-06T14:52:08","slug":"amazing-pleasure-kit-de-juguetes","status":"publish","type":"product","link":"https:\/\/www.mysexualfantasy.eu\/en\/product\/amazing-pleasure-kit-de-juguetes\/","title":{"rendered":"AMAZING PLEASURE KIT DE JUGUETES"},"content":{"rendered":"<p>Complet\u00edsimo kit de alta tecnolog\u00eda, con gran variedad de elecci\u00f3n, gracias a sus diferentes juguetes, con los que podr\u00e1s probar un sinf\u00edn de nuevas y placenteras experiencias.<\/p>\n<p>Este fabuloso kit incluye:<\/p>\n<ul>\n<li>&#8211; Esposas<\/li>\n<li>&#8211; Funda para el pene.<\/li>\n<li>&#8211; Huevo vibrador.<\/li>\n<li>&#8211; Pinzas para los pezones.<\/li>\n<li>&#8211; Vibrador (Requiere 3AAA no incluidas).<\/li>\n<li>&#8211; Plug anal.<\/li>\n<li>&#8211; Set de bolas chinas.<\/li>\n<li>&#8211; Anillo vibrador para el pene.<\/li>\n<li>&#8211; Antifaz.<\/li>\n<li>&#8211; L\u00e1tigo.<\/li>\n<\/ul>\n<p>Este kit es perfecto para reglar en una ocasi\u00f3n especial.<\/p>","protected":false},"excerpt":{"rendered":"<p>AMAZING PLEASURE SEX TOY KIT<\/p>","protected":false},"featured_media":41213,"comment_status":"open","ping_status":"closed","template":"","meta":{"_monsterinsights_skip_tracking":false,"_monsterinsights_sitenote_active":false,"_monsterinsights_sitenote_note":"","_monsterinsights_sitenote_category":0,"_joinchat":[]},"product_brand":[],"product_cat":[1152,1185],"product_tag":[],"class_list":{"0":"post-28867","1":"product","2":"type-product","3":"status-publish","4":"has-post-thumbnail","6":"product_cat-juguetes-bienestar","7":"product_cat-juguetes-bienestar-kits-juguetes-sexuales","8":"yith_product_brand-toyjoy","10":"first","11":"instock","12":"taxable","13":"shipping-taxable","14":"purchasable","15":"product-type-simple"},"aioseo_notices":[],"_links":{"self":[{"href":"https:\/\/www.mysexualfantasy.eu\/en\/wp-json\/wp\/v2\/product\/28867","targetHints":{"allow":["GET"]}}],"collection":[{"href":"https:\/\/www.mysexualfantasy.eu\/en\/wp-json\/wp\/v2\/product"}],"about":[{"href":"https:\/\/www.mysexualfantasy.eu\/en\/wp-json\/wp\/v2\/types\/product"}],"replies":[{"embeddable":true,"href":"https:\/\/www.mysexualfantasy.eu\/en\/wp-json\/wp\/v2\/comments?post=28867"}],"wp:featuredmedia":[{"embeddable":true,"href":"https:\/\/www.mysexualfantasy.eu\/en\/wp-json\/wp\/v2\/media\/41213"}],"wp:attachment":[{"href":"https:\/\/www.mysexualfantasy.eu\/en\/wp-json\/wp\/v2\/media?parent=28867"}],"wp:term":[{"taxonomy":"product_brand","embeddable":true,"href":"https:\/\/www.mysexualfantasy.eu\/en\/wp-json\/wp\/v2\/product_brand?post=28867"},{"taxonomy":"product_cat","embeddable":true,"href":"https:\/\/www.mysexualfantasy.eu\/en\/wp-json\/wp\/v2\/product_cat?post=28867"},{"taxonomy":"product_tag","embeddable":true,"href":"https:\/\/www.mysexualfantasy.eu\/en\/wp-json\/wp\/v2\/product_tag?post=28867"}],"curies":[{"name":"wp","href":"https:\/\/api.w.org\/{rel}","templated":true}]}}