{"id":2892,"date":"2023-01-13T11:50:12","date_gmt":"2023-01-13T11:50:12","guid":{"rendered":"https:\/\/www.mysexualfantasy.eu\/?post_type=product&#038;p=2892"},"modified":"2023-12-06T14:56:54","modified_gmt":"2023-12-06T14:56:54","slug":"lelo-elise-2-vibrador-negro","status":"publish","type":"product","link":"https:\/\/www.mysexualfantasy.eu\/en\/product\/lelo-elise-2-vibrador-negro\/","title":{"rendered":"LELO ELISE 2 VIBRADOR NEGRO"},"content":{"rendered":"<p>El vibrador Lelo Elise negro presenta un dise\u00f1o muy armonioso y un acabado muy exclusivo, en la l\u00ednea de todos los productos Lelo. El fabricante de vibradores escandinavo, puede presumir de poseer un perfil de marca \u00fanico, y un reconocimiento mundialmente ganado con la sofisticaci\u00f3n y el glamur que imprime en cada una de sus creaciones, inspiradas en la industria de la moda y la belleza.<\/p>\n<ul>\n<li>Sus m\u00faltiples funciones y avanzadas caracter\u00edsticas, propias de un vibrador de lujo, le confieren infinitas posibilidades de uso, dispone de todas las particularidades necesarias para proporcionar una experiencia sumamente placentera.<\/li>\n<\/ul>\n<p>Hecho con silicona de grado m\u00e9dico, un material especialmente indicado para la fabricaci\u00f3n de juguetes er\u00f3ticos por su m\u00e1xima compatibilidad. Es m\u00e1s higi\u00e9nico por su superficie nada porosa, con lo que su limpieza y mantenimiento es m\u00e1s sencillo, m\u00e1xima durabilidad y con un tacto agradable, suave como la seda.<\/p>\n<p>Lelo Elise es un vibrador muy estilizado, de formas delicadamente redondeadas, con un cuerpo anat\u00f3mico, ligeramente curvado, pensado para estimular todas las zonas er\u00f3genas. Es c\u00f3modo de sostener, ofreciendo un buen agarre y un acceso simple a los botones de control que nos permitir\u00e1n ajustar todas sus opciones.<\/p>\n<p>Dos dispositivos vibradores independientes ubicados en la base y en la punta del Lelo Elise, se encargan de generar toda su potencia con el m\u00ednimo ruido, pudiendo combinarse o alternarse seg\u00fan nos convenga. Tambi\u00e9n podemos ajustar la velocidad de vibraci\u00f3n a nuestro antojo y disponemos de 5 patrones preprogramados que te har\u00e1n disfrutar intensamente de una experiencia de placer irrepetible.<\/p>\n<p>No necesita pilas, funciona con una bater\u00eda e incorpora su propio cargador. Tiene una autonom\u00eda de 4 horas de uso continuado e indicador de carga.<\/p>\n<p>Dimensiones: 22 cm. de largo x 4,5 cm. de di\u00e1metro.<\/p>\n<p>Se presenta como una autentica joya, con una lujosa caja de regalo en la que tambi\u00e9n encontrar\u00e1s el cargador, instrucciones, garant\u00eda y bolsita para guardar o transportar el vibrador.<\/p>","protected":false},"excerpt":{"rendered":"<p>LELO ELISE 2 VIBRADOR NEGRO<\/p>","protected":false},"featured_media":43870,"comment_status":"open","ping_status":"closed","template":"","meta":{"_monsterinsights_skip_tracking":false,"_monsterinsights_sitenote_active":false,"_monsterinsights_sitenote_note":"","_monsterinsights_sitenote_category":0,"_joinchat":[]},"product_brand":[],"product_cat":[1193,1152,1153,1192],"product_tag":[],"class_list":{"0":"post-2892","1":"product","2":"type-product","3":"status-publish","4":"has-post-thumbnail","6":"product_cat-juguetes-bienestar-vibradores100-sumergible","7":"product_cat-juguetes-bienestar","8":"product_cat-juguetes-bienestar-vibradores","9":"product_cat-juguetes-bienestar-vibradoresvibradores-hi-tech","10":"yith_product_brand-lelo","12":"first","13":"instock","14":"taxable","15":"shipping-taxable","16":"purchasable","17":"product-type-simple"},"aioseo_notices":[],"_links":{"self":[{"href":"https:\/\/www.mysexualfantasy.eu\/en\/wp-json\/wp\/v2\/product\/2892","targetHints":{"allow":["GET"]}}],"collection":[{"href":"https:\/\/www.mysexualfantasy.eu\/en\/wp-json\/wp\/v2\/product"}],"about":[{"href":"https:\/\/www.mysexualfantasy.eu\/en\/wp-json\/wp\/v2\/types\/product"}],"replies":[{"embeddable":true,"href":"https:\/\/www.mysexualfantasy.eu\/en\/wp-json\/wp\/v2\/comments?post=2892"}],"wp:featuredmedia":[{"embeddable":true,"href":"https:\/\/www.mysexualfantasy.eu\/en\/wp-json\/wp\/v2\/media\/43870"}],"wp:attachment":[{"href":"https:\/\/www.mysexualfantasy.eu\/en\/wp-json\/wp\/v2\/media?parent=2892"}],"wp:term":[{"taxonomy":"product_brand","embeddable":true,"href":"https:\/\/www.mysexualfantasy.eu\/en\/wp-json\/wp\/v2\/product_brand?post=2892"},{"taxonomy":"product_cat","embeddable":true,"href":"https:\/\/www.mysexualfantasy.eu\/en\/wp-json\/wp\/v2\/product_cat?post=2892"},{"taxonomy":"product_tag","embeddable":true,"href":"https:\/\/www.mysexualfantasy.eu\/en\/wp-json\/wp\/v2\/product_tag?post=2892"}],"curies":[{"name":"wp","href":"https:\/\/api.w.org\/{rel}","templated":true}]}}