{"id":28944,"date":"2023-01-13T12:17:00","date_gmt":"2023-01-13T12:17:00","guid":{"rendered":"https:\/\/www.mysexualfantasy.eu\/?post_type=product&#038;p=28944"},"modified":"2023-12-06T17:25:46","modified_gmt":"2023-12-06T17:25:46","slug":"obsessive-hetea-tanga-s-m","status":"publish","type":"product","link":"https:\/\/www.mysexualfantasy.eu\/en\/product\/obsessive-hetea-tanga-s-m\/","title":{"rendered":"OBSESSIVE &#8211; HETEA TANGA S\/M"},"content":{"rendered":"<p>Extraordinariamente sexy es este tanga de la colecci\u00f3n Hetea, de un estilo cl\u00e1sico y con increible guipur que conviertena este tanga en algo realmente \u00fanico. Su profundo color te seducir\u00e1 en tan solo unos segundos.\u00a0<\/p>\n<p>Caracter\u00edsticas:\u00a0<\/p>\n<p>\u00a0<\/p>\n<ul>\n<li>Tanga colecci\u00f3n guipur<\/li>\n<li>Dise\u00f1o cl\u00e1sico y elegante\u00a0<\/li>\n<li>Suaves bordados\u00a0<\/li>\n<li>Intenso color rojo<\/li>\n<li>Tela ajustada delicada y el\u00e1stica<\/li>\n<li>Composici\u00f3n: 90% poliamida \/10% el\u00e1stano.\u00a0<\/li>\n<li>Talla. S\/M<\/li>\n<\/ul>\n<p>Obsessive significa inspiraci\u00f3n en la mujer!\u00a0 Elegancia, sensualidad, amor a la costura&#8230;.significa mucho para la mujer, pocos son los adjetivos que pueden calificar a Obsessive, donde una labor de a\u00f1os han conseguido unir relacion Calidad \/ Precio,<\/p>\n<p>L\u00edderes mundial<\/p>\n<p style=\"text-align: center;\"><img decoding=\"async\" src=\"https:\/\/store.dreamlove.es\/UserFiles\/images\/SIZES.png\" \/><\/p>","protected":false},"excerpt":{"rendered":"<p>OBSESSIVE &#8211; HETEA THONG S\/M<\/p>","protected":false},"featured_media":48312,"comment_status":"open","ping_status":"closed","template":"","meta":{"_monsterinsights_skip_tracking":false,"_monsterinsights_sitenote_active":false,"_monsterinsights_sitenote_note":"","_monsterinsights_sitenote_category":0,"_joinchat":[]},"product_brand":[],"product_cat":[1325,1196,1199,1166,148,1326],"product_tag":[],"class_list":{"0":"post-28944","1":"product","2":"type-product","3":"status-publish","4":"has-post-thumbnail","6":"product_cat-moda-lencerialenceria-mujerlenceria-sexybragas-sexys","7":"product_cat-moda-lencerialenceria-mujer","8":"product_cat-moda-lencerialenceria-mujerlenceria-sexy","9":"product_cat-moda-lenceria","10":"product_cat-ofertas","11":"product_cat-moda-lencerialenceria-mujerlenceria-sexybragas-sexystangas-mujer","12":"yith_product_brand-obsessive-obsessive-last-chance","13":"yith_product_brand-obsessive","15":"first","16":"outofstock","17":"taxable","18":"shipping-taxable","19":"product-type-variable"},"aioseo_notices":[],"_links":{"self":[{"href":"https:\/\/www.mysexualfantasy.eu\/en\/wp-json\/wp\/v2\/product\/28944","targetHints":{"allow":["GET"]}}],"collection":[{"href":"https:\/\/www.mysexualfantasy.eu\/en\/wp-json\/wp\/v2\/product"}],"about":[{"href":"https:\/\/www.mysexualfantasy.eu\/en\/wp-json\/wp\/v2\/types\/product"}],"replies":[{"embeddable":true,"href":"https:\/\/www.mysexualfantasy.eu\/en\/wp-json\/wp\/v2\/comments?post=28944"}],"wp:featuredmedia":[{"embeddable":true,"href":"https:\/\/www.mysexualfantasy.eu\/en\/wp-json\/wp\/v2\/media\/48312"}],"wp:attachment":[{"href":"https:\/\/www.mysexualfantasy.eu\/en\/wp-json\/wp\/v2\/media?parent=28944"}],"wp:term":[{"taxonomy":"product_brand","embeddable":true,"href":"https:\/\/www.mysexualfantasy.eu\/en\/wp-json\/wp\/v2\/product_brand?post=28944"},{"taxonomy":"product_cat","embeddable":true,"href":"https:\/\/www.mysexualfantasy.eu\/en\/wp-json\/wp\/v2\/product_cat?post=28944"},{"taxonomy":"product_tag","embeddable":true,"href":"https:\/\/www.mysexualfantasy.eu\/en\/wp-json\/wp\/v2\/product_tag?post=28944"}],"curies":[{"name":"wp","href":"https:\/\/api.w.org\/{rel}","templated":true}]}}