{"id":28946,"date":"2023-01-13T12:20:18","date_gmt":"2023-01-13T12:20:18","guid":{"rendered":"https:\/\/www.mysexualfantasy.eu\/?post_type=product&#038;p=28946"},"modified":"2023-12-06T17:25:46","modified_gmt":"2023-12-06T17:25:46","slug":"obsessive-megies-teddy-s-m","status":"publish","type":"product","link":"https:\/\/www.mysexualfantasy.eu\/en\/product\/obsessive-megies-teddy-s-m\/","title":{"rendered":"OBSESSIVE &#8211; MEGIES TEDDY L\/XL"},"content":{"rendered":"<p>Fascinante teddy colecci\u00f3n Megies con su dise\u00f1o \u00fanico en el sujetador, con tirantas de dise\u00f1o geom\u00e9trico por debajo del sujetador, espalda descubierta y profundo color negro. Sientes que est\u00e1s lista para pon\u00e9rtelo?\u00a0<\/p>\n<p>Caracter\u00edsticas:\u00a0<\/p>\n<ul>\n<li>Teddy colecci\u00f3n Megies,\u00a0<\/li>\n<li>Patrones geom\u00e9tricos<\/li>\n<li>Suave y de encajes<\/li>\n<li>Las tirantas decorativas conectan el sujetador con la parte inferior\u00a0<\/li>\n<li>Las tirantas son ajustables para un ajuste perfecto y m\u00f1aximo confort\u00a0<\/li>\n<li>Cierre ajustable\u00a0<\/li>\n<li>Telas muy agradables al tacto y el\u00e1sticas\u00a0<\/li>\n<li>Composici\u00f3n: 90% poliamida \/10% el\u00e1stano.\u00a0<\/li>\n<li>Talla. S\/M<\/li>\n<\/ul>\n<p>Obsessive significa inspiraci\u00f3n en la mujer!\u00a0 Elegancia, sensualidad, amor a la costura&#8230;.significa mucho para la mujer, pocos son los adjetivos que pueden calificar a Obsessive, donde una labor de a\u00f1os han conseguido unir relacion Calidad \/ Precio,<\/p>\n<p>L\u00edderes mundial<\/p>\n<p style=\"text-align: center;\"><img decoding=\"async\" src=\"https:\/\/store.dreamlove.es\/UserFiles\/images\/SIZES.png\" \/><\/p>\n<p>\u00a0<\/p>\n<p>\u00a0<\/p>","protected":false},"excerpt":{"rendered":"<p>OBSESSIVE &#8211; MEGIES TEDDY S\/M<\/p>","protected":false},"featured_media":49328,"comment_status":"open","ping_status":"closed","template":"","meta":{"_monsterinsights_skip_tracking":false,"_monsterinsights_sitenote_active":false,"_monsterinsights_sitenote_note":"","_monsterinsights_sitenote_category":0,"_joinchat":[]},"product_brand":[],"product_cat":[1287,1196,1199,1166,148],"product_tag":[],"class_list":{"0":"post-28946","1":"product","2":"type-product","3":"status-publish","4":"has-post-thumbnail","6":"product_cat-moda-lencerialenceria-mujerlenceria-sexybodys","7":"product_cat-moda-lencerialenceria-mujer","8":"product_cat-moda-lencerialenceria-mujerlenceria-sexy","9":"product_cat-moda-lenceria","10":"product_cat-ofertas","11":"yith_product_brand-obsessive-obsessive-last-chance","12":"yith_product_brand-obsessive","14":"first","15":"instock","16":"taxable","17":"shipping-taxable","18":"purchasable","19":"product-type-variable"},"aioseo_notices":[],"_links":{"self":[{"href":"https:\/\/www.mysexualfantasy.eu\/en\/wp-json\/wp\/v2\/product\/28946","targetHints":{"allow":["GET"]}}],"collection":[{"href":"https:\/\/www.mysexualfantasy.eu\/en\/wp-json\/wp\/v2\/product"}],"about":[{"href":"https:\/\/www.mysexualfantasy.eu\/en\/wp-json\/wp\/v2\/types\/product"}],"replies":[{"embeddable":true,"href":"https:\/\/www.mysexualfantasy.eu\/en\/wp-json\/wp\/v2\/comments?post=28946"}],"wp:featuredmedia":[{"embeddable":true,"href":"https:\/\/www.mysexualfantasy.eu\/en\/wp-json\/wp\/v2\/media\/49328"}],"wp:attachment":[{"href":"https:\/\/www.mysexualfantasy.eu\/en\/wp-json\/wp\/v2\/media?parent=28946"}],"wp:term":[{"taxonomy":"product_brand","embeddable":true,"href":"https:\/\/www.mysexualfantasy.eu\/en\/wp-json\/wp\/v2\/product_brand?post=28946"},{"taxonomy":"product_cat","embeddable":true,"href":"https:\/\/www.mysexualfantasy.eu\/en\/wp-json\/wp\/v2\/product_cat?post=28946"},{"taxonomy":"product_tag","embeddable":true,"href":"https:\/\/www.mysexualfantasy.eu\/en\/wp-json\/wp\/v2\/product_tag?post=28946"}],"curies":[{"name":"wp","href":"https:\/\/api.w.org\/{rel}","templated":true}]}}