{"id":28967,"date":"2023-01-13T14:49:48","date_gmt":"2023-01-13T14:49:48","guid":{"rendered":"https:\/\/www.mysexualfantasy.eu\/?post_type=product&#038;p=28967"},"modified":"2023-12-06T15:20:42","modified_gmt":"2023-12-06T15:20:42","slug":"secreplay-sex-coupons-vales-de-canje-sensuales-es-en","status":"publish","type":"product","link":"https:\/\/www.mysexualfantasy.eu\/en\/product\/secreplay-sex-coupons-vales-de-canje-sensuales-es-en\/","title":{"rendered":"SECRETPLAY &#8211; VALES DE CANJE SENSUALES (ES\/EN)"},"content":{"rendered":"<p>Estos 50 cheques te har\u00e1n pasar buenos ratos, excit\u00e1ndote e inspir\u00e1ndote con la diversidad de opciones que contienen para sorprender a tu pareja o amigos.<\/p>\n<ul>\n<li>50 p\u00e1ginas<\/li>\n<li>180 x 100 mm<\/li>\n<\/ul>","protected":false},"excerpt":{"rendered":"<p>SECRETPLAY &#8211; SEX COUPONS (ES\/EN)<\/p>","protected":false},"featured_media":71730,"comment_status":"open","ping_status":"closed","template":"","meta":{"_monsterinsights_skip_tracking":false,"_monsterinsights_sitenote_active":false,"_monsterinsights_sitenote_note":"","_monsterinsights_sitenote_category":0,"_joinchat":[]},"product_brand":[],"product_cat":[616,1232,1233,1267,1236],"product_tag":[],"class_list":{"0":"post-28967","1":"product","2":"type-product","3":"status-publish","4":"has-post-thumbnail","6":"product_cat-juegos","7":"product_cat-juegos-juegos-de-pareja","8":"product_cat-juegos-juegos-de-sociedad","9":"product_cat-juegos-juegos-en-espanol","10":"product_cat-juegos-juegos-en-ingles","11":"yith_product_brand-secretplay","12":"yith_product_brand-secretplaysecretplay-100-games","14":"first","15":"instock","16":"taxable","17":"shipping-taxable","18":"purchasable","19":"product-type-simple"},"aioseo_notices":[],"_links":{"self":[{"href":"https:\/\/www.mysexualfantasy.eu\/en\/wp-json\/wp\/v2\/product\/28967","targetHints":{"allow":["GET"]}}],"collection":[{"href":"https:\/\/www.mysexualfantasy.eu\/en\/wp-json\/wp\/v2\/product"}],"about":[{"href":"https:\/\/www.mysexualfantasy.eu\/en\/wp-json\/wp\/v2\/types\/product"}],"replies":[{"embeddable":true,"href":"https:\/\/www.mysexualfantasy.eu\/en\/wp-json\/wp\/v2\/comments?post=28967"}],"wp:featuredmedia":[{"embeddable":true,"href":"https:\/\/www.mysexualfantasy.eu\/en\/wp-json\/wp\/v2\/media\/71730"}],"wp:attachment":[{"href":"https:\/\/www.mysexualfantasy.eu\/en\/wp-json\/wp\/v2\/media?parent=28967"}],"wp:term":[{"taxonomy":"product_brand","embeddable":true,"href":"https:\/\/www.mysexualfantasy.eu\/en\/wp-json\/wp\/v2\/product_brand?post=28967"},{"taxonomy":"product_cat","embeddable":true,"href":"https:\/\/www.mysexualfantasy.eu\/en\/wp-json\/wp\/v2\/product_cat?post=28967"},{"taxonomy":"product_tag","embeddable":true,"href":"https:\/\/www.mysexualfantasy.eu\/en\/wp-json\/wp\/v2\/product_tag?post=28967"}],"curies":[{"name":"wp","href":"https:\/\/api.w.org\/{rel}","templated":true}]}}