{"id":28971,"date":"2023-01-13T14:49:49","date_gmt":"2023-01-13T14:49:49","guid":{"rendered":"https:\/\/www.mysexualfantasy.eu\/?post_type=product&#038;p=28971"},"modified":"2023-12-06T15:20:43","modified_gmt":"2023-12-06T15:20:43","slug":"secretplay-reto-30-dias-de-relaciones-es-en","status":"publish","type":"product","link":"https:\/\/www.mysexualfantasy.eu\/en\/product\/secretplay-reto-30-dias-de-relaciones-es-en\/","title":{"rendered":"SECRETPLAY &#8211; RETO 30 DIAS DE RELACIONES (ES\/EN)"},"content":{"rendered":"<p>Aguantar\u00edas 29 d\u00edas haciendo juegos sexuales?<\/p>\n<p>Ponte a prueba con este juego en el que redescubrir\u00e1s el mundo del sexo m\u00e1s all\u00e1 de la penetraci\u00f3n. Con estos retos alcanzar\u00e1s el m\u00e1ximo nivel de excitaci\u00f3n, ya que el juego va de menor a mayor intensidad, siendo las primeras pruebas m\u00e1s suaves y llegando al premio final del reto 30.<\/p>\n<ul>\n<li>30 tarjetas<\/li>\n<li>110 x 110 mm<\/li>\n<li>Idiomas: Espa\u00f1ol e ingl\u00e9s<\/li>\n<\/ul>\n<p>\u00a0<\/p>\n<p>\u00a0<\/p>\n<p><iframe allow=\"autoplay; fullscreen; picture-in-picture\" allowfullscreen=\"\" frameborder=\"0\" height=\"400\" scrolling=\"no\" src=\"https:\/\/player.vimeo.com\/video\/887658772?autoplay=1\" width=\"600\"><\/iframe><\/p>","protected":false},"excerpt":{"rendered":"<p>SECRETPLAY &#8211; 30 DAY FOREPLAY CHALLENGE (ES\/EN)<\/p>","protected":false},"featured_media":71733,"comment_status":"open","ping_status":"closed","template":"","meta":{"_monsterinsights_skip_tracking":false,"_monsterinsights_sitenote_active":false,"_monsterinsights_sitenote_note":"","_monsterinsights_sitenote_category":0,"_joinchat":[]},"product_brand":[],"product_cat":[616,1232,1267,1236],"product_tag":[],"class_list":{"0":"post-28971","1":"product","2":"type-product","3":"status-publish","4":"has-post-thumbnail","6":"product_cat-juegos","7":"product_cat-juegos-juegos-de-pareja","8":"product_cat-juegos-juegos-en-espanol","9":"product_cat-juegos-juegos-en-ingles","10":"yith_product_brand-secretplay","11":"yith_product_brand-secretplaysecretplay-100-games","13":"first","14":"instock","15":"taxable","16":"shipping-taxable","17":"purchasable","18":"product-type-simple"},"aioseo_notices":[],"_links":{"self":[{"href":"https:\/\/www.mysexualfantasy.eu\/en\/wp-json\/wp\/v2\/product\/28971","targetHints":{"allow":["GET"]}}],"collection":[{"href":"https:\/\/www.mysexualfantasy.eu\/en\/wp-json\/wp\/v2\/product"}],"about":[{"href":"https:\/\/www.mysexualfantasy.eu\/en\/wp-json\/wp\/v2\/types\/product"}],"replies":[{"embeddable":true,"href":"https:\/\/www.mysexualfantasy.eu\/en\/wp-json\/wp\/v2\/comments?post=28971"}],"wp:featuredmedia":[{"embeddable":true,"href":"https:\/\/www.mysexualfantasy.eu\/en\/wp-json\/wp\/v2\/media\/71733"}],"wp:attachment":[{"href":"https:\/\/www.mysexualfantasy.eu\/en\/wp-json\/wp\/v2\/media?parent=28971"}],"wp:term":[{"taxonomy":"product_brand","embeddable":true,"href":"https:\/\/www.mysexualfantasy.eu\/en\/wp-json\/wp\/v2\/product_brand?post=28971"},{"taxonomy":"product_cat","embeddable":true,"href":"https:\/\/www.mysexualfantasy.eu\/en\/wp-json\/wp\/v2\/product_cat?post=28971"},{"taxonomy":"product_tag","embeddable":true,"href":"https:\/\/www.mysexualfantasy.eu\/en\/wp-json\/wp\/v2\/product_tag?post=28971"}],"curies":[{"name":"wp","href":"https:\/\/api.w.org\/{rel}","templated":true}]}}