{"id":28973,"date":"2023-01-13T14:49:50","date_gmt":"2023-01-13T14:49:50","guid":{"rendered":"https:\/\/www.mysexualfantasy.eu\/?post_type=product&#038;p=28973"},"modified":"2023-12-06T15:20:44","modified_gmt":"2023-12-06T15:20:44","slug":"secretplay-reto-30-dias-de-bondage-es-en","status":"publish","type":"product","link":"https:\/\/www.mysexualfantasy.eu\/en\/product\/secretplay-reto-30-dias-de-bondage-es-en\/","title":{"rendered":"SECRETPLAY &#8211; RETO 30 DIAS DE BONDAGE (ES\/EN)"},"content":{"rendered":"<p>Divi\u00e9rtete con estos atrevidos retos con los que podr\u00e1s experimentar y descubrir nuevas experiencias adentr\u00e1ndote en el mundo del bondage.<\/p>\n<p>En estas cartas la intensidad de las pruebas va incrementando conforme van pasando los d\u00edas, comenzando el d\u00eda 1 con pruebas m\u00e1s suaves hasta llegar al m\u00e1ximo de excitaci\u00f3n el \u00faltimo d\u00eda.<\/p>\n<p>Es importante antes del comienzo del challenge tener en cuenta unas normas b\u00e1sicas:<\/p>\n<ul>\n<li>Es importante que antes de jugar se hablen las condiciones de cada jugador, estableciendo cada uno sus l\u00edmites.<\/li>\n<li>Los jugadores deben elegir una palabra de seguridad, que dir\u00e1n cuando quieran parar alguna de las acciones que se realizan en cada uno de los 30 d\u00edas.<\/li>\n<li>Se recomienda que ambos participantes mantengan gran confianza entre ellos.<\/li>\n<li>Debe haber un rol amo y otro sumiso que podr\u00e1n ir altern\u00e1ndose durante los 30 d\u00edas.<\/li>\n<li>Nunca hay que atar nada alrededor del cuello.<\/li>\n<li>No se debe atar fuerte.<\/li>\n<li>Debe jugarse con unas tijeras de punta redonda al alcance por si el sumiso se siente agobiado<\/li>\n<li>Las pruebas ir\u00e1n aumentando de intensidad a medida que vayan avanzando los d\u00edas.<\/li>\n<li>30 tarjetas<\/li>\n<li>110 x 110 mm\u00a0<\/li>\n<li>Idioma: Espa\u00f1ol e ingl\u00e9s\u00a0<\/li>\n<\/ul>\n<p>\u00a0<\/p>\n<p>\u00a0<\/p>\n<p><iframe allow=\"autoplay; fullscreen; picture-in-picture\" allowfullscreen=\"\" frameborder=\"0\" height=\"400\" scrolling=\"no\" src=\"https:\/\/player.vimeo.com\/video\/887658772?autoplay=1\" width=\"600\"><\/iframe><\/p>","protected":false},"excerpt":{"rendered":"<p>SECRETPLAY &#8211; 30 DAY BONDAGE CHALLENGE (ES\/EN)<\/p>","protected":false},"featured_media":71735,"comment_status":"open","ping_status":"closed","template":"","meta":{"_monsterinsights_skip_tracking":false,"_monsterinsights_sitenote_active":false,"_monsterinsights_sitenote_note":"","_monsterinsights_sitenote_category":0,"_joinchat":[]},"product_brand":[],"product_cat":[1175,616,1232,1267,1236,1266,1152],"product_tag":[],"class_list":{"0":"post-28973","1":"product","2":"type-product","3":"status-publish","4":"has-post-thumbnail","6":"product_cat-bdsm-bondage","7":"product_cat-juegos","8":"product_cat-juegos-juegos-de-pareja","9":"product_cat-juegos-juegos-en-espanol","10":"product_cat-juegos-juegos-en-ingles","11":"product_cat-juegos-juegos-preliminares","12":"product_cat-juguetes-bienestar","13":"yith_product_brand-secretplay","14":"yith_product_brand-secretplaysecretplay-100-games","16":"first","17":"instock","18":"taxable","19":"shipping-taxable","20":"purchasable","21":"product-type-simple"},"aioseo_notices":[],"_links":{"self":[{"href":"https:\/\/www.mysexualfantasy.eu\/en\/wp-json\/wp\/v2\/product\/28973","targetHints":{"allow":["GET"]}}],"collection":[{"href":"https:\/\/www.mysexualfantasy.eu\/en\/wp-json\/wp\/v2\/product"}],"about":[{"href":"https:\/\/www.mysexualfantasy.eu\/en\/wp-json\/wp\/v2\/types\/product"}],"replies":[{"embeddable":true,"href":"https:\/\/www.mysexualfantasy.eu\/en\/wp-json\/wp\/v2\/comments?post=28973"}],"wp:featuredmedia":[{"embeddable":true,"href":"https:\/\/www.mysexualfantasy.eu\/en\/wp-json\/wp\/v2\/media\/71735"}],"wp:attachment":[{"href":"https:\/\/www.mysexualfantasy.eu\/en\/wp-json\/wp\/v2\/media?parent=28973"}],"wp:term":[{"taxonomy":"product_brand","embeddable":true,"href":"https:\/\/www.mysexualfantasy.eu\/en\/wp-json\/wp\/v2\/product_brand?post=28973"},{"taxonomy":"product_cat","embeddable":true,"href":"https:\/\/www.mysexualfantasy.eu\/en\/wp-json\/wp\/v2\/product_cat?post=28973"},{"taxonomy":"product_tag","embeddable":true,"href":"https:\/\/www.mysexualfantasy.eu\/en\/wp-json\/wp\/v2\/product_tag?post=28973"}],"curies":[{"name":"wp","href":"https:\/\/api.w.org\/{rel}","templated":true}]}}